{"id":7695,"date":"2025-01-14T09:48:56","date_gmt":"2025-01-14T08:48:56","guid":{"rendered":"https:\/\/dev.einaugenblick.com\/?post_type=product&#038;p=7695"},"modified":"2025-01-14T09:49:02","modified_gmt":"2025-01-14T08:49:02","slug":"auch-kleine-schritte-verdienen-es","status":"publish","type":"product","link":"https:\/\/dev.einaugenblick.com\/index.php\/produkt\/auch-kleine-schritte-verdienen-es\/","title":{"rendered":"Auch kleine Schritte verdienen es\u2026<"},"content":{"rendered":"<p><strong>Format:<\/strong><br \/>\n10 x 15 cm mit Doppel-Magnet zur Befestigung auf praktisch jedem Untergrund<\/p>\n<p><strong>Beschreibung:<\/strong><br \/>\nAffirmationen sind kleine positive Botschaften, die durch Pr\u00e4senz und Wiederholung alte, negative und meist uns selbst abwertende Denkstrukturen in unserem Gehirn nach und nach \u00fcberschreiben und durch diese neue Botschaft ersetzen. In Kombination mit einem Bild f\u00e4llt es unserem Verstand leichter, sie aufzunehmen und abzuspeichern. Gedruckt auf leichter Hartschaumplatte auf der R\u00fcckseite mit einem Doppel-Magneten versehen, eignen sie sich zur Befestigung auf praktisch jedem Untergrund. <\/p>\n","protected":false},"excerpt":{"rendered":"<p>Affirmationen sind kleine positive Botschaften, die durch Pr\u00e4senz und Wiederholung alte, negative und meist uns selbst abwertende Denkstrukturen in unserem Gehirn nach und nach \u00fcberschreiben und durch diese neue Botschaft ersetzen. In Kombination mit einem Bild f\u00e4llt es unserem Verstand leichter, sie aufzunehmen und abzuspeichern. Gedruckt auf leichter Hartschaumplatte auf der R\u00fcckseite mit einem Doppel-Magneten versehen, eignen sie sich zur Befestigung auf praktisch jedem Untergrund.<\/p>\n","protected":false},"featured_media":7725,"comment_status":"closed","ping_status":"closed","template":"","meta":[],"product_brand":[],"product_cat":[55],"product_tag":[],"class_list":{"0":"post-7695","1":"product","2":"type-product","3":"status-publish","4":"has-post-thumbnail","6":"product_cat-affirmationen","7":"product_shipping_class-briefsendung","9":"first","10":"instock","11":"shipping-taxable","12":"purchasable","13":"product-type-simple"},"_links":{"self":[{"href":"https:\/\/dev.einaugenblick.com\/index.php\/wp-json\/wp\/v2\/product\/7695","targetHints":{"allow":["GET"]}}],"collection":[{"href":"https:\/\/dev.einaugenblick.com\/index.php\/wp-json\/wp\/v2\/product"}],"about":[{"href":"https:\/\/dev.einaugenblick.com\/index.php\/wp-json\/wp\/v2\/types\/product"}],"replies":[{"embeddable":true,"href":"https:\/\/dev.einaugenblick.com\/index.php\/wp-json\/wp\/v2\/comments?post=7695"}],"version-history":[{"count":1,"href":"https:\/\/dev.einaugenblick.com\/index.php\/wp-json\/wp\/v2\/product\/7695\/revisions"}],"predecessor-version":[{"id":7726,"href":"https:\/\/dev.einaugenblick.com\/index.php\/wp-json\/wp\/v2\/product\/7695\/revisions\/7726"}],"wp:featuredmedia":[{"embeddable":true,"href":"https:\/\/dev.einaugenblick.com\/index.php\/wp-json\/wp\/v2\/media\/7725"}],"wp:attachment":[{"href":"https:\/\/dev.einaugenblick.com\/index.php\/wp-json\/wp\/v2\/media?parent=7695"}],"wp:term":[{"taxonomy":"product_brand","embeddable":true,"href":"https:\/\/dev.einaugenblick.com\/index.php\/wp-json\/wp\/v2\/product_brand?post=7695"},{"taxonomy":"product_cat","embeddable":true,"href":"https:\/\/dev.einaugenblick.com\/index.php\/wp-json\/wp\/v2\/product_cat?post=7695"},{"taxonomy":"product_tag","embeddable":true,"href":"https:\/\/dev.einaugenblick.com\/index.php\/wp-json\/wp\/v2\/product_tag?post=7695"}],"curies":[{"name":"wp","href":"https:\/\/api.w.org\/{rel}","templated":true}]}}