{"id":7701,"date":"2025-01-14T09:48:57","date_gmt":"2025-01-14T08:48:57","guid":{"rendered":"https:\/\/dev.einaugenblick.com\/?post_type=product&#038;p=7701"},"modified":"2025-01-14T09:49:11","modified_gmt":"2025-01-14T08:49:11","slug":"vollmond-meditation","status":"publish","type":"product","link":"https:\/\/dev.einaugenblick.com\/index.php\/produkt\/vollmond-meditation\/","title":{"rendered":"Vollmond-Meditation"},"content":{"rendered":"<p><strong>CD<\/strong> \u2013 Auch als personalisierte CD oder MP3-Download erh\u00e4ltlich.<\/p>\n<p><strong>Beschreibung:<br \/>\n<\/strong>Seit jeher werden dem Mond \u2013 besonders dem Vollmond \u2013 in allen Kulturen der Erde magische und heilende Kr\u00e4fte zugesprochen. Diese Kr\u00e4fte wollen wir in dieser Meditation nutzen. Du kannst Dich auf dieser Reise von Themen, Angewohnheiten oder Problemen l\u00f6sen, die Dich immer wieder daran hindern, Dich selbst liebevoll anzunehmen und Dir Dein Leben und Deinen Alltag schwer machen. <\/p>\n","protected":false},"excerpt":{"rendered":"<p><strong>CD<\/strong> \u2013 Auch als personalisierte CD oder MP3-Download erh\u00e4ltlich.<\/p>\n<p><strong>Beschreibung:<br \/>\n<\/strong>Seit jeher werden dem Mond \u2013 besonders dem Vollmond \u2013 in allen Kulturen der Erde magische und heilende Kr\u00e4fte zugesprochen. Diese Kr\u00e4fte wollen wir in dieser Meditation nutzen. Du kannst Dich auf dieser Reise von Themen, Angewohnheiten oder Problemen l\u00f6sen, die Dich immer wieder daran hindern, Dich selbst liebevoll anzunehmen und Dir Dein Leben und Deinen Alltag schwer machen.<\/p>\n","protected":false},"featured_media":7749,"comment_status":"closed","ping_status":"closed","template":"","meta":[],"product_brand":[],"product_cat":[60],"product_tag":[],"class_list":{"0":"post-7701","1":"product","2":"type-product","3":"status-publish","4":"has-post-thumbnail","6":"product_cat-cds","7":"product_shipping_class-briefsendung","9":"first","10":"instock","11":"shipping-taxable","12":"purchasable","13":"product-type-simple"},"_links":{"self":[{"href":"https:\/\/dev.einaugenblick.com\/index.php\/wp-json\/wp\/v2\/product\/7701","targetHints":{"allow":["GET"]}}],"collection":[{"href":"https:\/\/dev.einaugenblick.com\/index.php\/wp-json\/wp\/v2\/product"}],"about":[{"href":"https:\/\/dev.einaugenblick.com\/index.php\/wp-json\/wp\/v2\/types\/product"}],"replies":[{"embeddable":true,"href":"https:\/\/dev.einaugenblick.com\/index.php\/wp-json\/wp\/v2\/comments?post=7701"}],"version-history":[{"count":1,"href":"https:\/\/dev.einaugenblick.com\/index.php\/wp-json\/wp\/v2\/product\/7701\/revisions"}],"predecessor-version":[{"id":7750,"href":"https:\/\/dev.einaugenblick.com\/index.php\/wp-json\/wp\/v2\/product\/7701\/revisions\/7750"}],"wp:featuredmedia":[{"embeddable":true,"href":"https:\/\/dev.einaugenblick.com\/index.php\/wp-json\/wp\/v2\/media\/7749"}],"wp:attachment":[{"href":"https:\/\/dev.einaugenblick.com\/index.php\/wp-json\/wp\/v2\/media?parent=7701"}],"wp:term":[{"taxonomy":"product_brand","embeddable":true,"href":"https:\/\/dev.einaugenblick.com\/index.php\/wp-json\/wp\/v2\/product_brand?post=7701"},{"taxonomy":"product_cat","embeddable":true,"href":"https:\/\/dev.einaugenblick.com\/index.php\/wp-json\/wp\/v2\/product_cat?post=7701"},{"taxonomy":"product_tag","embeddable":true,"href":"https:\/\/dev.einaugenblick.com\/index.php\/wp-json\/wp\/v2\/product_tag?post=7701"}],"curies":[{"name":"wp","href":"https:\/\/api.w.org\/{rel}","templated":true}]}}