{"id":7715,"date":"2025-01-14T09:48:59","date_gmt":"2025-01-14T08:48:59","guid":{"rendered":"https:\/\/dev.einaugenblick.com\/?post_type=product&#038;p=7715"},"modified":"2025-01-14T09:49:21","modified_gmt":"2025-01-14T08:49:21","slug":"meditation-alles-an-seinem-platz-personalisiert","status":"publish","type":"product","link":"https:\/\/dev.einaugenblick.com\/index.php\/produkt\/meditation-alles-an-seinem-platz-personalisiert\/","title":{"rendered":"Meditation &#8211; Alles an seinem Platz (personalisiert)"},"content":{"rendered":"<p><strong>Personalisierte CD<\/strong> \u2013 Auch als CD oder MP3-Download erh\u00e4ltlich.<\/p>\n<p><strong>Beschreibung:<br \/>\n<\/strong>Diese Meditation ist eine spielerische und sanfte Reise zur R\u00fcckholung und Neuintegration von verloren gegangenen Seelenanteilen. Wenn es Situationen in Deinem Leben gibt, die sich immer wiederholen und Du trotz gr\u00f6\u00dfter Anstrengung keine Ver\u00e4nderung in bestimmten Mustern herbeif\u00fchren kannst, dann kann es sich dabei um einen abgespalteten Seelenanteil handeln. <\/p>\n","protected":false},"excerpt":{"rendered":"<p><strong>Personalisierte CD<\/strong> \u2013 Auch als CD oder MP3-Download erh\u00e4ltlich.<\/p>\n<p><strong>Beschreibung:<br \/>\n<\/strong>Diese Meditation ist eine spielerische und sanfte Reise zur R\u00fcckholung und Neuintegration von verloren gegangenen Seelenanteilen. Wenn es Situationen in Deinem Leben gibt, die sich immer wiederholen und Du trotz gr\u00f6\u00dfter Anstrengung keine Ver\u00e4nderung in bestimmten Mustern herbeif\u00fchren kannst, dann kann es sich dabei um einen abgespalteten Seelenanteil handeln.<\/p>\n","protected":false},"featured_media":7778,"comment_status":"closed","ping_status":"closed","template":"","meta":[],"product_brand":[],"product_cat":[62],"product_tag":[],"class_list":{"0":"post-7715","1":"product","2":"type-product","3":"status-publish","4":"has-post-thumbnail","6":"product_cat-cds-personalisiert","7":"product_shipping_class-briefsendung","9":"first","10":"instock","11":"shipping-taxable","12":"purchasable","13":"product-type-simple"},"_links":{"self":[{"href":"https:\/\/dev.einaugenblick.com\/index.php\/wp-json\/wp\/v2\/product\/7715","targetHints":{"allow":["GET"]}}],"collection":[{"href":"https:\/\/dev.einaugenblick.com\/index.php\/wp-json\/wp\/v2\/product"}],"about":[{"href":"https:\/\/dev.einaugenblick.com\/index.php\/wp-json\/wp\/v2\/types\/product"}],"replies":[{"embeddable":true,"href":"https:\/\/dev.einaugenblick.com\/index.php\/wp-json\/wp\/v2\/comments?post=7715"}],"version-history":[{"count":1,"href":"https:\/\/dev.einaugenblick.com\/index.php\/wp-json\/wp\/v2\/product\/7715\/revisions"}],"predecessor-version":[{"id":7779,"href":"https:\/\/dev.einaugenblick.com\/index.php\/wp-json\/wp\/v2\/product\/7715\/revisions\/7779"}],"wp:featuredmedia":[{"embeddable":true,"href":"https:\/\/dev.einaugenblick.com\/index.php\/wp-json\/wp\/v2\/media\/7778"}],"wp:attachment":[{"href":"https:\/\/dev.einaugenblick.com\/index.php\/wp-json\/wp\/v2\/media?parent=7715"}],"wp:term":[{"taxonomy":"product_brand","embeddable":true,"href":"https:\/\/dev.einaugenblick.com\/index.php\/wp-json\/wp\/v2\/product_brand?post=7715"},{"taxonomy":"product_cat","embeddable":true,"href":"https:\/\/dev.einaugenblick.com\/index.php\/wp-json\/wp\/v2\/product_cat?post=7715"},{"taxonomy":"product_tag","embeddable":true,"href":"https:\/\/dev.einaugenblick.com\/index.php\/wp-json\/wp\/v2\/product_tag?post=7715"}],"curies":[{"name":"wp","href":"https:\/\/api.w.org\/{rel}","templated":true}]}}