{"id":7717,"date":"2025-01-14T09:48:59","date_gmt":"2025-01-14T08:48:59","guid":{"rendered":"https:\/\/dev.einaugenblick.com\/?post_type=product&#038;p=7717"},"modified":"2025-01-14T09:49:32","modified_gmt":"2025-01-14T08:49:32","slug":"feng-shuifotografie-trifft-energie-in-harmonie","status":"publish","type":"product","link":"https:\/\/dev.einaugenblick.com\/index.php\/produkt\/feng-shuifotografie-trifft-energie-in-harmonie\/","title":{"rendered":"Feng-Shui<br \/><span class=\"klein\">Fotografie trifft Energie in Harmonie<\/span>"},"content":{"rendered":"<p>Hardcoverbuch Format 30&#215;30 cm \/ 86 Seiten<br \/>\ngedruckt auf echtem Fotopapier<\/p>\n<p><strong>Beschreibung:<\/strong><br \/>\nJeder hat es schon erlebt: man betritt einen Raum und f\u00fchlt sich spontan wohl oder unwohl. Nur selten k\u00f6nnen wir erkl\u00e4ren, warum das so ist. Feng Shui ist die Lehre, die unserer Intuition eine Sprache verleiht. In diesem Buch stelle ich Motivbeispiele vor, mit denen die Bagua-Bereiche nach Feng Shui unterst\u00fctzt und Fehlbereiche ausgeglichen werden k\u00f6nnen. Die Motive sind nach den Himmelsrichtungen unterteilt, in denen sie Verwendung finden k\u00f6nnen<\/p>\n<p><strong>Anmerkung:<\/strong><br \/>\nAlle Motive in diesem Buch dienen zur St\u00e4rkung der Bereiche und wurden sorgf\u00e4ltig von uns ausgew\u00e4hlt. Alle Bilder k\u00f6nnen gerne auch k\u00e4uflich erworben werden. F\u00fcr eine Beratung \u00fcber m\u00f6gliche Formate, Materialien und Preise kontaktieren Sie mich gerne per E-Mail oder telefonisch. <\/p>\n","protected":false},"excerpt":{"rendered":"<p>Hardcoverbuch Format 30&#215;30 cm \/ 86 Seiten<br \/>\ngedruckt auf echtem Fotopapier<\/p>\n<p><strong>Beschreibung:<\/strong><br \/>\nJeder hat es schon erlebt: man betritt einen Raum und f\u00fchlt sich spontan wohl oder unwohl. Nur selten k\u00f6nnen wir erkl\u00e4ren, warum das so ist. Feng Shui ist die Lehre, die unserer Intuition eine Sprache verleiht. In diesem Buch stelle ich Motivbeispiele vor, mit denen die Bagua-Bereiche nach Feng Shui unterst\u00fctzt und Fehlbereiche ausgeglichen werden k\u00f6nnen. Die Motive sind nach den Himmelsrichtungen unterteilt, in denen sie Verwendung finden k\u00f6nnen<\/p>\n","protected":false},"featured_media":7803,"comment_status":"closed","ping_status":"closed","template":"","meta":[],"product_brand":[],"product_cat":[58],"product_tag":[],"class_list":{"0":"post-7717","1":"product","2":"type-product","3":"status-publish","4":"has-post-thumbnail","6":"product_cat-buecher","7":"product_shipping_class-paeckchen","9":"first","10":"instock","11":"shipping-taxable","12":"purchasable","13":"product-type-simple"},"_links":{"self":[{"href":"https:\/\/dev.einaugenblick.com\/index.php\/wp-json\/wp\/v2\/product\/7717","targetHints":{"allow":["GET"]}}],"collection":[{"href":"https:\/\/dev.einaugenblick.com\/index.php\/wp-json\/wp\/v2\/product"}],"about":[{"href":"https:\/\/dev.einaugenblick.com\/index.php\/wp-json\/wp\/v2\/types\/product"}],"replies":[{"embeddable":true,"href":"https:\/\/dev.einaugenblick.com\/index.php\/wp-json\/wp\/v2\/comments?post=7717"}],"version-history":[{"count":1,"href":"https:\/\/dev.einaugenblick.com\/index.php\/wp-json\/wp\/v2\/product\/7717\/revisions"}],"predecessor-version":[{"id":7804,"href":"https:\/\/dev.einaugenblick.com\/index.php\/wp-json\/wp\/v2\/product\/7717\/revisions\/7804"}],"wp:featuredmedia":[{"embeddable":true,"href":"https:\/\/dev.einaugenblick.com\/index.php\/wp-json\/wp\/v2\/media\/7803"}],"wp:attachment":[{"href":"https:\/\/dev.einaugenblick.com\/index.php\/wp-json\/wp\/v2\/media?parent=7717"}],"wp:term":[{"taxonomy":"product_brand","embeddable":true,"href":"https:\/\/dev.einaugenblick.com\/index.php\/wp-json\/wp\/v2\/product_brand?post=7717"},{"taxonomy":"product_cat","embeddable":true,"href":"https:\/\/dev.einaugenblick.com\/index.php\/wp-json\/wp\/v2\/product_cat?post=7717"},{"taxonomy":"product_tag","embeddable":true,"href":"https:\/\/dev.einaugenblick.com\/index.php\/wp-json\/wp\/v2\/product_tag?post=7717"}],"curies":[{"name":"wp","href":"https:\/\/api.w.org\/{rel}","templated":true}]}}