{"id":7721,"date":"2025-01-14T09:49:00","date_gmt":"2025-01-14T08:49:00","guid":{"rendered":"https:\/\/dev.einaugenblick.com\/?post_type=product&#038;p=7721"},"modified":"2025-01-14T09:50:58","modified_gmt":"2025-01-14T08:50:58","slug":"august-2020","status":"publish","type":"product","link":"https:\/\/dev.einaugenblick.com\/index.php\/produkt\/august-2020\/","title":{"rendered":"August 2020"},"content":{"rendered":"<p>Die Sonnenblume ist f\u00fcr mich DAS Sinnbild, DER Inbegriff von Sommer.<\/p>\n<p>In ihr spiegeln sich die Farben jedes Sonnenauf- und Sonnenuntergangs wider. Eine einzige reicht f\u00fcr einen kompletten Blumenstrau\u00df aus und wenn ich sie ansehe, dann wird es mir sofort warm und weich ums Herz. Ein ganzes Feld davon ist f\u00fcr mich wie eine gro\u00dfe Erinnerung und das Versprechen, dass in Wahrheit immer alles da ist, was wir brauchen, wenn wir unser Herz f\u00fcr uns und alle t\u00e4glichen Geschenke \u00f6ffnen. Sie erinnert mich immer an die Art, wie wir als Kinder die Sonne gemalt haben. Der kraftvolle n\u00e4hrende Kreis in der Mitte und rundherum ihre &#8222;Strahlen&#8220;, die sich in alle Richtungen ausdehnen und ihre W\u00e4rme und ihr wundervoll gelb-oranges Licht gleichm\u00e4\u00dfig \u00fcber jeden und alles verteilen. Fehlt eigentlich nur noch das Gesicht in der Mitte. Meine gemalten Sonnen hatten immer ein lachendes Gesicht in ihrer Mitte&#8230;<\/p>\n","protected":false},"excerpt":{"rendered":"<p>Die Sonnenblume ist f\u00fcr mich DAS Sinnbild, DER Inbegriff von Sommer.<\/p>\n","protected":false},"featured_media":7825,"comment_status":"closed","ping_status":"closed","template":"","meta":[],"product_brand":[],"product_cat":[63],"product_tag":[],"class_list":{"0":"post-7721","1":"product","2":"type-product","3":"status-publish","4":"has-post-thumbnail","6":"product_cat-motiv-des-monats","8":"first","9":"instock","10":"shipping-taxable","11":"purchasable","12":"product-type-variable"},"_links":{"self":[{"href":"https:\/\/dev.einaugenblick.com\/index.php\/wp-json\/wp\/v2\/product\/7721","targetHints":{"allow":["GET"]}}],"collection":[{"href":"https:\/\/dev.einaugenblick.com\/index.php\/wp-json\/wp\/v2\/product"}],"about":[{"href":"https:\/\/dev.einaugenblick.com\/index.php\/wp-json\/wp\/v2\/types\/product"}],"replies":[{"embeddable":true,"href":"https:\/\/dev.einaugenblick.com\/index.php\/wp-json\/wp\/v2\/comments?post=7721"}],"version-history":[{"count":1,"href":"https:\/\/dev.einaugenblick.com\/index.php\/wp-json\/wp\/v2\/product\/7721\/revisions"}],"predecessor-version":[{"id":7826,"href":"https:\/\/dev.einaugenblick.com\/index.php\/wp-json\/wp\/v2\/product\/7721\/revisions\/7826"}],"wp:featuredmedia":[{"embeddable":true,"href":"https:\/\/dev.einaugenblick.com\/index.php\/wp-json\/wp\/v2\/media\/7825"}],"wp:attachment":[{"href":"https:\/\/dev.einaugenblick.com\/index.php\/wp-json\/wp\/v2\/media?parent=7721"}],"wp:term":[{"taxonomy":"product_brand","embeddable":true,"href":"https:\/\/dev.einaugenblick.com\/index.php\/wp-json\/wp\/v2\/product_brand?post=7721"},{"taxonomy":"product_cat","embeddable":true,"href":"https:\/\/dev.einaugenblick.com\/index.php\/wp-json\/wp\/v2\/product_cat?post=7721"},{"taxonomy":"product_tag","embeddable":true,"href":"https:\/\/dev.einaugenblick.com\/index.php\/wp-json\/wp\/v2\/product_tag?post=7721"}],"curies":[{"name":"wp","href":"https:\/\/api.w.org\/{rel}","templated":true}]}}