{"id":7722,"date":"2025-01-14T09:49:00","date_gmt":"2025-01-14T08:49:00","guid":{"rendered":"https:\/\/dev.einaugenblick.com\/?post_type=product&#038;p=7722"},"modified":"2025-01-14T09:50:58","modified_gmt":"2025-01-14T08:50:58","slug":"september-2020","status":"publish","type":"product","link":"https:\/\/dev.einaugenblick.com\/index.php\/produkt\/september-2020\/","title":{"rendered":"September 2020"},"content":{"rendered":"<p>Der Sommer ist noch nicht ganz vorbei, der Herbst aber auch noch nicht ganz da.<\/p>\n<p>September ist f\u00fcr mich die sch\u00f6ne Zeit des sanften \u00dcbergangs. Die Zeit, um sich vorzubereiten auf die ruhigere Jahreszeit, aber immer noch versehen mit der Kraft und Energie des sich langsam verabschiedenden Sommers. Die Tage werden schon wieder k\u00fcrzer, laden aber immer noch zu Spazierg\u00e4ngen und dem Verweilen in der Natur ein. Auf eine sch\u00f6ne Bank sitzen, die Landschaft genie\u00dfen und sich dabei von der immer noch kr\u00e4ftigen Sonne w\u00e4rmen lassen.<\/p>\n<p>Dazu soll Dich dieses Bild einladen.<\/p>\n","protected":false},"excerpt":{"rendered":"<p>Der Sommer ist noch nicht ganz vorbei, der Herbst aber auch noch nicht ganz da.<\/p>\n","protected":false},"featured_media":7827,"comment_status":"closed","ping_status":"closed","template":"","meta":[],"product_brand":[],"product_cat":[63],"product_tag":[],"class_list":{"0":"post-7722","1":"product","2":"type-product","3":"status-publish","4":"has-post-thumbnail","6":"product_cat-motiv-des-monats","8":"first","9":"instock","10":"shipping-taxable","11":"purchasable","12":"product-type-variable"},"_links":{"self":[{"href":"https:\/\/dev.einaugenblick.com\/index.php\/wp-json\/wp\/v2\/product\/7722","targetHints":{"allow":["GET"]}}],"collection":[{"href":"https:\/\/dev.einaugenblick.com\/index.php\/wp-json\/wp\/v2\/product"}],"about":[{"href":"https:\/\/dev.einaugenblick.com\/index.php\/wp-json\/wp\/v2\/types\/product"}],"replies":[{"embeddable":true,"href":"https:\/\/dev.einaugenblick.com\/index.php\/wp-json\/wp\/v2\/comments?post=7722"}],"version-history":[{"count":1,"href":"https:\/\/dev.einaugenblick.com\/index.php\/wp-json\/wp\/v2\/product\/7722\/revisions"}],"predecessor-version":[{"id":7828,"href":"https:\/\/dev.einaugenblick.com\/index.php\/wp-json\/wp\/v2\/product\/7722\/revisions\/7828"}],"wp:featuredmedia":[{"embeddable":true,"href":"https:\/\/dev.einaugenblick.com\/index.php\/wp-json\/wp\/v2\/media\/7827"}],"wp:attachment":[{"href":"https:\/\/dev.einaugenblick.com\/index.php\/wp-json\/wp\/v2\/media?parent=7722"}],"wp:term":[{"taxonomy":"product_brand","embeddable":true,"href":"https:\/\/dev.einaugenblick.com\/index.php\/wp-json\/wp\/v2\/product_brand?post=7722"},{"taxonomy":"product_cat","embeddable":true,"href":"https:\/\/dev.einaugenblick.com\/index.php\/wp-json\/wp\/v2\/product_cat?post=7722"},{"taxonomy":"product_tag","embeddable":true,"href":"https:\/\/dev.einaugenblick.com\/index.php\/wp-json\/wp\/v2\/product_tag?post=7722"}],"curies":[{"name":"wp","href":"https:\/\/api.w.org\/{rel}","templated":true}]}}