{"id":7724,"date":"2025-01-14T09:49:00","date_gmt":"2025-01-14T08:49:00","guid":{"rendered":"https:\/\/dev.einaugenblick.com\/?post_type=product&#038;p=7724"},"modified":"2025-01-14T09:50:58","modified_gmt":"2025-01-14T08:50:58","slug":"november-2020","status":"publish","type":"product","link":"https:\/\/dev.einaugenblick.com\/index.php\/produkt\/november-2020\/","title":{"rendered":"November 2020"},"content":{"rendered":"<p><strong>Ein Feuer ist kraftvoll, n\u00e4hrend, w\u00e4rmend, heimelig, kuschelig\u2026 Aber genauso kann es auch zerst\u00f6ren.<\/strong><\/p>\n<p>Seine Kraft ist aber niemals NUR zerst\u00f6rerisch. Immer liefert seine Asche, die aus dieser vermeintlichen \u201eZerst\u00f6rung\u201c heraus entsteht, gleichzeitig auch Boden und D\u00fcnger f\u00fcr Neues. In seiner Urkraft ist es immer transformierend.<\/p>\n<p>Ich m\u00f6chte mit diesem Motiv daran erinnern, dass der Monat November genau dieselbe Kraft besitzt. Ein Monat, der zu Unrecht so einen schlechten Ruf hat. Denn \u2013 wie auch die Natur \u2013 l\u00e4dt er uns dazu ein, jetzt vermehrt in den R\u00fcckzug zu gehen. Um IN UNS die Themen aufzusp\u00fcren, die wir jetzt gerne gehen lassen, \u201eins Feuer werfen\u201c m\u00f6chten. Die transformiert werden m\u00f6chten. Denn aus dieser Transformation heraus kann dann neuer Platz und D\u00fcnger entstehen, f\u00fcr die n\u00e4chsten Schritte auf unserem Lebensweg. Gereinigt und befreit von all dem, was uns einmal hilfreich war, uns inzwischen aber nicht mehr dient.<\/p>\n","protected":false},"excerpt":{"rendered":"<p>Ein Feuer ist kraftvoll, n\u00e4hrend, w\u00e4rmend, heimelig, kuschelig\u2026 Aber genauso kann es auch zerst\u00f6ren.<\/p>\n","protected":false},"featured_media":7831,"comment_status":"closed","ping_status":"closed","template":"","meta":[],"product_brand":[],"product_cat":[63],"product_tag":[],"class_list":{"0":"post-7724","1":"product","2":"type-product","3":"status-publish","4":"has-post-thumbnail","6":"product_cat-motiv-des-monats","8":"first","9":"instock","10":"shipping-taxable","11":"purchasable","12":"product-type-variable"},"_links":{"self":[{"href":"https:\/\/dev.einaugenblick.com\/index.php\/wp-json\/wp\/v2\/product\/7724","targetHints":{"allow":["GET"]}}],"collection":[{"href":"https:\/\/dev.einaugenblick.com\/index.php\/wp-json\/wp\/v2\/product"}],"about":[{"href":"https:\/\/dev.einaugenblick.com\/index.php\/wp-json\/wp\/v2\/types\/product"}],"replies":[{"embeddable":true,"href":"https:\/\/dev.einaugenblick.com\/index.php\/wp-json\/wp\/v2\/comments?post=7724"}],"version-history":[{"count":1,"href":"https:\/\/dev.einaugenblick.com\/index.php\/wp-json\/wp\/v2\/product\/7724\/revisions"}],"predecessor-version":[{"id":7832,"href":"https:\/\/dev.einaugenblick.com\/index.php\/wp-json\/wp\/v2\/product\/7724\/revisions\/7832"}],"wp:featuredmedia":[{"embeddable":true,"href":"https:\/\/dev.einaugenblick.com\/index.php\/wp-json\/wp\/v2\/media\/7831"}],"wp:attachment":[{"href":"https:\/\/dev.einaugenblick.com\/index.php\/wp-json\/wp\/v2\/media?parent=7724"}],"wp:term":[{"taxonomy":"product_brand","embeddable":true,"href":"https:\/\/dev.einaugenblick.com\/index.php\/wp-json\/wp\/v2\/product_brand?post=7724"},{"taxonomy":"product_cat","embeddable":true,"href":"https:\/\/dev.einaugenblick.com\/index.php\/wp-json\/wp\/v2\/product_cat?post=7724"},{"taxonomy":"product_tag","embeddable":true,"href":"https:\/\/dev.einaugenblick.com\/index.php\/wp-json\/wp\/v2\/product_tag?post=7724"}],"curies":[{"name":"wp","href":"https:\/\/api.w.org\/{rel}","templated":true}]}}