{"id":7780,"date":"2025-01-14T09:49:23","date_gmt":"2025-01-14T08:49:23","guid":{"rendered":"https:\/\/dev.einaugenblick.com\/?post_type=product&#038;p=7780"},"modified":"2025-01-14T09:50:58","modified_gmt":"2025-01-14T08:50:58","slug":"dezember-2020","status":"publish","type":"product","link":"https:\/\/dev.einaugenblick.com\/index.php\/produkt\/dezember-2020\/","title":{"rendered":"Dezember 2020"},"content":{"rendered":"<p><strong>Auch wenn wir in unseren Regionen heute leider nicht mehr so oft und viel Schnee haben, wie wir das zum Beispiel noch in unseren Kindertagen der Fall war, so kennt doch glaube ich jeder dieses ganz besondere Gef\u00fchl, das einen bei einem Spaziergang im Schnee einh\u00fcllt.<\/strong><\/p>\n<p>Es ist fast so, als betreten wir eine ganz eigene magische \u201eabgeschirmte\u201c Welt, die all den L\u00e4rm im Au\u00dfen von uns fernh\u00e4lt und uns dabei hilft, wieder mehr unsere eigene innere Stimme h\u00f6ren zu k\u00f6nnen.<br \/>\nGanz physikalisch betrachtet liegt es daran, dass Schnee Schall absorbiert. Er wird von der Luft und den Eiskristallen eingefangen und verliert sich auf seinem Weg durch den Schnee immer mehr. Viel wertvoller als diese wissenschaftliche Erkl\u00e4rung finde ich aber das Gef\u00fchl des \u201egeborgen seins\u201c, das einen umf\u00e4ngt, wenn man zu Fu\u00df durch eine tief verschneite Landschaft unterwegs ist. Diese einzigartigen \u201estillen Momente\u201c, wenn au\u00dfer dem Knirschen unter unseren Schuhen und dem Rhythmus unseres Atems uns nichts mehr ablenkt. Ich liebe dieses Gef\u00fchl und diese Momente. Mit dem Bild m\u00f6chte ich gerne dabei helfen, immer wieder mal in diese Ruhe und Geborgenheit solcher Momente eintauchen zu k\u00f6nnen.<\/p>\n","protected":false},"excerpt":{"rendered":"<p>Auch wenn wir in unseren Regionen heute leider nicht mehr so oft und viel Schnee haben, wie wir das zum Beispiel noch in unseren Kindertagen der Fall war, so kennt doch glaube ich jeder dieses ganz besondere Gef\u00fchl, das einen bei einem Spaziergang im Schnee einh\u00fcllt.<\/p>\n","protected":false},"featured_media":7833,"comment_status":"closed","ping_status":"closed","template":"","meta":[],"product_brand":[],"product_cat":[63],"product_tag":[],"class_list":{"0":"post-7780","1":"product","2":"type-product","3":"status-publish","4":"has-post-thumbnail","6":"product_cat-motiv-des-monats","8":"first","9":"instock","10":"shipping-taxable","11":"purchasable","12":"product-type-variable"},"_links":{"self":[{"href":"https:\/\/dev.einaugenblick.com\/index.php\/wp-json\/wp\/v2\/product\/7780","targetHints":{"allow":["GET"]}}],"collection":[{"href":"https:\/\/dev.einaugenblick.com\/index.php\/wp-json\/wp\/v2\/product"}],"about":[{"href":"https:\/\/dev.einaugenblick.com\/index.php\/wp-json\/wp\/v2\/types\/product"}],"replies":[{"embeddable":true,"href":"https:\/\/dev.einaugenblick.com\/index.php\/wp-json\/wp\/v2\/comments?post=7780"}],"version-history":[{"count":1,"href":"https:\/\/dev.einaugenblick.com\/index.php\/wp-json\/wp\/v2\/product\/7780\/revisions"}],"predecessor-version":[{"id":7834,"href":"https:\/\/dev.einaugenblick.com\/index.php\/wp-json\/wp\/v2\/product\/7780\/revisions\/7834"}],"wp:featuredmedia":[{"embeddable":true,"href":"https:\/\/dev.einaugenblick.com\/index.php\/wp-json\/wp\/v2\/media\/7833"}],"wp:attachment":[{"href":"https:\/\/dev.einaugenblick.com\/index.php\/wp-json\/wp\/v2\/media?parent=7780"}],"wp:term":[{"taxonomy":"product_brand","embeddable":true,"href":"https:\/\/dev.einaugenblick.com\/index.php\/wp-json\/wp\/v2\/product_brand?post=7780"},{"taxonomy":"product_cat","embeddable":true,"href":"https:\/\/dev.einaugenblick.com\/index.php\/wp-json\/wp\/v2\/product_cat?post=7780"},{"taxonomy":"product_tag","embeddable":true,"href":"https:\/\/dev.einaugenblick.com\/index.php\/wp-json\/wp\/v2\/product_tag?post=7780"}],"curies":[{"name":"wp","href":"https:\/\/api.w.org\/{rel}","templated":true}]}}