{"id":7783,"date":"2025-01-14T09:49:23","date_gmt":"2025-01-14T08:49:23","guid":{"rendered":"https:\/\/dev.einaugenblick.com\/?post_type=product&#038;p=7783"},"modified":"2025-01-14T09:49:51","modified_gmt":"2025-01-14T08:49:51","slug":"rauhnaechte-begleitung-2024-25","status":"publish","type":"product","link":"https:\/\/dev.einaugenblick.com\/index.php\/produkt\/rauhnaechte-begleitung-2024-25\/","title":{"rendered":"Rauhn\u00e4chte-Begleitung 2024\/25"},"content":{"rendered":"<h2>Rauhn\u00e4chte-Begleitung 2024 \u2013 Sch\u00f6pfe Kraft aus der Magie dieser besonderen Zeit<\/h2>\n<p>Ich liebe viele der uralten und hilfreichen Traditionen, die in unserer \u201emodernen\u201c Welt aber leider mehr und mehr in Vergessenheit geraten sind. Das finde ich sehr schade, denn wir vergessen dadurch auch viele der ganz nat\u00fcrlichen Kraftquellen, die immer zu unserer Verf\u00fcgung stehen. Es ist wie wenn wir in einem 5-Sterne-Restaurant vor einem \u00fcppig gef\u00fcllten Buffet voller nahrhafter und unterschiedlichster Speisen stehen, es aber aus Unwissenheit nicht erkennen k\u00f6nnen und deswegen nur das trockene Brot aus dem Brotkorb nehmen, um irgendwie unseren Hunger zu stillen.<\/p>\n<p>Darum m\u00f6chte ich Dir gerne einige dieser teilweise vergessenen, aber wertvollen Traditionen, auf spielerische Weise wieder n\u00e4herzubringen. Genau darum soll es auch in dieser Rauhn\u00e4chte-Begleitung gehen.<\/p>\n<h3>Was sind die Rauhn\u00e4chte?<\/h3>\n<p>Auch wenn wir heutzutage oft von vielen Terminen und Dingen \u201eeingenommen\u201c sind, sp\u00fcrt doch jeder, dass in der sog. Zeit \u201ezwischen den Jahren\u201c eine andere Energie\u201c in der Luft liegt\u201c, als im restlichen Jahr. In l\u00e4ndlichen Regionen wird diese Tradition zum Gl\u00fcck auch heute teilweise noch gepflegt und genutzt. So sind viele \u00dcberlieferungen aus den unterschiedlichsten Regionen erhalten geblieben.<\/p>\n<p>Als Rauhn\u00e4chte wird teilweise die sogenannte \u201egstade (ruhige) Zeit\u201c als Ganzes, aber ganz spezifisch 12 heilige, ganz besondere und magische N\u00e4chte innerhalb dieses bestimmten Zeitfensters zum Jahreswechsel bezeichnet.<\/p>\n<p>Die Zeit der Rauhn\u00e4chte beginnt mit dem 21.12., dem Tag der Wintersonnenwende. Der sog.\u201c schw\u00e4rzesten Nacht\u201c des Jahres. Es variiert je nach Tradition und so wird manchmal bereits an diesem Tag mit der Z\u00e4hlung begonnen. Insgesamt werden 12 N\u00e4chte geehrt und begangen, die mit der Nacht auf den 05. Januar enden. Jede dieser 12 N\u00e4chte steht dabei stellvertretend f\u00fcr einen Monat des kommenden Jahres. Welche Nacht welchem Monat zugeteilt ist, welche Energien hier f\u00fcr uns bereitstehen und genutzt werden k\u00f6nnen, mit was wir uns selbst unterst\u00fctzen k\u00f6nnen und was es an traditionellen Ritualen, Geschichten, Tools etc. dazu gibt, das erf\u00e4hrst Du dann ausf\u00fchrlich, Tag f\u00fcr Tag, w\u00e4hrend meiner Begleitung.<\/p>\n<p>Nach der Anmeldung bekommst Du eine Mail mit ein paar kleinen Tipps im Vorfeld. Was Du schon vorab tun kannst oder wenn Du Dir evtl. noch an ein paar Kleinigkeiten besorgen m\u00f6chtest, falls Dir noch etwas fehlt, das Du aber gerne mit in Deine pers\u00f6nliche Reise einbeziehen m\u00f6chtest. Am 21.12. bekommst Du dann den Zugang mit Passwort zu unserer gemeinsamen Plattform. Auf der findest Du dann \u00fcber die gesamte Zeit ausf\u00fchrliche Informationen zum Ablauf, Interessantes zur Geschichte der Rauhn\u00e4chte sowie alles Wichtige zur Begleitung.<\/p>\n<p>Unsere gemeinsame Reise beginnen wir dann in der Nacht auf den 25.12. (Du findest die entsprechende E-Mail dann immer am Tag zu der jeweiligen Rauhnacht in Deinem E-Mail-Postfach. Ich begleite Dich \u00fcber die n\u00e4chsten 11 Tage und 12 N\u00e4chte jeden Tag mit einem eigenen Ordner des Tages bzw. der Nacht. Du findest darin Downloads, sch\u00f6nen Tools, Geschichten und Rituale, mit denen Du Dich ganz bewusst auf das neue Jahr einstimmen und vorbereiten kannst.<\/p>\n<p>Wichtig ist mir, die ganze gemeinsame Reise spielerisch, leicht und ohne Druck anzugehen. Du nimmst Dir einfach f\u00fcr Dich das raus, was sich stimmig anf\u00fchlt, setzt das um, was Dich anspricht und zu Dir und in Dein Leben passt. Probiere das aus, was Dich neugierig macht. Alles andere l\u00e4sst Du einfach im Ordner liegen.<\/p>\n<p>Jeder von uns ist einzigartig, darum kann nie alles f\u00fcr jeden passen. Aber ich habe viel Liebe in die Vorbereitung gesteckt und mir dabei M\u00fche gegeben, die Auswahl f\u00fcr Dich so bunt wie m\u00f6glich zu gestalten. Also f\u00fchl Dich v\u00f6llig frei in Deiner Art der Umsetzung. Was sich f\u00fcr Dich stimmig anf\u00fchlt, das ist auch richtig <strong>F\u00dcR DICH!<\/strong><\/p>\n<p>Zus\u00e4tzlich zu den Impulsen gibt es auch noch die M\u00f6glichkeit f\u00fcr einen Austausch untereinander, R\u00fcckfragen, f\u00fcr den Fall, dass doch etwas unklar sein sollte und zus\u00e4tzlichen kleinen Impulsen von meiner Seite. Dies alles findet in einer geschlossenen Telegram-Gruppe statt. Ein Mitwirken hier ist ein \u201ekann\u201c, niemals ein \u201emuss\u201c und Du handhabst es, wie alles andere in dieser Begleitung, ganz so wie es zu Dir passt. Den Zugang bekommst Du ebenfalls vorab mit Deinen Zugangsdaten.<\/p>\n<p>Hast Du Lust bekommen die ganz besondere Energie der Zeit \u201ezwischen den Jahren\u201c auch f\u00fcr Dich wirken lassen? Sie zu nutzen, um mit positiven Gedanken, frischen Impulsen, neuer Kraft und Orientierung in das neue Jahr 2025 gehen zu k\u00f6nnen?<\/p>\n<p><strong>Dann melde Dich sehr gerne hier an. Ich freue mich auf Dich und unsere gemeinsame Zeit!<\/strong><\/p>\n<p>&nbsp;<\/p>\n<h3><u>R\u00fcckmeldungen zur Rauhn\u00e4chte-Begleitung 2023<\/u><\/h3>\n<p>Ganz ganz herzlichen Dank f\u00fcr deine soooo wunderbare Begleitung. \ud83d\ude4f Deine Worte sind bei mir extrem herz\u00f6ffnend und bewirken ein intensiv wohliges Gef\u00fchl im K\u00f6rper und tun rundum gut. Ganz liebe Gr\u00fc\u00dfe von mir und alles Beste f\u00fcr dich, liebe Manuela, Brigitta \ud83d\udc9e<\/p>\n<hr \/>\n<p>Liebe Manu, auch ich danke dir von ganzem Herzen \u2764\ufe0f f\u00fcr deine Unterst\u00fctzung, deine Begleitung und daf\u00fcr, dass ich mit sehr viel\u00a0 Bewusstsein das Neue Jahr angefangen habe, was sonst wahrscheinlich einfach so nebenher geschehen w\u00e4re \ud83d\ude09. Danke f\u00fcr alles \ud83d\ude4f\ud83e\udd84\ud83d\ude18. Beate<\/p>\n<hr \/>\n<p>Liebe Manuela vielen Dank f\u00fcr diese wundervolle Zeit . Ich glaube ich werde \u00fcber das Jahr nach und nach begreifen, ergreifen , greifen &#8230;.was diese Zeit alles beinhaltet hat. F\u00fcr das erste bin ich reich beschenkt. Mir haben die pers\u00f6nlichen Impulse sehr viel gebracht und ja das Lebenswerk darf sich ver\u00e4ndern &#8230;.und ich darf mich von Strukturen verabschieden, die f\u00fcr mich nicht mehr heilsam sind. So passt mein Jahreszettel sehr genau. Mit dieser Grundlage kann ich meine W\u00fcnsche besser empfangen und meinen Weg im Vertrauen auf mich gehen &#8230; Danke f\u00fcr alles und alles Liebe Dir und Euch. Kommt gut in dieses wundervolle 2024 . Eure Elke<\/p>\n","protected":false},"excerpt":{"rendered":"<p><strong>Sch\u00f6pfe Kraft aus der Magie dieser besonderen Zeitqualit\u00e4t<\/strong><\/p>\n<p>M\u00f6chtest Du gerne diese ganz besondere Energie der Zeit \u201ezwischen den Jahren\u201c auch f\u00fcr Dich wirken lassen?<br \/>\nSie nutzen, um mit neuer Kraft &amp; Orientierung in das neue Jahr 2025 gehen zu k\u00f6nnen?<\/p>\n<p><strong>Dauer:<\/strong> vom 21. Dezember 2024 bis 07. Januar 2025<\/p>\n","protected":false},"featured_media":7850,"comment_status":"open","ping_status":"closed","template":"","meta":[],"product_brand":[],"product_cat":[64],"product_tag":[],"class_list":{"0":"post-7783","1":"product","2":"type-product","3":"status-publish","4":"has-post-thumbnail","6":"product_cat-sonstiges","8":"first","9":"instock","10":"virtual","11":"purchasable","12":"product-type-simple"},"_links":{"self":[{"href":"https:\/\/dev.einaugenblick.com\/index.php\/wp-json\/wp\/v2\/product\/7783","targetHints":{"allow":["GET"]}}],"collection":[{"href":"https:\/\/dev.einaugenblick.com\/index.php\/wp-json\/wp\/v2\/product"}],"about":[{"href":"https:\/\/dev.einaugenblick.com\/index.php\/wp-json\/wp\/v2\/types\/product"}],"replies":[{"embeddable":true,"href":"https:\/\/dev.einaugenblick.com\/index.php\/wp-json\/wp\/v2\/comments?post=7783"}],"version-history":[{"count":1,"href":"https:\/\/dev.einaugenblick.com\/index.php\/wp-json\/wp\/v2\/product\/7783\/revisions"}],"predecessor-version":[{"id":7851,"href":"https:\/\/dev.einaugenblick.com\/index.php\/wp-json\/wp\/v2\/product\/7783\/revisions\/7851"}],"wp:featuredmedia":[{"embeddable":true,"href":"https:\/\/dev.einaugenblick.com\/index.php\/wp-json\/wp\/v2\/media\/7850"}],"wp:attachment":[{"href":"https:\/\/dev.einaugenblick.com\/index.php\/wp-json\/wp\/v2\/media?parent=7783"}],"wp:term":[{"taxonomy":"product_brand","embeddable":true,"href":"https:\/\/dev.einaugenblick.com\/index.php\/wp-json\/wp\/v2\/product_brand?post=7783"},{"taxonomy":"product_cat","embeddable":true,"href":"https:\/\/dev.einaugenblick.com\/index.php\/wp-json\/wp\/v2\/product_cat?post=7783"},{"taxonomy":"product_tag","embeddable":true,"href":"https:\/\/dev.einaugenblick.com\/index.php\/wp-json\/wp\/v2\/product_tag?post=7783"}],"curies":[{"name":"wp","href":"https:\/\/api.w.org\/{rel}","templated":true}]}}