{"id":7784,"date":"2025-01-14T09:49:24","date_gmt":"2025-01-14T08:49:24","guid":{"rendered":"https:\/\/dev.einaugenblick.com\/?post_type=product&#038;p=7784"},"modified":"2025-01-14T09:50:58","modified_gmt":"2025-01-14T08:50:58","slug":"januar-2021","status":"publish","type":"product","link":"https:\/\/dev.einaugenblick.com\/index.php\/produkt\/januar-2021\/","title":{"rendered":"Januar 2021"},"content":{"rendered":"<p><strong>Der \u00dcbergang ist vollzogen, das alte, doch sehr spezielle und herausfordernde Jahr ist Geschichte. Das neue liegt nun vor uns, noch unbekannt in allem, was es f\u00fcr uns bereith\u00e4lt. Wird es gut werden? Oder schlecht? Und welches \u201egut\u201c eines Moments wird im Blick zur\u00fcck evtl. doch eher \u201eschlecht\u201c gewesen sein und umgekehrt?<\/strong><\/p>\n<p>Den wenigsten Menschen ist bewusst, wieviel Einfluss sie selbst auf die Qualit\u00e4t ihres pers\u00f6nlichen neuen Jahres haben. Dass es die Frage einer bewussten Entscheidung ist, wie es mir begegnen wird. Und dem, was ich selbst bereit bin hinein zu geben, um es aktiv mitzugestalten.<\/p>\n<p>Es geht dabei selbstverst\u00e4ndlich auch um \u201e\u00c4rmel hoch und tun\u201c. Aber sehr viel mehr noch um die pers\u00f6nliche innere Haltung. Wer m\u00f6chte ich sein in diesem Jahr? Was m\u00f6chte ich einbringen in dieses Jahr? Was m\u00f6chte ich mir, meinen Mitmenschen und der Welt schenken, um sie zu dem Ort zu machen, an dem ich gerne lebe?<\/p>\n<p>Die 3 magischen Schl\u00fcssel dazu lauten: positives Denken, positives Sprechen, positives Handeln. BEWUSST angewendet sind sie DIE T\u00fcr\u00f6ffner zu einer neuen Welt. An der jeder Einzelne jeden Tag aktiv mitgestalten kann.<\/p>\n","protected":false},"excerpt":{"rendered":"<p>Der \u00dcbergang ist vollzogen, das alte, doch sehr spezielle und herausfordernde Jahr ist Geschichte. Das neue liegt nun vor uns, noch unbekannt in allem, was es f\u00fcr uns bereith\u00e4lt. Wird es gut werden? Oder schlecht? Und welches \u201egut\u201c eines Moments wird im Blick zur\u00fcck evtl. doch eher \u201eschlecht\u201c gewesen sein und umgekehrt?<\/p>\n","protected":false},"featured_media":7855,"comment_status":"closed","ping_status":"closed","template":"","meta":[],"product_brand":[],"product_cat":[63],"product_tag":[],"class_list":{"0":"post-7784","1":"product","2":"type-product","3":"status-publish","4":"has-post-thumbnail","6":"product_cat-motiv-des-monats","8":"first","9":"instock","10":"shipping-taxable","11":"purchasable","12":"product-type-variable"},"_links":{"self":[{"href":"https:\/\/dev.einaugenblick.com\/index.php\/wp-json\/wp\/v2\/product\/7784","targetHints":{"allow":["GET"]}}],"collection":[{"href":"https:\/\/dev.einaugenblick.com\/index.php\/wp-json\/wp\/v2\/product"}],"about":[{"href":"https:\/\/dev.einaugenblick.com\/index.php\/wp-json\/wp\/v2\/types\/product"}],"replies":[{"embeddable":true,"href":"https:\/\/dev.einaugenblick.com\/index.php\/wp-json\/wp\/v2\/comments?post=7784"}],"version-history":[{"count":1,"href":"https:\/\/dev.einaugenblick.com\/index.php\/wp-json\/wp\/v2\/product\/7784\/revisions"}],"predecessor-version":[{"id":7856,"href":"https:\/\/dev.einaugenblick.com\/index.php\/wp-json\/wp\/v2\/product\/7784\/revisions\/7856"}],"wp:featuredmedia":[{"embeddable":true,"href":"https:\/\/dev.einaugenblick.com\/index.php\/wp-json\/wp\/v2\/media\/7855"}],"wp:attachment":[{"href":"https:\/\/dev.einaugenblick.com\/index.php\/wp-json\/wp\/v2\/media?parent=7784"}],"wp:term":[{"taxonomy":"product_brand","embeddable":true,"href":"https:\/\/dev.einaugenblick.com\/index.php\/wp-json\/wp\/v2\/product_brand?post=7784"},{"taxonomy":"product_cat","embeddable":true,"href":"https:\/\/dev.einaugenblick.com\/index.php\/wp-json\/wp\/v2\/product_cat?post=7784"},{"taxonomy":"product_tag","embeddable":true,"href":"https:\/\/dev.einaugenblick.com\/index.php\/wp-json\/wp\/v2\/product_tag?post=7784"}],"curies":[{"name":"wp","href":"https:\/\/api.w.org\/{rel}","templated":true}]}}