{"id":7785,"date":"2025-01-14T09:49:24","date_gmt":"2025-01-14T08:49:24","guid":{"rendered":"https:\/\/dev.einaugenblick.com\/?post_type=product&#038;p=7785"},"modified":"2025-01-14T09:50:58","modified_gmt":"2025-01-14T08:50:58","slug":"februar-2021","status":"publish","type":"product","link":"https:\/\/dev.einaugenblick.com\/index.php\/produkt\/februar-2021\/","title":{"rendered":"Februar 2021"},"content":{"rendered":"<p><strong>Noch ist der Winter nicht vorbei. Manchmal b\u00e4umt er sich noch einmal auf, damit wir ihn und seine Erinnerung daran, dass auch f\u00fcr uns immer wieder einmal ein R\u00fcckzug sehr wichtig ist, nicht vergessen.<\/strong><\/p>\n<p>Aber die ersten Sonnenstrahlen lassen schon erahnen, dass das Licht und die W\u00e4rme \u2013 wie jedes Jahr aufs Neue \u2013 immer wieder zu uns zur\u00fcckkehren. Und mit ihnen die Kraft und Energie f\u00fcr neues Leben, neue Pl\u00e4ne, neue F\u00fclle.<\/p>\n<p>Die Natur wei\u00dft uns dabei immer den Weg, wenn wir ihr zuh\u00f6ren und uns auf sie, ihre Magie und ihre Weisheit einlassen. Wie der kleine Bach jedes Jahr wieder auftaut und der Sonne entgegenflie\u00dft, so richte auch Du Dich in Dir immer wieder aufs Neue in Richtung der Sonne und des Lichts aus.<\/p>\n<p>Dazu m\u00f6chte ich Dich durch die Botschaft dieses Bildes von Herzen einladen.<\/p>\n","protected":false},"excerpt":{"rendered":"<p>Noch ist der Winter nicht vorbei. Manchmal b\u00e4umt er sich noch einmal auf, damit wir ihn und seine Erinnerung daran, dass auch f\u00fcr uns immer wieder einmal ein R\u00fcckzug sehr wichtig ist, nicht vergessen.<\/p>\n","protected":false},"featured_media":7857,"comment_status":"closed","ping_status":"closed","template":"","meta":[],"product_brand":[],"product_cat":[63],"product_tag":[],"class_list":{"0":"post-7785","1":"product","2":"type-product","3":"status-publish","4":"has-post-thumbnail","6":"product_cat-motiv-des-monats","8":"first","9":"instock","10":"shipping-taxable","11":"purchasable","12":"product-type-variable"},"_links":{"self":[{"href":"https:\/\/dev.einaugenblick.com\/index.php\/wp-json\/wp\/v2\/product\/7785","targetHints":{"allow":["GET"]}}],"collection":[{"href":"https:\/\/dev.einaugenblick.com\/index.php\/wp-json\/wp\/v2\/product"}],"about":[{"href":"https:\/\/dev.einaugenblick.com\/index.php\/wp-json\/wp\/v2\/types\/product"}],"replies":[{"embeddable":true,"href":"https:\/\/dev.einaugenblick.com\/index.php\/wp-json\/wp\/v2\/comments?post=7785"}],"version-history":[{"count":1,"href":"https:\/\/dev.einaugenblick.com\/index.php\/wp-json\/wp\/v2\/product\/7785\/revisions"}],"predecessor-version":[{"id":7858,"href":"https:\/\/dev.einaugenblick.com\/index.php\/wp-json\/wp\/v2\/product\/7785\/revisions\/7858"}],"wp:featuredmedia":[{"embeddable":true,"href":"https:\/\/dev.einaugenblick.com\/index.php\/wp-json\/wp\/v2\/media\/7857"}],"wp:attachment":[{"href":"https:\/\/dev.einaugenblick.com\/index.php\/wp-json\/wp\/v2\/media?parent=7785"}],"wp:term":[{"taxonomy":"product_brand","embeddable":true,"href":"https:\/\/dev.einaugenblick.com\/index.php\/wp-json\/wp\/v2\/product_brand?post=7785"},{"taxonomy":"product_cat","embeddable":true,"href":"https:\/\/dev.einaugenblick.com\/index.php\/wp-json\/wp\/v2\/product_cat?post=7785"},{"taxonomy":"product_tag","embeddable":true,"href":"https:\/\/dev.einaugenblick.com\/index.php\/wp-json\/wp\/v2\/product_tag?post=7785"}],"curies":[{"name":"wp","href":"https:\/\/api.w.org\/{rel}","templated":true}]}}