{"id":7786,"date":"2025-01-14T09:49:24","date_gmt":"2025-01-14T08:49:24","guid":{"rendered":"https:\/\/dev.einaugenblick.com\/?post_type=product&#038;p=7786"},"modified":"2025-01-14T09:50:58","modified_gmt":"2025-01-14T08:50:58","slug":"maerz-2021","status":"publish","type":"product","link":"https:\/\/dev.einaugenblick.com\/index.php\/produkt\/maerz-2021\/","title":{"rendered":"M\u00e4rz 2021"},"content":{"rendered":"<h2>Jetzt gerahmtes Bild bestellen<\/h2>\n<p><strong>Nun ist es f\u00fcr jeden sichtbar, der Fr\u00fchling l\u00e4sst sich nicht mehr aufhalten. Die Tage werden l\u00e4nger und die Kraft der Sonne jeden Tag ein bisschen st\u00e4rker. Ihre Energie dringt immer tiefer in die B\u00f6den ein, wo sich die Pflanzenwelt unter einer Decke aus Schnee und altem Laub einen langen Winter \u00fcber ausgeruht hat, um neue Kr\u00e4fte zu tanken.<\/strong><\/p>\n<p>Aber nun blinzelt ein Fr\u00fchlingsbote nach dem anderen neugierig aus dem Boden, streckt sein K\u00f6pfchen aus der Erde und \u00f6ffnet sich in seiner vollen Sch\u00f6nheit der Sonne entgegen.<\/p>\n<p>Mit diesen ersten Fr\u00fchlingsboten erweckt die immer h\u00f6her steigende Sonne auch unsere Lebensgeister wieder und wir k\u00f6nnen deutlich die zur\u00fcckkehrende Energie in uns sp\u00fcren. Auch wir haben, wie die Pflanzen, einen langen Winter darauf gewartet. Jede dieser Fr\u00fchlings-Sch\u00f6nheiten m\u00f6chte uns nun wieder daran erinnern, dass auch in uns eine Menge \u201eschlafendes Potenzial\u201c darauf wartet, sich mit und durch uns ganz neu zu entfalten. Der Startschuss f\u00fcr einen neuen Jahreskreislauf ist gefallen.<\/p>\n","protected":false},"excerpt":{"rendered":"<p>Nun ist es f\u00fcr jeden sichtbar, der Fr\u00fchling l\u00e4sst sich nicht mehr aufhalten. Die Tage werden l\u00e4nger und die Kraft der Sonne jeden Tag ein bisschen st\u00e4rker. Ihre Energie dringt immer tiefer in die B\u00f6den ein, wo sich die Pflanzenwelt unter einer Decke aus Schnee und altem Laub einen langen Winter \u00fcber ausgeruht hat, um neue Kr\u00e4fte zu tanken.<\/p>\n","protected":false},"featured_media":7859,"comment_status":"closed","ping_status":"closed","template":"","meta":[],"product_brand":[],"product_cat":[63],"product_tag":[],"class_list":{"0":"post-7786","1":"product","2":"type-product","3":"status-publish","4":"has-post-thumbnail","6":"product_cat-motiv-des-monats","8":"first","9":"instock","10":"shipping-taxable","11":"purchasable","12":"product-type-variable"},"_links":{"self":[{"href":"https:\/\/dev.einaugenblick.com\/index.php\/wp-json\/wp\/v2\/product\/7786","targetHints":{"allow":["GET"]}}],"collection":[{"href":"https:\/\/dev.einaugenblick.com\/index.php\/wp-json\/wp\/v2\/product"}],"about":[{"href":"https:\/\/dev.einaugenblick.com\/index.php\/wp-json\/wp\/v2\/types\/product"}],"replies":[{"embeddable":true,"href":"https:\/\/dev.einaugenblick.com\/index.php\/wp-json\/wp\/v2\/comments?post=7786"}],"version-history":[{"count":1,"href":"https:\/\/dev.einaugenblick.com\/index.php\/wp-json\/wp\/v2\/product\/7786\/revisions"}],"predecessor-version":[{"id":7860,"href":"https:\/\/dev.einaugenblick.com\/index.php\/wp-json\/wp\/v2\/product\/7786\/revisions\/7860"}],"wp:featuredmedia":[{"embeddable":true,"href":"https:\/\/dev.einaugenblick.com\/index.php\/wp-json\/wp\/v2\/media\/7859"}],"wp:attachment":[{"href":"https:\/\/dev.einaugenblick.com\/index.php\/wp-json\/wp\/v2\/media?parent=7786"}],"wp:term":[{"taxonomy":"product_brand","embeddable":true,"href":"https:\/\/dev.einaugenblick.com\/index.php\/wp-json\/wp\/v2\/product_brand?post=7786"},{"taxonomy":"product_cat","embeddable":true,"href":"https:\/\/dev.einaugenblick.com\/index.php\/wp-json\/wp\/v2\/product_cat?post=7786"},{"taxonomy":"product_tag","embeddable":true,"href":"https:\/\/dev.einaugenblick.com\/index.php\/wp-json\/wp\/v2\/product_tag?post=7786"}],"curies":[{"name":"wp","href":"https:\/\/api.w.org\/{rel}","templated":true}]}}