{"id":7787,"date":"2025-01-14T09:49:24","date_gmt":"2025-01-14T08:49:24","guid":{"rendered":"https:\/\/dev.einaugenblick.com\/?post_type=product&#038;p=7787"},"modified":"2025-01-14T09:50:58","modified_gmt":"2025-01-14T08:50:58","slug":"april-2021","status":"publish","type":"product","link":"https:\/\/dev.einaugenblick.com\/index.php\/produkt\/april-2021\/","title":{"rendered":"April 2021"},"content":{"rendered":"<p><strong>Einer nach dem anderen erwachen nun auch die B\u00e4ume wieder aus ihrem langen Winterschlaf und laden Dich ein, unter ihrem dichter werdenden Bl\u00e4tterdach Platz zu nehmen und sich mit ihrer neuen Kraft zu verbinden.<\/strong><br \/>\nGleich zu Beginn des neuen Monats feiern wir Ostern und damit ebenfalls ein Ereignis, das wie kein anderes in seiner Botschaft diesen immer wiederkehrenden \u201eStirb und Werde\u201c-Prozess symbolisiert.<br \/>\nGenauso wie die Bl\u00e4tter der B\u00e4ume uns jedes Jahr wieder zeigen, dass erst etwas Altes losgelassen werden muss, um kraftvolles Neues in unser Leben einladen zu k\u00f6nnen, so erinnert uns auch das Osterfest daran, dass etwas, das sich vielleicht zuerst wie ein Verlust anf\u00fchlt, nicht das Ende ist. Sondern gleichzeitig immer auch die \u201eGeburt\u201c von etwas Neuem einl\u00e4utet.<br \/>\nLass auch Du Dich von den B\u00e4umen einladen, unter ihrem neu erwachten gr\u00fcnen Dach Platz zu nehmen und Dich erinnern zu lassen, was Du jetzt loslassen darfst. Um damit den Raum frei zu machen f\u00fcr das, was IN DIR auf Entfaltung wartet.<\/p>\n","protected":false},"excerpt":{"rendered":"<p>Einer nach dem anderen erwachen nun auch die B\u00e4ume wieder aus ihrem langen Winterschlaf und laden Dich ein, unter ihrem dichter werdenden Bl\u00e4tterdach Platz zu nehmen und sich mit ihrer neuen Kraft zu verbinden.<\/p>\n","protected":false},"featured_media":7861,"comment_status":"closed","ping_status":"closed","template":"","meta":[],"product_brand":[],"product_cat":[63],"product_tag":[],"class_list":{"0":"post-7787","1":"product","2":"type-product","3":"status-publish","4":"has-post-thumbnail","6":"product_cat-motiv-des-monats","8":"first","9":"instock","10":"shipping-taxable","11":"purchasable","12":"product-type-variable"},"_links":{"self":[{"href":"https:\/\/dev.einaugenblick.com\/index.php\/wp-json\/wp\/v2\/product\/7787","targetHints":{"allow":["GET"]}}],"collection":[{"href":"https:\/\/dev.einaugenblick.com\/index.php\/wp-json\/wp\/v2\/product"}],"about":[{"href":"https:\/\/dev.einaugenblick.com\/index.php\/wp-json\/wp\/v2\/types\/product"}],"replies":[{"embeddable":true,"href":"https:\/\/dev.einaugenblick.com\/index.php\/wp-json\/wp\/v2\/comments?post=7787"}],"version-history":[{"count":1,"href":"https:\/\/dev.einaugenblick.com\/index.php\/wp-json\/wp\/v2\/product\/7787\/revisions"}],"predecessor-version":[{"id":7862,"href":"https:\/\/dev.einaugenblick.com\/index.php\/wp-json\/wp\/v2\/product\/7787\/revisions\/7862"}],"wp:featuredmedia":[{"embeddable":true,"href":"https:\/\/dev.einaugenblick.com\/index.php\/wp-json\/wp\/v2\/media\/7861"}],"wp:attachment":[{"href":"https:\/\/dev.einaugenblick.com\/index.php\/wp-json\/wp\/v2\/media?parent=7787"}],"wp:term":[{"taxonomy":"product_brand","embeddable":true,"href":"https:\/\/dev.einaugenblick.com\/index.php\/wp-json\/wp\/v2\/product_brand?post=7787"},{"taxonomy":"product_cat","embeddable":true,"href":"https:\/\/dev.einaugenblick.com\/index.php\/wp-json\/wp\/v2\/product_cat?post=7787"},{"taxonomy":"product_tag","embeddable":true,"href":"https:\/\/dev.einaugenblick.com\/index.php\/wp-json\/wp\/v2\/product_tag?post=7787"}],"curies":[{"name":"wp","href":"https:\/\/api.w.org\/{rel}","templated":true}]}}