{"id":7788,"date":"2025-01-14T09:49:24","date_gmt":"2025-01-14T08:49:24","guid":{"rendered":"https:\/\/dev.einaugenblick.com\/?post_type=product&#038;p=7788"},"modified":"2025-01-14T09:50:45","modified_gmt":"2025-01-14T08:50:45","slug":"mai-2021","status":"publish","type":"product","link":"https:\/\/dev.einaugenblick.com\/index.php\/produkt\/mai-2021\/","title":{"rendered":"Mai 2021"},"content":{"rendered":"<p><strong>Auch wenn, nach einem ersten \u201edaran schnuppern\u201c, sich der Winter doch noch einmal kr\u00e4ftig aufgeb\u00e4umt hat, nun ist er endg\u00fcltig da! DER FR\u00dcHLING!<\/strong><br \/>\nDie Entfaltung der Natur in ihrer sch\u00f6nsten Form l\u00e4sst sich nun nicht mehr aufhalten. Die Sonne steht inzwischen so hoch und die Tage haben eine L\u00e4nge erreicht, dass ihr Licht auch in die dunklen Ecken dringt, um das dort schlafende Leben wieder nach drau\u00dfen zu locken.<br \/>\nB\u00e4ume, Str\u00e4ucher, Wiesen, sie alle erbl\u00fchen in voller Sch\u00f6nheit und Vielfalt. Insekten und Schmetterlinge beginnen ihren allj\u00e4hrlichen Tanz, um ihren Teil dazu beizutragen, diesen stetigen und ewigen Kreislauf der F\u00fclle und Lebensfreude in Gang zu halten.<br \/>\nDer Mai m\u00f6chte uns einladen, sich ebenfalls mit der Natur zu verbinden und es ihr gleich zu tun. Die nun schon sehr kr\u00e4ftigen Sonnenstrahlen auch in unsere \u201edunklen Ecken\u201c einflie\u00dfen zu lassen und alles, was uns den Winter \u00fcber schwergemacht hat, ans Licht zu holen. Um es dann \u2013 nach dem Vorbild der Natur \u2013 von der Kraft der Sonne verwandeln und die F\u00fclle und Freude wieder in unsere Seelen einflie\u00dfen zu lassen.<br \/>\nWillkommen Fr\u00fchlingsgef\u00fchle! \ud83d\ude42<\/p>\n","protected":false},"excerpt":{"rendered":"<p>Auch wenn, nach einem ersten \u201edaran schnuppern\u201c, sich der Winter doch noch einmal kr\u00e4ftig aufgeb\u00e4umt hat, nun ist er endg\u00fcltig da! DER FR\u00dcHLING!<\/p>\n","protected":false},"featured_media":7863,"comment_status":"closed","ping_status":"closed","template":"","meta":[],"product_brand":[],"product_cat":[63],"product_tag":[],"class_list":{"0":"post-7788","1":"product","2":"type-product","3":"status-publish","4":"has-post-thumbnail","6":"product_cat-motiv-des-monats","8":"first","9":"instock","10":"shipping-taxable","11":"purchasable","12":"product-type-variable"},"_links":{"self":[{"href":"https:\/\/dev.einaugenblick.com\/index.php\/wp-json\/wp\/v2\/product\/7788","targetHints":{"allow":["GET"]}}],"collection":[{"href":"https:\/\/dev.einaugenblick.com\/index.php\/wp-json\/wp\/v2\/product"}],"about":[{"href":"https:\/\/dev.einaugenblick.com\/index.php\/wp-json\/wp\/v2\/types\/product"}],"replies":[{"embeddable":true,"href":"https:\/\/dev.einaugenblick.com\/index.php\/wp-json\/wp\/v2\/comments?post=7788"}],"version-history":[{"count":1,"href":"https:\/\/dev.einaugenblick.com\/index.php\/wp-json\/wp\/v2\/product\/7788\/revisions"}],"predecessor-version":[{"id":7864,"href":"https:\/\/dev.einaugenblick.com\/index.php\/wp-json\/wp\/v2\/product\/7788\/revisions\/7864"}],"wp:featuredmedia":[{"embeddable":true,"href":"https:\/\/dev.einaugenblick.com\/index.php\/wp-json\/wp\/v2\/media\/7863"}],"wp:attachment":[{"href":"https:\/\/dev.einaugenblick.com\/index.php\/wp-json\/wp\/v2\/media?parent=7788"}],"wp:term":[{"taxonomy":"product_brand","embeddable":true,"href":"https:\/\/dev.einaugenblick.com\/index.php\/wp-json\/wp\/v2\/product_brand?post=7788"},{"taxonomy":"product_cat","embeddable":true,"href":"https:\/\/dev.einaugenblick.com\/index.php\/wp-json\/wp\/v2\/product_cat?post=7788"},{"taxonomy":"product_tag","embeddable":true,"href":"https:\/\/dev.einaugenblick.com\/index.php\/wp-json\/wp\/v2\/product_tag?post=7788"}],"curies":[{"name":"wp","href":"https:\/\/api.w.org\/{rel}","templated":true}]}}