{"id":7789,"date":"2025-01-14T09:49:24","date_gmt":"2025-01-14T08:49:24","guid":{"rendered":"https:\/\/dev.einaugenblick.com\/?post_type=product&#038;p=7789"},"modified":"2025-01-14T09:50:44","modified_gmt":"2025-01-14T08:50:44","slug":"februar-2022","status":"publish","type":"product","link":"https:\/\/dev.einaugenblick.com\/index.php\/produkt\/februar-2022\/","title":{"rendered":"Februar 2022"},"content":{"rendered":"<p><strong>Das Licht kehrt zur\u00fcck&#8230;<\/strong><\/p>\n<p>&#8230;und mit ihm die Lebensgeister.<\/p>\n<p>Noch sind die B\u00e4ume kahl, die Bl\u00e4tter lassen noch ein bisschen auf sich warten. Aber wir ahnen schon, dass in k\u00fcrzester Zeit das Leben, das sich jetzt schon in den Tiefen der Erde entfaltet, wieder f\u00fcr jeden, der all seine Sinne daf\u00fcr \u00f6ffnet, erlebbar wird.<br \/>\nWir k\u00f6nnen es schon f\u00fchlen, dass etwas Neues geboren wird. Die Tage sind nicht nur sp\u00fcrbar, sondern auch schon sichtbar l\u00e4nger. Unaufhaltsam bahnt sich das Licht seinen Weg.<\/p>\n<p>Ein neuer Zyklus ist am Werden, die Natur macht es uns vor. Sie bedauert nicht, sie hadert nicht, sie geht einfach ihrem Rhythmus nach, um uns bald wieder &#8211; trotz oft widrigster Umst\u00e4nde \u2013 mit ihrer ganzen Liebe und F\u00fclle bedingungslos zu beschenken.<\/p>\n<p>Am Himmel k\u00f6nnen wir schon das Versprechen ablesen, dass selbst die l\u00e4ngste Nacht irgendwann ein Ende nimmt und alles gut werden wird. \ud83d\ude42<\/p>\n","protected":false},"excerpt":{"rendered":"<p><strong>Das Licht kehrt zur\u00fcck&#8230;<\/strong><\/p>\n<p>&#8230;und mit ihm die Lebensgeister.<\/p>\n<p>Noch sind die B\u00e4ume kahl, die Bl\u00e4tter lassen noch ein bisschen auf sich warten. Aber wir ahnen schon, dass in k\u00fcrzester Zeit das Leben, das sich jetzt schon in den Tiefen der Erde entfaltet, wieder f\u00fcr jeden, der all seine Sinne daf\u00fcr \u00f6ffnet, erlebbar wird.<\/p>\n","protected":false},"featured_media":7865,"comment_status":"closed","ping_status":"closed","template":"","meta":[],"product_brand":[],"product_cat":[63],"product_tag":[],"class_list":{"0":"post-7789","1":"product","2":"type-product","3":"status-publish","4":"has-post-thumbnail","6":"product_cat-motiv-des-monats","8":"first","9":"instock","10":"shipping-taxable","11":"purchasable","12":"product-type-variable"},"_links":{"self":[{"href":"https:\/\/dev.einaugenblick.com\/index.php\/wp-json\/wp\/v2\/product\/7789","targetHints":{"allow":["GET"]}}],"collection":[{"href":"https:\/\/dev.einaugenblick.com\/index.php\/wp-json\/wp\/v2\/product"}],"about":[{"href":"https:\/\/dev.einaugenblick.com\/index.php\/wp-json\/wp\/v2\/types\/product"}],"replies":[{"embeddable":true,"href":"https:\/\/dev.einaugenblick.com\/index.php\/wp-json\/wp\/v2\/comments?post=7789"}],"version-history":[{"count":1,"href":"https:\/\/dev.einaugenblick.com\/index.php\/wp-json\/wp\/v2\/product\/7789\/revisions"}],"predecessor-version":[{"id":7866,"href":"https:\/\/dev.einaugenblick.com\/index.php\/wp-json\/wp\/v2\/product\/7789\/revisions\/7866"}],"wp:featuredmedia":[{"embeddable":true,"href":"https:\/\/dev.einaugenblick.com\/index.php\/wp-json\/wp\/v2\/media\/7865"}],"wp:attachment":[{"href":"https:\/\/dev.einaugenblick.com\/index.php\/wp-json\/wp\/v2\/media?parent=7789"}],"wp:term":[{"taxonomy":"product_brand","embeddable":true,"href":"https:\/\/dev.einaugenblick.com\/index.php\/wp-json\/wp\/v2\/product_brand?post=7789"},{"taxonomy":"product_cat","embeddable":true,"href":"https:\/\/dev.einaugenblick.com\/index.php\/wp-json\/wp\/v2\/product_cat?post=7789"},{"taxonomy":"product_tag","embeddable":true,"href":"https:\/\/dev.einaugenblick.com\/index.php\/wp-json\/wp\/v2\/product_tag?post=7789"}],"curies":[{"name":"wp","href":"https:\/\/api.w.org\/{rel}","templated":true}]}}