{"id":7790,"date":"2025-01-14T09:49:24","date_gmt":"2025-01-14T08:49:24","guid":{"rendered":"https:\/\/dev.einaugenblick.com\/?post_type=product&#038;p=7790"},"modified":"2025-01-14T09:50:44","modified_gmt":"2025-01-14T08:50:44","slug":"maerz-2022","status":"publish","type":"product","link":"https:\/\/dev.einaugenblick.com\/index.php\/produkt\/maerz-2022\/","title":{"rendered":"M\u00e4rz 2022"},"content":{"rendered":"<p><strong>Das Friedenslicht&#8230;<\/strong><\/p>\n<p>&#8230;m\u00f6chte jetzt in jedem einzelnen von uns angez\u00fcndet werden.<\/p>\n<p>Die Situation im Au\u00dfen kann uns derzeit in unsere tiefsten \u00c4ngste, Gef\u00fchle der Wut, Machtlosigkeit und Ohnmacht f\u00fchren. Friedensm\u00e4rsche, Spenden oder aktive Hilfe werden mit Sicherheit helfen um Erleichterung zu erfahren. Und doch wird es sich relativ schnell anf\u00fchlen wie ein bisschen Salbe und Pflaster auf einer schon wieder mal neu aufgebrochenen Wunde. Solange in uns noch alte Stacheln des Unfriedens, der Wut und Ohnmacht gegen\u00fcber bestimmten Menschen und\/oder Situationen bohren, so lange ist auch in unserer \u00e4u\u00dferen Welt kein dauerhafter Frieden m\u00f6glich.<\/p>\n<p>Das Friedenslicht m\u00f6chte Dich an Deine eigenen \u201eKriege\u201c erinnern und Dich dazu einladen Dir den Unfrieden in Deinem Innersten nun ehrlich und mutig anzuschauen. Um dann die notwendigen Schritte zu unternehmen, damit jetzt in den Frieden zu kommen. Um Deinetwillen. Und als Dein Beitrag f\u00fcr den Frieden auf unserer Erde.<\/p>\n<p>Seit Beginn der K\u00e4mpfe in der Ukraine steht das Friedenslicht bei uns im K\u00fcchenfester und ich achte darauf, dass die Flamme nicht ausgeht. Mag es f\u00fcr jeden Menschen, der es braucht, Hoffnung, Orientierung und Erinnerung sein.<\/p>\n","protected":false},"excerpt":{"rendered":"<p><strong>Das Friedenslicht&#8230;<\/strong><\/p>\n<p>&#8230;m\u00f6chte jetzt in jedem einzelnen von uns angez\u00fcndet werden.<\/p>\n<p>Die Situation im Au\u00dfen kann uns derzeit in unsere tiefsten \u00c4ngste, Gef\u00fchle der Wut, Machtlosigkeit und Ohnmacht f\u00fchren. Friedensm\u00e4rsche, Spenden oder aktive Hilfe werden mit Sicherheit helfen um Erleichterung zu erfahren. Und doch wird es sich relativ schnell anf\u00fchlen wie ein bisschen Salbe und Pflaster auf einer schon wieder mal neu aufgebrochenen Wunde. Solange in uns noch alte Stacheln des Unfriedens, der Wut und Ohnmacht gegen\u00fcber bestimmten Menschen und\/oder Situationen bohren, so lange ist auch in unserer \u00e4u\u00dferen Welt kein dauerhafter Frieden m\u00f6glich.<\/p>\n","protected":false},"featured_media":7867,"comment_status":"closed","ping_status":"closed","template":"","meta":[],"product_brand":[],"product_cat":[63],"product_tag":[],"class_list":{"0":"post-7790","1":"product","2":"type-product","3":"status-publish","4":"has-post-thumbnail","6":"product_cat-motiv-des-monats","8":"first","9":"instock","10":"shipping-taxable","11":"purchasable","12":"product-type-variable"},"_links":{"self":[{"href":"https:\/\/dev.einaugenblick.com\/index.php\/wp-json\/wp\/v2\/product\/7790","targetHints":{"allow":["GET"]}}],"collection":[{"href":"https:\/\/dev.einaugenblick.com\/index.php\/wp-json\/wp\/v2\/product"}],"about":[{"href":"https:\/\/dev.einaugenblick.com\/index.php\/wp-json\/wp\/v2\/types\/product"}],"replies":[{"embeddable":true,"href":"https:\/\/dev.einaugenblick.com\/index.php\/wp-json\/wp\/v2\/comments?post=7790"}],"version-history":[{"count":1,"href":"https:\/\/dev.einaugenblick.com\/index.php\/wp-json\/wp\/v2\/product\/7790\/revisions"}],"predecessor-version":[{"id":7868,"href":"https:\/\/dev.einaugenblick.com\/index.php\/wp-json\/wp\/v2\/product\/7790\/revisions\/7868"}],"wp:featuredmedia":[{"embeddable":true,"href":"https:\/\/dev.einaugenblick.com\/index.php\/wp-json\/wp\/v2\/media\/7867"}],"wp:attachment":[{"href":"https:\/\/dev.einaugenblick.com\/index.php\/wp-json\/wp\/v2\/media?parent=7790"}],"wp:term":[{"taxonomy":"product_brand","embeddable":true,"href":"https:\/\/dev.einaugenblick.com\/index.php\/wp-json\/wp\/v2\/product_brand?post=7790"},{"taxonomy":"product_cat","embeddable":true,"href":"https:\/\/dev.einaugenblick.com\/index.php\/wp-json\/wp\/v2\/product_cat?post=7790"},{"taxonomy":"product_tag","embeddable":true,"href":"https:\/\/dev.einaugenblick.com\/index.php\/wp-json\/wp\/v2\/product_tag?post=7790"}],"curies":[{"name":"wp","href":"https:\/\/api.w.org\/{rel}","templated":true}]}}