{"id":7792,"date":"2025-01-14T09:49:25","date_gmt":"2025-01-14T08:49:25","guid":{"rendered":"https:\/\/dev.einaugenblick.com\/?post_type=product&#038;p=7792"},"modified":"2025-01-14T09:50:44","modified_gmt":"2025-01-14T08:50:44","slug":"mai-2022","status":"publish","type":"product","link":"https:\/\/dev.einaugenblick.com\/index.php\/produkt\/mai-2022\/","title":{"rendered":"Mai 2022"},"content":{"rendered":"<p><strong>Nach Regen folgt Sonne!<\/strong><br \/>\n<strong>Aus meinen Tr\u00e4nen und Wunden forme ich nun meine WUNDER!<\/strong><\/p>\n<p>Oft ist dort, wo unser gr\u00f6\u00dfter Schmerz liegt, auch unser gr\u00f6\u00dftes Talent und Potenzial. Und der Schmerz, den wir sp\u00fcren, ist eigentlich der, nicht gesehen zu werden. In dem wer wir sind, indem was uns ausmacht und in dem, was wir der Welt zu geben haben.<\/p>\n<p>Unsere Sehns\u00fcchte und Tr\u00e4ume ertrinken in unseren Tr\u00e4nen, weil man uns gesagt hat, was an uns \u201efalsch\u201c ist und wie man uns haben m\u00f6chte. So oft und so lange, bis wir es geglaubt, uns vor uns selbst versteckt und in diese \u201efremde Form\u201c haben pressen lassen. Und haben dabei unser WAHRES Selbst vollkommen vergraben und vergessen.<\/p>\n<p>Nun erheben wir uns aus unseren Tr\u00e4nen und entfalten uns zu unserer vollkommenen Sch\u00f6nheit. W\u00e4hrend erst sie uns veredeln wie Diamanten, die in der Sonne glitzern, strecken wir uns in St\u00e4rke gereift, der Sonne und unserem vollen Potenzial entgegen.<\/p>\n<p>Willkommen, Du <span style=\"color: #ddb34c;\"><strong>VOLLKOMMENES<\/strong><\/span> Wunder des Lebens! Ich bin in Dir angekommen!<\/p>\n","protected":false},"excerpt":{"rendered":"<p><strong>Nach Regen folgt Sonne!<\/strong><br \/>\n<strong>Aus meinen Tr\u00e4nen und Wunden forme ich nun meine WUNDER!<\/strong><\/p>\n<p>Oft ist dort, wo unser gr\u00f6\u00dfter Schmerz liegt, auch unser gr\u00f6\u00dftes Talent und Potenzial. Und der Schmerz, den wir sp\u00fcren, ist eigentlich der, nicht gesehen zu werden. In dem wer wir sind, indem was uns ausmacht und in dem, was wir der Welt zu geben haben.<\/p>\n","protected":false},"featured_media":7871,"comment_status":"closed","ping_status":"closed","template":"","meta":[],"product_brand":[],"product_cat":[63],"product_tag":[],"class_list":{"0":"post-7792","1":"product","2":"type-product","3":"status-publish","4":"has-post-thumbnail","6":"product_cat-motiv-des-monats","8":"first","9":"instock","10":"shipping-taxable","11":"purchasable","12":"product-type-variable"},"_links":{"self":[{"href":"https:\/\/dev.einaugenblick.com\/index.php\/wp-json\/wp\/v2\/product\/7792","targetHints":{"allow":["GET"]}}],"collection":[{"href":"https:\/\/dev.einaugenblick.com\/index.php\/wp-json\/wp\/v2\/product"}],"about":[{"href":"https:\/\/dev.einaugenblick.com\/index.php\/wp-json\/wp\/v2\/types\/product"}],"replies":[{"embeddable":true,"href":"https:\/\/dev.einaugenblick.com\/index.php\/wp-json\/wp\/v2\/comments?post=7792"}],"version-history":[{"count":1,"href":"https:\/\/dev.einaugenblick.com\/index.php\/wp-json\/wp\/v2\/product\/7792\/revisions"}],"predecessor-version":[{"id":7872,"href":"https:\/\/dev.einaugenblick.com\/index.php\/wp-json\/wp\/v2\/product\/7792\/revisions\/7872"}],"wp:featuredmedia":[{"embeddable":true,"href":"https:\/\/dev.einaugenblick.com\/index.php\/wp-json\/wp\/v2\/media\/7871"}],"wp:attachment":[{"href":"https:\/\/dev.einaugenblick.com\/index.php\/wp-json\/wp\/v2\/media?parent=7792"}],"wp:term":[{"taxonomy":"product_brand","embeddable":true,"href":"https:\/\/dev.einaugenblick.com\/index.php\/wp-json\/wp\/v2\/product_brand?post=7792"},{"taxonomy":"product_cat","embeddable":true,"href":"https:\/\/dev.einaugenblick.com\/index.php\/wp-json\/wp\/v2\/product_cat?post=7792"},{"taxonomy":"product_tag","embeddable":true,"href":"https:\/\/dev.einaugenblick.com\/index.php\/wp-json\/wp\/v2\/product_tag?post=7792"}],"curies":[{"name":"wp","href":"https:\/\/api.w.org\/{rel}","templated":true}]}}