{"id":7793,"date":"2025-01-14T09:49:25","date_gmt":"2025-01-14T08:49:25","guid":{"rendered":"https:\/\/dev.einaugenblick.com\/?post_type=product&#038;p=7793"},"modified":"2025-01-14T09:50:44","modified_gmt":"2025-01-14T08:50:44","slug":"juni-2022","status":"publish","type":"product","link":"https:\/\/dev.einaugenblick.com\/index.php\/produkt\/juni-2022\/","title":{"rendered":"Juni 2022"},"content":{"rendered":"<p><strong>Im Rosenmonat das Leben entdecken und verstehen&#8230;<\/strong><\/p>\n<p>Hast Du schon einmal eine Rose beobachtet? Wie sie sich von innen heraus entfaltet? Vom Beginn der Knospe bis zu ihrem vollst\u00e4ndigen Erbl\u00fchen? Wie sich Blatt f\u00fcr Blatt in tiefem Vertrauen der Sonne entgegen \u00f6ffnet, sie ihren Duft verbreitet und sich dabei in jedem einzelnen Moment der Welt bedingungslos zum Geschenk macht? Jedem, der bereit ist, ihre Sch\u00f6nheit wahrzunehmen. \ud83c\udf39<\/p>\n<p>In diesem Prozess ist jeder einzelne Augenblick vollendete Sch\u00f6nheit. In jedem Schritt ist immer alles perfekt. Es gibt dabei absolut nichts zu \u201eoptimieren\u201c, zu \u201ebesch\u00f6nigen\u201c und schon garnichts zu verstecken. Und selbst dann, wenn sie ihre Bl\u00e4tter losl\u00e4sst und augenscheinlich am \u201eVerbl\u00fchen\u201c ist, tr\u00e4gt doch jedes einzelne Blatt immer noch ihren ureigenen Duft in sich. L\u00e4sst Du Dich mit Deinen Sinnen darauf ein, nimmst eines der Bl\u00e4tter in die Hand, schlie\u00dft Deine Augen und riechst daran, entfaltet sich vor Deinem inneren Auge sofort wieder all ihre perfekte Sch\u00f6nheit.<\/p>\n<p>Jede einzelne Rose ist Symbol f\u00fcr unser Leben. Wie wir es leben K\u00d6NNTEN. Wenn wir uns im Vertrauen auf den Prozess einlassen und unsere Schritte der Entfaltung annehmen, die dabei auf uns warten. Und zwar ohne sie zu bewerten. Weil wir wissen, dass jeder einzelne wichtig, hilfreich und notwendig ist, um uns in unsere vollkommene Bl\u00fcte zu f\u00fchren. \ud83c\udf3a<\/p>\n<p><strong>Bist Du schon bereit, die Einladung der Rosen anzunehmen?<\/strong><\/p>\n","protected":false},"excerpt":{"rendered":"<p><strong>Im Rosenmonat das Leben entdecken und verstehen&#8230;<\/strong><\/p>\n<p>Hast Du schon einmal eine Rose beobachtet? Wie sie sich von innen heraus entfaltet? Vom Beginn der Knospe bis zu ihrem vollst\u00e4ndigen Erbl\u00fchen? Wie sich Blatt f\u00fcr Blatt in tiefem Vertrauen der Sonne entgegen \u00f6ffnet, sie ihren Duft verbreitet und sich dabei in jedem einzelnen Moment der Welt bedingungslos zum Geschenk macht? Jedem, der bereit ist, ihre Sch\u00f6nheit wahrzunehmen. \ud83c\udf39<\/p>\n","protected":false},"featured_media":7873,"comment_status":"closed","ping_status":"closed","template":"","meta":[],"product_brand":[],"product_cat":[63],"product_tag":[],"class_list":{"0":"post-7793","1":"product","2":"type-product","3":"status-publish","4":"has-post-thumbnail","6":"product_cat-motiv-des-monats","8":"first","9":"instock","10":"shipping-taxable","11":"purchasable","12":"product-type-variable"},"_links":{"self":[{"href":"https:\/\/dev.einaugenblick.com\/index.php\/wp-json\/wp\/v2\/product\/7793","targetHints":{"allow":["GET"]}}],"collection":[{"href":"https:\/\/dev.einaugenblick.com\/index.php\/wp-json\/wp\/v2\/product"}],"about":[{"href":"https:\/\/dev.einaugenblick.com\/index.php\/wp-json\/wp\/v2\/types\/product"}],"replies":[{"embeddable":true,"href":"https:\/\/dev.einaugenblick.com\/index.php\/wp-json\/wp\/v2\/comments?post=7793"}],"version-history":[{"count":1,"href":"https:\/\/dev.einaugenblick.com\/index.php\/wp-json\/wp\/v2\/product\/7793\/revisions"}],"predecessor-version":[{"id":7874,"href":"https:\/\/dev.einaugenblick.com\/index.php\/wp-json\/wp\/v2\/product\/7793\/revisions\/7874"}],"wp:featuredmedia":[{"embeddable":true,"href":"https:\/\/dev.einaugenblick.com\/index.php\/wp-json\/wp\/v2\/media\/7873"}],"wp:attachment":[{"href":"https:\/\/dev.einaugenblick.com\/index.php\/wp-json\/wp\/v2\/media?parent=7793"}],"wp:term":[{"taxonomy":"product_brand","embeddable":true,"href":"https:\/\/dev.einaugenblick.com\/index.php\/wp-json\/wp\/v2\/product_brand?post=7793"},{"taxonomy":"product_cat","embeddable":true,"href":"https:\/\/dev.einaugenblick.com\/index.php\/wp-json\/wp\/v2\/product_cat?post=7793"},{"taxonomy":"product_tag","embeddable":true,"href":"https:\/\/dev.einaugenblick.com\/index.php\/wp-json\/wp\/v2\/product_tag?post=7793"}],"curies":[{"name":"wp","href":"https:\/\/api.w.org\/{rel}","templated":true}]}}