{"id":7794,"date":"2025-01-14T09:49:25","date_gmt":"2025-01-14T08:49:25","guid":{"rendered":"https:\/\/dev.einaugenblick.com\/?post_type=product&#038;p=7794"},"modified":"2025-01-14T09:50:44","modified_gmt":"2025-01-14T08:50:44","slug":"juli-2022","status":"publish","type":"product","link":"https:\/\/dev.einaugenblick.com\/index.php\/produkt\/juli-2022\/","title":{"rendered":"Juli 2022"},"content":{"rendered":"<p><strong>Der scheinbare Widerspruch des Sommeranfangs&#8230;<\/strong><br \/>\n&#8230;am 21.06.2022 ist bei uns auf der n\u00f6rdlichen Halbkugel der sog. &#8222;kalendarische Sommeranfang&#8220;. Am selben Tag feiern wir aber auch die Sommersonnenwende.<\/p>\n<p>Zu diesem Zeitpunkt hat die Sonne ihren h\u00f6chsten Stand erreicht, das bedeutet wir haben den l\u00e4ngsten Tag und die k\u00fcrzeste Nacht. In dieser Position steht sie drei Tage lang, bevor sie dann anf\u00e4ngt sich wieder zur\u00fcck zu ziehen.<\/p>\n<p>Die Natur ist f\u00fcr uns da einmal mehr die allerbeste Lehrmeisterin. Denn &#8211; zusammen mit dem Winteranfang &#8211; k\u00f6nnen wir in diesen beiden Zeitr\u00e4umen ganz klar erkennen, dass &#8222;Anfang und Ende&#8220; stets untrennbar zusammengeh\u00f6ren.<\/p>\n<p>Wie oft tun wir uns unglaublich schwer ein &#8222;Ende&#8220; zu akzeptieren, weil wir in unserer Konzentration auf den &#8222;Verlust&#8220; ganz vergessen, dass der Anfang von etwas Neuem darin IMMER schon enthalten ist. Wie oft halten wir an etwas fest &#8211; und sei es noch so schmerzhaft &#8211; aus Angst davor, dass es ohne das, was gehen m\u00f6chte, kein &#8222;Morgen&#8220; mehr gibt?<\/p>\n<p>Die Natur trauert nicht \u00fcber einen &#8222;verlorenen&#8220; Sommer. Sie w\u00fcrdigt das was war und schenkt uns die Fr\u00fcchte dessen, was daraus entstanden ist. Gleichzeitig begibt sie sich vertrauensvoll in den nat\u00fcrlichen Fluss und gleitet in ihrem eigenen Tempo hin\u00fcber in eine langsam beginnende neue (Jahres)Zeit. \ud83c\udf42\ud83c\udf41<\/p>\n<p>Wie viel Schmerz k\u00f6nnten wir uns ersparen, wenn auch wir nicht krampfhaft an etwas festklammern w\u00fcrden, das bereits gegangen ist, sondern es w\u00fcrdigen mit allem was es uns geschenkt und gelehrt hat. Und uns dabei vertrauensvoll, neugierig und offen dem zuwenden, was nun zu uns kommen m\u00f6chte&#8230;<\/p>\n","protected":false},"excerpt":{"rendered":"<p><strong>Der scheinbare Widerspruch des Sommeranfangs&#8230;<\/strong><br \/>\n&#8230;am 21.06.2022 ist bei uns auf der n\u00f6rdlichen Halbkugel der sog. &#8222;kalendarische Sommeranfang&#8220;. Am selben Tag feiern wir aber auch die Sommersonnenwende.<\/p>\n","protected":false},"featured_media":7875,"comment_status":"closed","ping_status":"closed","template":"","meta":[],"product_brand":[],"product_cat":[63],"product_tag":[],"class_list":{"0":"post-7794","1":"product","2":"type-product","3":"status-publish","4":"has-post-thumbnail","6":"product_cat-motiv-des-monats","8":"first","9":"instock","10":"shipping-taxable","11":"purchasable","12":"product-type-variable"},"_links":{"self":[{"href":"https:\/\/dev.einaugenblick.com\/index.php\/wp-json\/wp\/v2\/product\/7794","targetHints":{"allow":["GET"]}}],"collection":[{"href":"https:\/\/dev.einaugenblick.com\/index.php\/wp-json\/wp\/v2\/product"}],"about":[{"href":"https:\/\/dev.einaugenblick.com\/index.php\/wp-json\/wp\/v2\/types\/product"}],"replies":[{"embeddable":true,"href":"https:\/\/dev.einaugenblick.com\/index.php\/wp-json\/wp\/v2\/comments?post=7794"}],"version-history":[{"count":1,"href":"https:\/\/dev.einaugenblick.com\/index.php\/wp-json\/wp\/v2\/product\/7794\/revisions"}],"predecessor-version":[{"id":7876,"href":"https:\/\/dev.einaugenblick.com\/index.php\/wp-json\/wp\/v2\/product\/7794\/revisions\/7876"}],"wp:featuredmedia":[{"embeddable":true,"href":"https:\/\/dev.einaugenblick.com\/index.php\/wp-json\/wp\/v2\/media\/7875"}],"wp:attachment":[{"href":"https:\/\/dev.einaugenblick.com\/index.php\/wp-json\/wp\/v2\/media?parent=7794"}],"wp:term":[{"taxonomy":"product_brand","embeddable":true,"href":"https:\/\/dev.einaugenblick.com\/index.php\/wp-json\/wp\/v2\/product_brand?post=7794"},{"taxonomy":"product_cat","embeddable":true,"href":"https:\/\/dev.einaugenblick.com\/index.php\/wp-json\/wp\/v2\/product_cat?post=7794"},{"taxonomy":"product_tag","embeddable":true,"href":"https:\/\/dev.einaugenblick.com\/index.php\/wp-json\/wp\/v2\/product_tag?post=7794"}],"curies":[{"name":"wp","href":"https:\/\/api.w.org\/{rel}","templated":true}]}}