{"id":7795,"date":"2025-01-14T09:49:25","date_gmt":"2025-01-14T08:49:25","guid":{"rendered":"https:\/\/dev.einaugenblick.com\/?post_type=product&#038;p=7795"},"modified":"2025-01-14T09:50:44","modified_gmt":"2025-01-14T08:50:44","slug":"august-2022","status":"publish","type":"product","link":"https:\/\/dev.einaugenblick.com\/index.php\/produkt\/august-2022\/","title":{"rendered":"August 2022"},"content":{"rendered":"<p><strong>Wer darf Platz nehmen in Deinem &#8222;Boot des Lebens&#8220;?<\/strong><\/p>\n<p>Jeder kann sp\u00fcren, dass wir uns in bewegten Zeiten voll notwendiger, neuer Wege und Entscheidungen befinden. &#8222;Die See ist rau&#8220; und so manch unerwartete Wellen, au\u00dfen wie innen, sch\u00fctteln uns doch mehr durch als wir es wahrhaben wollten oder geahnt haben. Immer klarer wird, dass ein &#8222;weiter so!&#8220; nun nicht mehr m\u00f6glich ist.<\/p>\n<p>Auch sp\u00fcren wir immer deutlicher, dass nicht mehr alle Passagiere auf unserem &#8222;Boot des Lebens&#8220; mit uns im selben Wind segeln. Dass es an der Zeit ist, den einen oder die andere in naher Zukunft in Frieden, Liebe und Dankbarkeit f\u00fcr den gemeinsamen Weg aussteigen und in die Freiheit zu entlassen, um auf dem ganz eigenen Kurs weiter zu segeln. \ud83d\ude0a<\/p>\n<p>In der schamanischen Lehre ist das &#8222;Seelenboot&#8220; ein wichtiges Tool. Es hilft uns dabei, immer wieder zu sp\u00fcren, wer oder was in unserem Leben die Segel so setzt, dass sie das gesamte Boot optimal im Gleichgewicht halten und somit ALLE an Bord leicht und gesund voran bringen. Sobald wir also sp\u00fcren, dass unser Boot nicht mehr so optimal &#8222;auf Kurs&#8220; ist, wird es Zeit, mal wieder einen Blick auf all die &#8222;Mitfahrer&#8220; zu werfen und zu \u00fcberpr\u00fcfen, wer oder was uns denn da &#8222;ins Schlingern&#8220; bringt. Das k\u00f6nnen sowohl Menschen, aber auch innere Aspekte wie Schatten, Gef\u00fchle, nie \u00fcberpr\u00fcfte Ansichten, Angewohnheiten oder Glaubensmuster sein.<\/p>\n<p>Wann hast Du das letzte Mal \u00fcberpr\u00fcft, ob Deine &#8222;Crew&#8220; dem optimalen Kurs Deines Lebens heute noch dient? Vielleicht ist ja GENAU JETZT ein guter Zeitpunkt daf\u00fcr&#8230; \ud83d\ude0a<\/p>\n","protected":false},"excerpt":{"rendered":"<p><strong>Wer darf Platz nehmen in Deinem &#8222;Boot des Lebens&#8220;?<\/strong><\/p>\n<p>Jeder kann sp\u00fcren, dass wir uns in bewegten Zeiten voll notwendiger, neuer Wege und Entscheidungen befinden. &#8222;Die See ist rau&#8220; und so manch unerwartete Wellen, au\u00dfen wie innen, sch\u00fctteln uns doch mehr durch als wir es wahrhaben wollten oder geahnt haben. Immer klarer wird, dass ein &#8222;weiter so!&#8220; nun nicht mehr m\u00f6glich ist.<\/p>\n","protected":false},"featured_media":7877,"comment_status":"closed","ping_status":"closed","template":"","meta":[],"product_brand":[],"product_cat":[63],"product_tag":[],"class_list":{"0":"post-7795","1":"product","2":"type-product","3":"status-publish","4":"has-post-thumbnail","6":"product_cat-motiv-des-monats","8":"first","9":"instock","10":"shipping-taxable","11":"purchasable","12":"product-type-variable"},"_links":{"self":[{"href":"https:\/\/dev.einaugenblick.com\/index.php\/wp-json\/wp\/v2\/product\/7795","targetHints":{"allow":["GET"]}}],"collection":[{"href":"https:\/\/dev.einaugenblick.com\/index.php\/wp-json\/wp\/v2\/product"}],"about":[{"href":"https:\/\/dev.einaugenblick.com\/index.php\/wp-json\/wp\/v2\/types\/product"}],"replies":[{"embeddable":true,"href":"https:\/\/dev.einaugenblick.com\/index.php\/wp-json\/wp\/v2\/comments?post=7795"}],"version-history":[{"count":1,"href":"https:\/\/dev.einaugenblick.com\/index.php\/wp-json\/wp\/v2\/product\/7795\/revisions"}],"predecessor-version":[{"id":7878,"href":"https:\/\/dev.einaugenblick.com\/index.php\/wp-json\/wp\/v2\/product\/7795\/revisions\/7878"}],"wp:featuredmedia":[{"embeddable":true,"href":"https:\/\/dev.einaugenblick.com\/index.php\/wp-json\/wp\/v2\/media\/7877"}],"wp:attachment":[{"href":"https:\/\/dev.einaugenblick.com\/index.php\/wp-json\/wp\/v2\/media?parent=7795"}],"wp:term":[{"taxonomy":"product_brand","embeddable":true,"href":"https:\/\/dev.einaugenblick.com\/index.php\/wp-json\/wp\/v2\/product_brand?post=7795"},{"taxonomy":"product_cat","embeddable":true,"href":"https:\/\/dev.einaugenblick.com\/index.php\/wp-json\/wp\/v2\/product_cat?post=7795"},{"taxonomy":"product_tag","embeddable":true,"href":"https:\/\/dev.einaugenblick.com\/index.php\/wp-json\/wp\/v2\/product_tag?post=7795"}],"curies":[{"name":"wp","href":"https:\/\/api.w.org\/{rel}","templated":true}]}}