{"id":7797,"date":"2025-01-14T09:49:25","date_gmt":"2025-01-14T08:49:25","guid":{"rendered":"https:\/\/dev.einaugenblick.com\/?post_type=product&#038;p=7797"},"modified":"2025-01-14T09:50:44","modified_gmt":"2025-01-14T08:50:44","slug":"oktober-2022","status":"publish","type":"product","link":"https:\/\/dev.einaugenblick.com\/index.php\/produkt\/oktober-2022\/","title":{"rendered":"Oktober 2022"},"content":{"rendered":"<p><strong>Wenn die V\u00f6gel ihre Reise in den S\u00fcden antreten und den Drachen am Himmel Platz machen, l\u00e4sst es sich nicht mehr leugnen: der Herbst ist da!<\/strong> \ud83d\ude0a \ud83c\udf41 \ud83c\udf42<\/p>\n<p>Nicht nur die V\u00f6gel sammeln sich nun nach und nach zum Zug in w\u00e4rmere Regionen, auch die Pflanzenwelt tritt mehr und mehr ihren R\u00fcckzug zu ihren Wurzeln an. W\u00e4hrend Wind und Nebel st\u00e4rker werden, gibt die Sonne nochmal alles, um unsere Welt in ein wundersch\u00f6nes, goldenes Licht zu tauchen und uns mit ihren Strahlen, in den nun immer k\u00fcrzer werdenden Tagen, bis tief in unsere Herzen aufzuw\u00e4rmen. \u2600\ufe0f<\/p>\n<p>Das Spiel der Drachen mit dem Wind spiegelt uns die Verbundenheit mit Himmel und Erde ganz genauso, wie die individuelle Freiheit, die uns zum Tanz mit den Elementen einladen m\u00f6chte. Legen wir uns in den Strom, um uns von ihm tragen zu lassen, geht alles spielerisch und leicht.<\/p>\n<p>Versuchen wir dagegen, diesen nat\u00fcrlichen Fluss zu ignorieren, um unseren eigenen Willen durchzusetzen, k\u00f6nnen wir uns leicht in den energetischen Leinen der anderen &#8222;verheddern&#8220; oder unseren (Lebens)Drachen anderweitig zum Absturz bringen.<\/p>\n<p>Ich glaube wir alle schauen, unabh\u00e4ngig vom Alter, deswegen so gerne den Drachen am Himmel zu, weil wir instinktiv, tief in uns diese Metapher des Lebens verstehen.<\/p>\n<p>Dieser Herbst m\u00f6chte Dich mehr als jeder andere zuvor dazu einladen, nun damit zu beginnen, MIT den Elementen zu gehen und im Einklang mit Ihnen Deinen ureigenen Lebenstanz zu tanzen&#8230; \ud83d\udd7a\ud83d\udc83<\/p>\n","protected":false},"excerpt":{"rendered":"<p><strong>Wenn die V\u00f6gel ihre Reise in den S\u00fcden antreten und den Drachen am Himmel Platz machen, l\u00e4sst es sich nicht mehr leugnen: der Herbst ist da!<\/strong> \ud83d\ude0a \ud83c\udf41 \ud83c\udf42<\/p>\n","protected":false},"featured_media":7881,"comment_status":"closed","ping_status":"closed","template":"","meta":[],"product_brand":[],"product_cat":[63],"product_tag":[],"class_list":{"0":"post-7797","1":"product","2":"type-product","3":"status-publish","4":"has-post-thumbnail","6":"product_cat-motiv-des-monats","8":"first","9":"instock","10":"shipping-taxable","11":"purchasable","12":"product-type-variable"},"_links":{"self":[{"href":"https:\/\/dev.einaugenblick.com\/index.php\/wp-json\/wp\/v2\/product\/7797","targetHints":{"allow":["GET"]}}],"collection":[{"href":"https:\/\/dev.einaugenblick.com\/index.php\/wp-json\/wp\/v2\/product"}],"about":[{"href":"https:\/\/dev.einaugenblick.com\/index.php\/wp-json\/wp\/v2\/types\/product"}],"replies":[{"embeddable":true,"href":"https:\/\/dev.einaugenblick.com\/index.php\/wp-json\/wp\/v2\/comments?post=7797"}],"version-history":[{"count":1,"href":"https:\/\/dev.einaugenblick.com\/index.php\/wp-json\/wp\/v2\/product\/7797\/revisions"}],"predecessor-version":[{"id":7882,"href":"https:\/\/dev.einaugenblick.com\/index.php\/wp-json\/wp\/v2\/product\/7797\/revisions\/7882"}],"wp:featuredmedia":[{"embeddable":true,"href":"https:\/\/dev.einaugenblick.com\/index.php\/wp-json\/wp\/v2\/media\/7881"}],"wp:attachment":[{"href":"https:\/\/dev.einaugenblick.com\/index.php\/wp-json\/wp\/v2\/media?parent=7797"}],"wp:term":[{"taxonomy":"product_brand","embeddable":true,"href":"https:\/\/dev.einaugenblick.com\/index.php\/wp-json\/wp\/v2\/product_brand?post=7797"},{"taxonomy":"product_cat","embeddable":true,"href":"https:\/\/dev.einaugenblick.com\/index.php\/wp-json\/wp\/v2\/product_cat?post=7797"},{"taxonomy":"product_tag","embeddable":true,"href":"https:\/\/dev.einaugenblick.com\/index.php\/wp-json\/wp\/v2\/product_tag?post=7797"}],"curies":[{"name":"wp","href":"https:\/\/api.w.org\/{rel}","templated":true}]}}