{"id":7798,"date":"2025-01-14T09:49:26","date_gmt":"2025-01-14T08:49:26","guid":{"rendered":"https:\/\/dev.einaugenblick.com\/?post_type=product&#038;p=7798"},"modified":"2025-01-14T09:50:09","modified_gmt":"2025-01-14T08:50:09","slug":"exklusiver-adventskalender-2023","status":"publish","type":"product","link":"https:\/\/dev.einaugenblick.com\/index.php\/produkt\/exklusiver-adventskalender-2023\/","title":{"rendered":"Exklusiver Adventskalender 2023"},"content":{"rendered":"<p><strong>Verschenke dieses Jahr doch nicht nur Deinen mit Abstand pers\u00f6nlichsten Adventskalender, sondern gleichzeitig auch noch eine bleibende Erinnerung!<\/strong><\/p>\n<p>Mit seinem edlen Druck auf einer 60 \u00d7 80 cm gro\u00dfen Hartschaumplatte (wahlweise mit oder ohne Aufh\u00e4ngung lieferbar) bietet er Platz f\u00fcr 24 Deiner sch\u00f6nsten Fotos. Den Text oben rechts auf Deinem Adventskalender kannst Du frei bestimmen. (Deinen Wunschtext bei der Bestellung bitte angeben) Jeden Tag verschenkst Du so nicht nur eine kleine \u00dcberraschung, sondern gleichzeitig auch noch eine Erinnerung an insgesamt 24 Deiner sch\u00f6nen Momente.<br \/>\nDie mitgelieferten Leinen-Stoffs\u00e4ckchen bieten jeweils zus\u00e4tzlich auch noch Platz f\u00fcr eine kleine Advents-Leckerei. Und am 24. Dezember ist aus all Deinen sch\u00f6nen Bildern eine fertige Fotocollage geworden, an der alle noch lange Freude haben.<\/p>\n<p><strong>Im Lieferumfang enthalten sind:<\/strong><\/p>\n<ul>\n<li>Edel bedruckte Hartschaumplatte Format 60 \u00d7 80 cm (St\u00e4rke 5 mm)<\/li>\n<li>24 Leinen-Stoffs\u00e4ckchen im Format 10 \u00d7 14 cm (ca.)<\/li>\n<li>Deine 24 Fotos im Format 7 \u00d7 10 cm, gedruckt auf selbstklebendem Fotopapier<\/li>\n<\/ul>\n<p><span style=\"color: #d59b03;\">Beim Hochladen der Fotos bitte unbedingt darauf achten, dass es<strong> 21 St\u00fcck im Hochformat und 3 St\u00fcck im Querformat<\/strong> sind. (Siehe die Bildausschnitte auf der Hintergrundvorlage). Bei Fragen, einer evtl. gew\u00fcnschten Bildbearbeitung oder speziellem Zuschnitt der Motive, bitte vorab telefonisch oder per E-Mail melden. Vielen Dank!<\/span><\/p>\n<p>&nbsp;<\/p>\n<p><span style=\"color: #ff0000;\">Bestellschluss ist der 22. November 2023, damit Dein Kalender auch noch rechtzeitig zum \u00d6ffnen des ersten S\u00e4ckchens am 01. Dezember ankommt.<\/span><\/p>\n","protected":false},"excerpt":{"rendered":"<p><strong>Verschenke dieses Jahr doch nicht nur Deinen mit Abstand pers\u00f6nlichsten Adventskalender, sondern gleichzeitig auch noch eine bleibende Erinnerung!<\/strong><\/p>\n<p><span style=\"color: #ff0000;\">Bestellschluss ist der 22. November 2023, damit Dein Kalender auch noch rechtzeitig zum \u00d6ffnen des ersten S\u00e4ckchens am 01. Dezember ankommt.<\/span><\/p>\n","protected":false},"featured_media":7883,"comment_status":"closed","ping_status":"closed","template":"","meta":[],"product_brand":[],"product_cat":[65],"product_tag":[],"class_list":{"0":"post-7798","1":"product","2":"type-product","3":"status-publish","4":"has-post-thumbnail","6":"product_cat-kalender","8":"first","9":"instock","10":"sold-individually","11":"shipping-taxable","12":"purchasable","13":"product-type-variable"},"_links":{"self":[{"href":"https:\/\/dev.einaugenblick.com\/index.php\/wp-json\/wp\/v2\/product\/7798","targetHints":{"allow":["GET"]}}],"collection":[{"href":"https:\/\/dev.einaugenblick.com\/index.php\/wp-json\/wp\/v2\/product"}],"about":[{"href":"https:\/\/dev.einaugenblick.com\/index.php\/wp-json\/wp\/v2\/types\/product"}],"replies":[{"embeddable":true,"href":"https:\/\/dev.einaugenblick.com\/index.php\/wp-json\/wp\/v2\/comments?post=7798"}],"version-history":[{"count":1,"href":"https:\/\/dev.einaugenblick.com\/index.php\/wp-json\/wp\/v2\/product\/7798\/revisions"}],"predecessor-version":[{"id":7884,"href":"https:\/\/dev.einaugenblick.com\/index.php\/wp-json\/wp\/v2\/product\/7798\/revisions\/7884"}],"wp:featuredmedia":[{"embeddable":true,"href":"https:\/\/dev.einaugenblick.com\/index.php\/wp-json\/wp\/v2\/media\/7883"}],"wp:attachment":[{"href":"https:\/\/dev.einaugenblick.com\/index.php\/wp-json\/wp\/v2\/media?parent=7798"}],"wp:term":[{"taxonomy":"product_brand","embeddable":true,"href":"https:\/\/dev.einaugenblick.com\/index.php\/wp-json\/wp\/v2\/product_brand?post=7798"},{"taxonomy":"product_cat","embeddable":true,"href":"https:\/\/dev.einaugenblick.com\/index.php\/wp-json\/wp\/v2\/product_cat?post=7798"},{"taxonomy":"product_tag","embeddable":true,"href":"https:\/\/dev.einaugenblick.com\/index.php\/wp-json\/wp\/v2\/product_tag?post=7798"}],"curies":[{"name":"wp","href":"https:\/\/api.w.org\/{rel}","templated":true}]}}