{"id":7838,"date":"2025-01-14T09:49:48","date_gmt":"2025-01-14T08:49:48","guid":{"rendered":"https:\/\/dev.einaugenblick.com\/?post_type=product&#038;p=7838"},"modified":"2025-01-14T09:50:17","modified_gmt":"2025-01-14T08:50:17","slug":"motiv-des-monats-mini","status":"publish","type":"product","link":"https:\/\/dev.einaugenblick.com\/index.php\/produkt\/motiv-des-monats-mini\/","title":{"rendered":"Motiv des Monats-Mini"},"content":{"rendered":"<p><strong>Der \u201eMotiv des Monats-Mini\u201c<\/strong><\/p>\n<p>ist wie eine Cabrio-Fahrt durch das Jahr, w\u00e4hrend der Du Dir immer die aktuellen Monatsenergien um die Nase wehen lassen kannst. In manchen Momenten magst Du vielleicht ganz in das jeweilige Bild eintauchen, in anderen Dich dagegen von den Texten daran erinnern lassen, welch wundervolle Lehrmeisterin die Natur immer wieder f\u00fcr uns ist.<br \/>\nZusammengestellt aus den sch\u00f6nsten Motiven meiner Rubrik \u201eMotiv des Monats\u201c kutschiert Dich der \u201eMini\u201c durch Dein Jahr und ist dabei doch zeitlos. Denn obwohl die Natur sich in stetiger Ver\u00e4nderung befindet, hat ihr Kreislauf dabei doch eine Kontinuit\u00e4t, die uns stets sicher anleitet, begleitet und f\u00fchrt.<\/p>\n<p><strong>Ich w\u00fcnsche Dir damit eine wundervolle Reise durch Dein Jahr.<\/strong><\/p>\n<p>Tischaufsteller im Format 14\u00d714 cm \u2013 24 Seiten zum Umbl\u00e4ttern mit jeweils einem Monatsbild und\/oder einer Monatsbotschaft in edler Druckqualit\u00e4t auf Premium-Matt-Papier in Grammatur 250 g\/m\u00b2. Der \u201eMini\u201c enth\u00e4lt KEIN Kalendarium.<\/p>\n","protected":false},"excerpt":{"rendered":"<p><strong>Der \u201eMotiv des Monats-Mini\u201c<\/strong><\/p>\n<p>ist wie eine Cabrio-Fahrt durch das Jahr, w\u00e4hrend der Du Dir immer die aktuellen Monatsenergien um die Nase wehen lassen kannst. In manchen Momenten magst Du vielleicht ganz in das jeweilige Bild eintauchen, in anderen Dich dagegen von den Texten daran erinnern lassen, welch wundervolle Lehrmeisterin die Natur immer wieder f\u00fcr uns ist.<\/p>\n","protected":false},"featured_media":7909,"comment_status":"open","ping_status":"closed","template":"","meta":[],"product_brand":[],"product_cat":[65,63],"product_tag":[],"class_list":{"0":"post-7838","1":"product","2":"type-product","3":"status-publish","4":"has-post-thumbnail","6":"product_cat-kalender","7":"product_cat-motiv-des-monats","9":"first","10":"instock","11":"shipping-taxable","12":"purchasable","13":"product-type-simple"},"_links":{"self":[{"href":"https:\/\/dev.einaugenblick.com\/index.php\/wp-json\/wp\/v2\/product\/7838","targetHints":{"allow":["GET"]}}],"collection":[{"href":"https:\/\/dev.einaugenblick.com\/index.php\/wp-json\/wp\/v2\/product"}],"about":[{"href":"https:\/\/dev.einaugenblick.com\/index.php\/wp-json\/wp\/v2\/types\/product"}],"replies":[{"embeddable":true,"href":"https:\/\/dev.einaugenblick.com\/index.php\/wp-json\/wp\/v2\/comments?post=7838"}],"version-history":[{"count":1,"href":"https:\/\/dev.einaugenblick.com\/index.php\/wp-json\/wp\/v2\/product\/7838\/revisions"}],"predecessor-version":[{"id":7910,"href":"https:\/\/dev.einaugenblick.com\/index.php\/wp-json\/wp\/v2\/product\/7838\/revisions\/7910"}],"wp:featuredmedia":[{"embeddable":true,"href":"https:\/\/dev.einaugenblick.com\/index.php\/wp-json\/wp\/v2\/media\/7909"}],"wp:attachment":[{"href":"https:\/\/dev.einaugenblick.com\/index.php\/wp-json\/wp\/v2\/media?parent=7838"}],"wp:term":[{"taxonomy":"product_brand","embeddable":true,"href":"https:\/\/dev.einaugenblick.com\/index.php\/wp-json\/wp\/v2\/product_brand?post=7838"},{"taxonomy":"product_cat","embeddable":true,"href":"https:\/\/dev.einaugenblick.com\/index.php\/wp-json\/wp\/v2\/product_cat?post=7838"},{"taxonomy":"product_tag","embeddable":true,"href":"https:\/\/dev.einaugenblick.com\/index.php\/wp-json\/wp\/v2\/product_tag?post=7838"}],"curies":[{"name":"wp","href":"https:\/\/api.w.org\/{rel}","templated":true}]}}