{"id":7839,"date":"2025-01-14T09:49:48","date_gmt":"2025-01-14T08:49:48","guid":{"rendered":"https:\/\/dev.einaugenblick.com\/?post_type=product&#038;p=7839"},"modified":"2025-01-14T09:50:29","modified_gmt":"2025-01-14T08:50:29","slug":"dezember-2022","status":"publish","type":"product","link":"https:\/\/dev.einaugenblick.com\/index.php\/produkt\/dezember-2022\/","title":{"rendered":"Dezember 2022"},"content":{"rendered":"<p><strong>Das alte Jahr neigt sich dem Ende zu und das Neue liegt wie ein unbekannter und noch nicht ergr\u00fcndeter See vor uns.<\/strong><\/p>\n<p>Was nehmen wir mit an Erkenntnissen aus dem nun zu Ende gehenden Jahr? Und was lassen wir gerne zur\u00fcck? Welche Hoffnungen durften begraben werden und welche neuen sind erwacht? Was hat sich bew\u00e4hrt und was darf inzwischen auch leichten Herzens gehen?<\/p>\n<p>Gab es Momente, in denen es uns ges\u00fcnder erschien, dass wir unser Herz unter einer dicken Eisdecke verstecken? Und sind wir nun bereit, es St\u00fcck f\u00fcr St\u00fcck auch wieder frei zu lassen, um uns wieder ganz neu auf dieses Abenteuer Leben einzulassen?<\/p>\n<p>Selbst unter der dicksten Eisdecke eines zugefrorenen Sees gibt es doch immer noch eine Menge Leben. Genauso verh\u00e4lt es sich in unseren Herzen. Mag die Eisschicht auch noch so dick sein, die wir zu unserem Schutz irgendwann einmal eingerichtet haben, fr\u00fcher oder sp\u00e4ter wird all das Lebendige darunter uns rufen. Es wird uns daran erinnern, dass es von uns gelebt werden m\u00f6chte. Dann ist der Moment gekommen, wo kleine Risse immer ein bisschen mehr Licht hereinlassen. Und mit jedem Lichtstrahl auch die W\u00e4rme.<br \/>\nDas Eis darf schmelzen und wird uns in der Einheit mit all unseren geheilten Wunden noch sch\u00f6ner machen. Winter ist Ruhezeit. Winter ist die Zeit um zu heilen. Winter ist Vorbereitung auf einen neuen Zyklus. Der Winter komplettiert den Kreislauf des Jahres und gibt uns die n\u00f6tige Ruhe und Zeit, um im Fr\u00fchjahr dann in ganz neuer Kraft in den Kreislauf eines neuen Jahres starten zu k\u00f6nnen. Wenn wir bereit sind seine Einladung annehmen und uns die Zeit f\u00fcr uns und unsere Heilung zu nehmen.<\/p>\n","protected":false},"excerpt":{"rendered":"<p><strong>Das alte Jahr neigt sich dem Ende zu und das Neue liegt wie ein unbekannter und noch nicht ergr\u00fcndeter See vor uns.<\/strong><\/p>\n<p>Was nehmen wir mit an Erkenntnissen aus dem nun zu Ende gehenden Jahr? Und was lassen wir gerne zur\u00fcck? Welche Hoffnungen durften begraben werden und welche neuen sind erwacht? Was hat sich bew\u00e4hrt und was darf inzwischen auch leichten Herzens gehen?<\/p>\n<p><strong>\u00a0<\/strong><\/p>\n","protected":false},"featured_media":7919,"comment_status":"closed","ping_status":"closed","template":"","meta":[],"product_brand":[],"product_cat":[63],"product_tag":[],"class_list":{"0":"post-7839","1":"product","2":"type-product","3":"status-publish","4":"has-post-thumbnail","6":"product_cat-motiv-des-monats","8":"first","9":"instock","10":"shipping-taxable","11":"purchasable","12":"product-type-variable"},"_links":{"self":[{"href":"https:\/\/dev.einaugenblick.com\/index.php\/wp-json\/wp\/v2\/product\/7839","targetHints":{"allow":["GET"]}}],"collection":[{"href":"https:\/\/dev.einaugenblick.com\/index.php\/wp-json\/wp\/v2\/product"}],"about":[{"href":"https:\/\/dev.einaugenblick.com\/index.php\/wp-json\/wp\/v2\/types\/product"}],"replies":[{"embeddable":true,"href":"https:\/\/dev.einaugenblick.com\/index.php\/wp-json\/wp\/v2\/comments?post=7839"}],"version-history":[{"count":1,"href":"https:\/\/dev.einaugenblick.com\/index.php\/wp-json\/wp\/v2\/product\/7839\/revisions"}],"predecessor-version":[{"id":7920,"href":"https:\/\/dev.einaugenblick.com\/index.php\/wp-json\/wp\/v2\/product\/7839\/revisions\/7920"}],"wp:featuredmedia":[{"embeddable":true,"href":"https:\/\/dev.einaugenblick.com\/index.php\/wp-json\/wp\/v2\/media\/7919"}],"wp:attachment":[{"href":"https:\/\/dev.einaugenblick.com\/index.php\/wp-json\/wp\/v2\/media?parent=7839"}],"wp:term":[{"taxonomy":"product_brand","embeddable":true,"href":"https:\/\/dev.einaugenblick.com\/index.php\/wp-json\/wp\/v2\/product_brand?post=7839"},{"taxonomy":"product_cat","embeddable":true,"href":"https:\/\/dev.einaugenblick.com\/index.php\/wp-json\/wp\/v2\/product_cat?post=7839"},{"taxonomy":"product_tag","embeddable":true,"href":"https:\/\/dev.einaugenblick.com\/index.php\/wp-json\/wp\/v2\/product_tag?post=7839"}],"curies":[{"name":"wp","href":"https:\/\/api.w.org\/{rel}","templated":true}]}}