{"id":7840,"date":"2025-01-14T09:49:48","date_gmt":"2025-01-14T08:49:48","guid":{"rendered":"https:\/\/dev.einaugenblick.com\/?post_type=product&#038;p=7840"},"modified":"2025-01-14T09:50:29","modified_gmt":"2025-01-14T08:50:29","slug":"januar-2023","status":"publish","type":"product","link":"https:\/\/dev.einaugenblick.com\/index.php\/produkt\/januar-2023\/","title":{"rendered":"Januar 2023"},"content":{"rendered":"<p><strong>Die alten Sagen lehren uns, dass w\u00e4hrend der Rauhn\u00e4chte-Zeit, die gerade zu Ende gegangen ist, die R\u00e4der stillstehen sollen.<\/strong><\/p>\n<p>Gemeint waren damit die R\u00e4der der Landmaschinen, die Spinnr\u00e4der, als auch die weitschwingenden R\u00f6cke und Kleider der M\u00e4dchen und Frauen, die sich beim Tanz drehten. W\u00e4hrend dieser heiligen Zeit sollte Stille einkehren, die Arbeit ruhen und sowohl die M\u00e4nner als auch Frauen sich erholen. Genau so, wie es uns die Natur vormacht.<\/p>\n<p>Obwohl jeder sp\u00fcren kann, dass in dieser Zeit irgendwie eine bestimmte Magie in der Luft liegt, erlauben wir uns heute oft nicht mehr, es der Natur gleich zu tun, uns nach innen zu richten, um neue Samen zu setzen. Die dann im Laufe des gerade erst neu gestarteten Jahres, in ihrer ganz eigenen Geschwindigkeit reifen, sich nach und nach entfalten und aufgehen d\u00fcrfen.<\/p>\n<p>Die Reinheit des Schnees erinnert an eine blankgeputzte Tafel, die darauf wartet, von uns ganz neu beschrieben zu werden. W\u00e4hrend die Natur darunter noch zu schlafen scheint, liegen in ihrem Scho\u00df doch schon alle Samen bereit und warten darauf, von dem nun wieder zunehmenden Licht und seiner W\u00e4rme wachgek\u00fcsst zu werden.<br \/>\nNimm Dir die Zeit, immer wieder in die Natur zu gehen und Dich mit ihr zu verbinden. In ihre Ruhe einzutauchen und Dir dort die Impulse und Botschaften f\u00fcr Deine neuen Samen, die in diesem Jahr aufgehen wollen, geben zu lassen. Schreib sie auf Deine pers\u00f6nliche Tafel und lass dann im tiefen Vertrauen los, dass sich alles zur richtigen Zeit entfalten, aufgehen und erbl\u00fchen wird.<\/p>\n","protected":false},"excerpt":{"rendered":"<p><strong>Die alten Sagen lehren uns, dass w\u00e4hrend der Rauhn\u00e4chte-Zeit, die gerade zu Ende gegangen ist, die R\u00e4der stillstehen sollen.<\/strong><\/p>\n<p>Gemeint waren damit die R\u00e4der der Landmaschinen, die Spinnr\u00e4der, als auch die weitschwingenden R\u00f6cke und Kleider der M\u00e4dchen und Frauen, die sich beim Tanz drehten. W\u00e4hrend dieser heiligen Zeit sollte Stille einkehren, die Arbeit ruhen und sowohl die M\u00e4nner als auch Frauen sich erholen. Genau so, wie es uns die Natur vormacht.<\/p>\n","protected":false},"featured_media":7921,"comment_status":"closed","ping_status":"closed","template":"","meta":[],"product_brand":[],"product_cat":[63],"product_tag":[],"class_list":{"0":"post-7840","1":"product","2":"type-product","3":"status-publish","4":"has-post-thumbnail","6":"product_cat-motiv-des-monats","8":"first","9":"instock","10":"shipping-taxable","11":"purchasable","12":"product-type-variable"},"_links":{"self":[{"href":"https:\/\/dev.einaugenblick.com\/index.php\/wp-json\/wp\/v2\/product\/7840","targetHints":{"allow":["GET"]}}],"collection":[{"href":"https:\/\/dev.einaugenblick.com\/index.php\/wp-json\/wp\/v2\/product"}],"about":[{"href":"https:\/\/dev.einaugenblick.com\/index.php\/wp-json\/wp\/v2\/types\/product"}],"replies":[{"embeddable":true,"href":"https:\/\/dev.einaugenblick.com\/index.php\/wp-json\/wp\/v2\/comments?post=7840"}],"version-history":[{"count":1,"href":"https:\/\/dev.einaugenblick.com\/index.php\/wp-json\/wp\/v2\/product\/7840\/revisions"}],"predecessor-version":[{"id":7922,"href":"https:\/\/dev.einaugenblick.com\/index.php\/wp-json\/wp\/v2\/product\/7840\/revisions\/7922"}],"wp:featuredmedia":[{"embeddable":true,"href":"https:\/\/dev.einaugenblick.com\/index.php\/wp-json\/wp\/v2\/media\/7921"}],"wp:attachment":[{"href":"https:\/\/dev.einaugenblick.com\/index.php\/wp-json\/wp\/v2\/media?parent=7840"}],"wp:term":[{"taxonomy":"product_brand","embeddable":true,"href":"https:\/\/dev.einaugenblick.com\/index.php\/wp-json\/wp\/v2\/product_brand?post=7840"},{"taxonomy":"product_cat","embeddable":true,"href":"https:\/\/dev.einaugenblick.com\/index.php\/wp-json\/wp\/v2\/product_cat?post=7840"},{"taxonomy":"product_tag","embeddable":true,"href":"https:\/\/dev.einaugenblick.com\/index.php\/wp-json\/wp\/v2\/product_tag?post=7840"}],"curies":[{"name":"wp","href":"https:\/\/api.w.org\/{rel}","templated":true}]}}