{"id":7841,"date":"2025-01-14T09:49:48","date_gmt":"2025-01-14T08:49:48","guid":{"rendered":"https:\/\/dev.einaugenblick.com\/?post_type=product&#038;p=7841"},"modified":"2025-01-14T09:50:29","modified_gmt":"2025-01-14T08:50:29","slug":"februar-2023","status":"publish","type":"product","link":"https:\/\/dev.einaugenblick.com\/index.php\/produkt\/februar-2023\/","title":{"rendered":"Februar 2023"},"content":{"rendered":"<p><strong>Mehrmals pro Tag stehen wir an einer Wegkreuzung und treffen Entscheidungen, ohne dass uns das bewusst ist.<\/strong><\/p>\n<p>Denn meistens entscheiden wir uns ganz automatisch f\u00fcr das, was wir kennen, das, was wir gewohnt sind. Und dadurch entscheiden wir uns \u2013 ebenso unbewusst \u2013 sehr h\u00e4ufig f\u00fcr die Angst anstelle des Vertrauens. Denn im Grunde ist das die einzige Wahl, die wir bei JEDER unserer Entscheidungen zu treffen haben: Angst oder Vertrauen?<\/p>\n<p>Uns wurde schon fr\u00fch beigebracht, m\u00f6glichst immer auf Sicherheit zu achten, kein \u201eRisiko\u201c einzugehen und im Zweifel lieber den \u201ebekannten Pfad\u201c zu nehmen. H\u00e4ufig den, der schon von ganz vielen vor uns gegangen wurde. Daran ist grunds\u00e4tzlich auch \u00fcberhaupt nichts falsch. Aber darin ist auch selten wirklich viel LEBEN. Denn es fehlt dabei das Gl\u00fcck der eigenen Erfahrung.<\/p>\n<p>Welche Fahrt ist interessanter, lebendiger, bunter und \u00fcberraschender, wenn Du mit dem Auto unterwegs bist? Die, \u00fcber die Autobahn oder die, \u00fcber die Landstra\u00dfen? Geht es wirklich immer darum, schnellstm\u00f6glich ans Ziel zu kommen oder darf nicht viel h\u00e4ufiger der Weg dorthin das eigentliche Abenteuer sein? Den Satz: \u201eDer Weg ist das Ziel\u201c kennt jeder, seine Bedeutung erfassen dabei aber nur wenige. Denn er l\u00e4dt uns ein, den Weg zu GENIESSEN. Dann ist es im Grunde auch \u00fcberhaupt nicht mehr so entscheidend, ob, wann und wo wir am Ende ankommen.<\/p>\n<p>Wof\u00fcr entscheidest Du Dich im Zweifel: Angst oder Vertrauen? Wie w\u00e4re es denn, wenn Du immer \u00f6fter einfach mal das Abenteuer (D)eines neuen Weges w\u00e4hlst, anstatt die \u201ealten Pfade\u201c? \u00dcben l\u00e4sst sich das ganz wunderbar in den vielen kleinen, allt\u00e4glichen Entscheidungen. Du gibst Deinem Leben damit jeden Tag die Chance, Dich mit seiner ganzen Vielfalt und der Sch\u00f6nheit seiner Wege zu \u00fcberraschen und zu erfreuen? \ud83d\ude0a<\/p>\n","protected":false},"excerpt":{"rendered":"<p><strong>Mehrmals pro Tag stehen wir an einer Wegkreuzung und treffen Entscheidungen, ohne dass uns das bewusst ist.<\/strong><\/p>\n<p>Denn meistens entscheiden wir uns ganz automatisch f\u00fcr das, was wir kennen, das, was wir gewohnt sind. Und dadurch entscheiden wir uns \u2013 ebenso unbewusst \u2013 sehr h\u00e4ufig f\u00fcr die Angst anstelle des Vertrauens. Denn im Grunde ist das die einzige Wahl, die wir bei JEDER unserer Entscheidungen zu treffen haben: Angst oder Vertrauen?<\/p>\n","protected":false},"featured_media":7923,"comment_status":"closed","ping_status":"closed","template":"","meta":[],"product_brand":[],"product_cat":[63],"product_tag":[],"class_list":{"0":"post-7841","1":"product","2":"type-product","3":"status-publish","4":"has-post-thumbnail","6":"product_cat-motiv-des-monats","8":"first","9":"instock","10":"shipping-taxable","11":"purchasable","12":"product-type-variable"},"_links":{"self":[{"href":"https:\/\/dev.einaugenblick.com\/index.php\/wp-json\/wp\/v2\/product\/7841","targetHints":{"allow":["GET"]}}],"collection":[{"href":"https:\/\/dev.einaugenblick.com\/index.php\/wp-json\/wp\/v2\/product"}],"about":[{"href":"https:\/\/dev.einaugenblick.com\/index.php\/wp-json\/wp\/v2\/types\/product"}],"replies":[{"embeddable":true,"href":"https:\/\/dev.einaugenblick.com\/index.php\/wp-json\/wp\/v2\/comments?post=7841"}],"version-history":[{"count":1,"href":"https:\/\/dev.einaugenblick.com\/index.php\/wp-json\/wp\/v2\/product\/7841\/revisions"}],"predecessor-version":[{"id":7924,"href":"https:\/\/dev.einaugenblick.com\/index.php\/wp-json\/wp\/v2\/product\/7841\/revisions\/7924"}],"wp:featuredmedia":[{"embeddable":true,"href":"https:\/\/dev.einaugenblick.com\/index.php\/wp-json\/wp\/v2\/media\/7923"}],"wp:attachment":[{"href":"https:\/\/dev.einaugenblick.com\/index.php\/wp-json\/wp\/v2\/media?parent=7841"}],"wp:term":[{"taxonomy":"product_brand","embeddable":true,"href":"https:\/\/dev.einaugenblick.com\/index.php\/wp-json\/wp\/v2\/product_brand?post=7841"},{"taxonomy":"product_cat","embeddable":true,"href":"https:\/\/dev.einaugenblick.com\/index.php\/wp-json\/wp\/v2\/product_cat?post=7841"},{"taxonomy":"product_tag","embeddable":true,"href":"https:\/\/dev.einaugenblick.com\/index.php\/wp-json\/wp\/v2\/product_tag?post=7841"}],"curies":[{"name":"wp","href":"https:\/\/api.w.org\/{rel}","templated":true}]}}