{"id":7842,"date":"2025-01-14T09:49:48","date_gmt":"2025-01-14T08:49:48","guid":{"rendered":"https:\/\/dev.einaugenblick.com\/?post_type=product&#038;p=7842"},"modified":"2025-01-14T09:50:29","modified_gmt":"2025-01-14T08:50:29","slug":"maerz-2023","status":"publish","type":"product","link":"https:\/\/dev.einaugenblick.com\/index.php\/produkt\/maerz-2023\/","title":{"rendered":"M\u00e4rz 2023"},"content":{"rendered":"<p><strong>Manchmal erscheint uns unser Leben steinig, grau und schwer und wir haben das Gef\u00fchl, dass diese Phase niemals enden wird.<\/strong><br \/>\nAb und zu zeigt sich zwar ein bisschen \u201eGr\u00fcn\u201c, das etwas Hoffnung aufblitzen l\u00e4sst, nur um dann gleich wieder von noch mehr Grau abgel\u00f6st zu werden. Starr und resigniert blicken wir dann oft nur in diese eine Richtung, ohne zu wissen, wo wir die Kraft hernehmen sollen, um die n\u00e4chste Stufe zu nehmen.<\/p>\n<p>In solchen Phasen fordert das Leben uns auf, einmal stehen zu bleiben und bewusst den Blickwinkel zu \u00e4ndern. Uns einmal umzudrehen und all das zu w\u00fcrdigen, was wir bis hierhin schon geschafft haben. Uns an all die Momente zu erinnern, in denen wir ebenfalls ohne Mut waren und doch irgendwie weitergegangen sind. Uns bewusst zu machen, dass wir so viel st\u00e4rker sind, als wir uns im Moment vielleicht f\u00fchlen.<\/p>\n<p>Was, wenn der Ausgang IMMER schon l\u00e4ngst da ist? Wenn es einfach nur unser BEWUSSTES Innehalten braucht, um wieder sehen zu k\u00f6nnen? Zu sehen, dass es keinen Sinn macht, neidvoll und resigniert am Tor stehenzubleiben, um durch die Streben sehns\u00fcchtig auf das Leben der Anderen zu blicken. Was, wenn es einzig DEINE ERLAUBNIS braucht? Deine Erlaubnis, Dir endlich zuzugestehen, ebenfalls an einem FREIEN Leben teilzunehmen zu d\u00fcrfen?<\/p>\n<p>Du alleine h\u00e4ltst den Schl\u00fcssel f\u00fcr Dein Leben in der Hand. Sobald Du damit aufh\u00f6rst, Dein Leben an Deine Gedanken anzupassen \u2013 vor allem dann, wenn sie Dich klein, unfrei und machtlos denken \u2013 und Dir stattdessen erlaubst gro\u00df und frei zu denken, der Sehnsucht Deines Herzens zu lauschen und diesen Tr\u00e4umen dann auch zu folgen, wirst Du ganz schnell erkennen, dass der Ausgang in Wahrheit immer schon da und das Tor in Deine Freiheit die ganze Zeit nur angelehnt war.<\/p>\n","protected":false},"excerpt":{"rendered":"<p><strong>Manchmal erscheint uns unser Leben steinig, grau und schwer und wir haben das Gef\u00fchl, dass diese Phase niemals enden wird.<\/strong><br \/>\nAb und zu zeigt sich zwar ein bisschen \u201eGr\u00fcn\u201c, das etwas Hoffnung aufblitzen l\u00e4sst, nur um dann gleich wieder von noch mehr Grau abgel\u00f6st zu werden. Starr und resigniert blicken wir dann oft nur in diese eine Richtung, ohne zu wissen, wo wir die Kraft hernehmen sollen, um die n\u00e4chste Stufe zu nehmen.<\/p>\n","protected":false},"featured_media":7925,"comment_status":"closed","ping_status":"closed","template":"","meta":[],"product_brand":[],"product_cat":[63],"product_tag":[],"class_list":{"0":"post-7842","1":"product","2":"type-product","3":"status-publish","4":"has-post-thumbnail","6":"product_cat-motiv-des-monats","8":"first","9":"instock","10":"shipping-taxable","11":"purchasable","12":"product-type-variable"},"_links":{"self":[{"href":"https:\/\/dev.einaugenblick.com\/index.php\/wp-json\/wp\/v2\/product\/7842","targetHints":{"allow":["GET"]}}],"collection":[{"href":"https:\/\/dev.einaugenblick.com\/index.php\/wp-json\/wp\/v2\/product"}],"about":[{"href":"https:\/\/dev.einaugenblick.com\/index.php\/wp-json\/wp\/v2\/types\/product"}],"replies":[{"embeddable":true,"href":"https:\/\/dev.einaugenblick.com\/index.php\/wp-json\/wp\/v2\/comments?post=7842"}],"version-history":[{"count":1,"href":"https:\/\/dev.einaugenblick.com\/index.php\/wp-json\/wp\/v2\/product\/7842\/revisions"}],"predecessor-version":[{"id":7926,"href":"https:\/\/dev.einaugenblick.com\/index.php\/wp-json\/wp\/v2\/product\/7842\/revisions\/7926"}],"wp:featuredmedia":[{"embeddable":true,"href":"https:\/\/dev.einaugenblick.com\/index.php\/wp-json\/wp\/v2\/media\/7925"}],"wp:attachment":[{"href":"https:\/\/dev.einaugenblick.com\/index.php\/wp-json\/wp\/v2\/media?parent=7842"}],"wp:term":[{"taxonomy":"product_brand","embeddable":true,"href":"https:\/\/dev.einaugenblick.com\/index.php\/wp-json\/wp\/v2\/product_brand?post=7842"},{"taxonomy":"product_cat","embeddable":true,"href":"https:\/\/dev.einaugenblick.com\/index.php\/wp-json\/wp\/v2\/product_cat?post=7842"},{"taxonomy":"product_tag","embeddable":true,"href":"https:\/\/dev.einaugenblick.com\/index.php\/wp-json\/wp\/v2\/product_tag?post=7842"}],"curies":[{"name":"wp","href":"https:\/\/api.w.org\/{rel}","templated":true}]}}