{"id":7844,"date":"2025-01-14T09:49:49","date_gmt":"2025-01-14T08:49:49","guid":{"rendered":"https:\/\/dev.einaugenblick.com\/?post_type=product&#038;p=7844"},"modified":"2025-01-14T09:50:29","modified_gmt":"2025-01-14T08:50:29","slug":"mai-2023","status":"publish","type":"product","link":"https:\/\/dev.einaugenblick.com\/index.php\/produkt\/mai-2023\/","title":{"rendered":"Mai 2023"},"content":{"rendered":"<p><strong>Kennst Du den Raum des tiefen Friedens in Dir?<\/strong><br \/>\nEs ist der Raum, in dem Du ganz mit und bei Dir sein kannst, aber immer in dem Wissen, dass Du niemals alleine bist.<br \/>\nDu findest ihn jenseits aller Planungen, Erwartungen und \u00e4u\u00dferen Strukturen.<br \/>\nEs ist der Raum, in dem Du Stille findest, auch wenn um Dich herum das Chaos tobt und scheinbar alles aus den Fugen ger\u00e4t.<br \/>\nEs ist der Raum, der sich weder um \u00c4u\u00dferlichkeiten noch um Konventionen k\u00fcmmert.<br \/>\nEs ist der Raum, in den Du Dich zu jeder Zeit hineinsetzen und ausruhen kannst. Selbst dann, wenn nebenher die kleinen Giftzwerge \u201eIch kann nicht!\u201c und \u201eKeine Zeit\u2026\u201c in Deinem Hinterkopf streiten.<br \/>\nSein Friedenspotential mag unscheinbar wirken, denn er dr\u00e4ngt sich nicht in den Vordergrund. Er versteckt sich auch nicht und doch weigern wir uns h\u00e4ufig, ihn in Anspruch zu nehmen. Weil wir das Schild an seiner T\u00fcr nicht als Weg in den tiefen Frieden erkennen k\u00f6nnen, der im Grunde schon immer f\u00fcr uns da war. Wir k\u00f6nnen ihn nicht f\u00fcr uns nutzen, solange wir nicht eintreten.<br \/>\nDieser Raum existiert und ist nur eine einzige Entscheidung weit weg. Zu jeder Zeit, in jedem von uns. Auf seiner T\u00fcr steht nur ein einziges Wort: Vertrauen \ud83d\ude0a<\/p>\n","protected":false},"excerpt":{"rendered":"<p><strong>Kennst Du den Raum des tiefen Friedens in Dir?<\/strong><br \/>\nEs ist der Raum, in dem Du ganz mit und bei Dir sein kannst, aber immer in dem Wissen, dass Du niemals alleine bist.<br \/>\nDu findest ihn jenseits aller Planungen, Erwartungen und \u00e4u\u00dferen Strukturen.<\/p>\n","protected":false},"featured_media":7929,"comment_status":"closed","ping_status":"closed","template":"","meta":[],"product_brand":[],"product_cat":[63],"product_tag":[],"class_list":{"0":"post-7844","1":"product","2":"type-product","3":"status-publish","4":"has-post-thumbnail","6":"product_cat-motiv-des-monats","8":"first","9":"instock","10":"shipping-taxable","11":"purchasable","12":"product-type-variable"},"_links":{"self":[{"href":"https:\/\/dev.einaugenblick.com\/index.php\/wp-json\/wp\/v2\/product\/7844","targetHints":{"allow":["GET"]}}],"collection":[{"href":"https:\/\/dev.einaugenblick.com\/index.php\/wp-json\/wp\/v2\/product"}],"about":[{"href":"https:\/\/dev.einaugenblick.com\/index.php\/wp-json\/wp\/v2\/types\/product"}],"replies":[{"embeddable":true,"href":"https:\/\/dev.einaugenblick.com\/index.php\/wp-json\/wp\/v2\/comments?post=7844"}],"version-history":[{"count":1,"href":"https:\/\/dev.einaugenblick.com\/index.php\/wp-json\/wp\/v2\/product\/7844\/revisions"}],"predecessor-version":[{"id":7930,"href":"https:\/\/dev.einaugenblick.com\/index.php\/wp-json\/wp\/v2\/product\/7844\/revisions\/7930"}],"wp:featuredmedia":[{"embeddable":true,"href":"https:\/\/dev.einaugenblick.com\/index.php\/wp-json\/wp\/v2\/media\/7929"}],"wp:attachment":[{"href":"https:\/\/dev.einaugenblick.com\/index.php\/wp-json\/wp\/v2\/media?parent=7844"}],"wp:term":[{"taxonomy":"product_brand","embeddable":true,"href":"https:\/\/dev.einaugenblick.com\/index.php\/wp-json\/wp\/v2\/product_brand?post=7844"},{"taxonomy":"product_cat","embeddable":true,"href":"https:\/\/dev.einaugenblick.com\/index.php\/wp-json\/wp\/v2\/product_cat?post=7844"},{"taxonomy":"product_tag","embeddable":true,"href":"https:\/\/dev.einaugenblick.com\/index.php\/wp-json\/wp\/v2\/product_tag?post=7844"}],"curies":[{"name":"wp","href":"https:\/\/api.w.org\/{rel}","templated":true}]}}