{"id":7990,"date":"2025-01-14T09:50:49","date_gmt":"2025-01-14T08:50:49","guid":{"rendered":"https:\/\/dev.einaugenblick.com\/?post_type=product&#038;p=7990"},"modified":"2025-01-14T09:51:14","modified_gmt":"2025-01-14T08:51:14","slug":"juni-2023","status":"publish","type":"product","link":"https:\/\/dev.einaugenblick.com\/index.php\/produkt\/juni-2023\/","title":{"rendered":"Juni 2023"},"content":{"rendered":"<p><strong>Die Rose &#8211; Ein Augenzwinkern der Liebe<\/strong><\/p>\n<p>Wenn Du aufmerksam durch die Welt gehst, dann kannst Du es inzwischen wieder \u00fcberall sehen: das Augenzwinkern der Liebe. In allen Schattierungen, Farben und Formen blinzelt es Dir auch an den entlegensten Stellen entgegen. Und jedes Blinzeln bringt Dir das Versprechen mit, dass immer alles gut ist, genau so wie es jetzt gerade ist. Zuverl\u00e4ssig wie Gottes Versprechen nun mal sind.<\/p>\n<p>Als Geste der Freundschaft, der Dankbarkeit und der Bitte um Vergebung. Als kleines \u201eich denk an Dich\u201c, \u201ees tut mir leid\u201c oder \u201eich liebe Dich!\u201c hat es schon unz\u00e4hlige Br\u00fccken geschlagen, Herzen erobert oder wieder vereint und T\u00fcren zur Kl\u00e4rung von Missverst\u00e4ndnissen ge\u00f6ffnet.<\/p>\n<p>In ihrer anmutigen Sch\u00f6nheit bringt jede Rose f\u00fcr Dich alles mit, was Dein Herz warm und weich werden l\u00e4sst und ihre Sprache ist international. Und selbst wenn es die Absicht des \u00dcberbringers nicht ist, so ist sie selbst doch stets unmissverst\u00e4ndlich und ehrlich in der Botschaft ihrer klassischen Sch\u00f6nheit.<\/p>\n<p>Nein, aufdr\u00e4ngen tut sie sich nicht, das hat sie nicht n\u00f6tig. Sie ist sich ihrer Kraft und Sch\u00f6nheit bewusst, ohne damit kokettieren zu m\u00fcssen. Mit ihrem Duft erobert sie ohne Umwege Dein Herz, wenn Du es zul\u00e4sst und am wohlsten f\u00fchlt sie sich in der Gesellschaft anderer Sch\u00f6nheiten, wie Du selbst eine bist.<\/p>\n<p>Komm, trau Dich! Lass Dich ein auf diesen wundervollen Flirt des Fr\u00fchlings, der Dich in all seiner Pracht wieder und wieder daran erinnert, dass auch Du in Deinem Kern die reine Liebe bist.<\/p>\n","protected":false},"excerpt":{"rendered":"<p><strong>Die Rose &#8211; Ein Augenzwinkern der Liebe<\/strong><\/p>\n<p>Wenn Du aufmerksam durch die Welt gehst, dann kannst Du es inzwischen wieder \u00fcberall sehen: das Augenzwinkern der Liebe. In allen Schattierungen, Farben und Formen blinzelt es Dir auch an den entlegensten Stellen entgegen. Und jedes Blinzeln bringt Dir das Versprechen mit, dass immer alles gut ist, genau so wie es jetzt gerade ist. Zuverl\u00e4ssig wie Gottes Versprechen nun mal sind.<\/p>\n","protected":false},"featured_media":7992,"comment_status":"closed","ping_status":"closed","template":"","meta":[],"product_brand":[],"product_cat":[63],"product_tag":[],"class_list":{"0":"post-7990","1":"product","2":"type-product","3":"status-publish","4":"has-post-thumbnail","6":"product_cat-motiv-des-monats","8":"first","9":"instock","10":"shipping-taxable","11":"purchasable","12":"product-type-variable"},"_links":{"self":[{"href":"https:\/\/dev.einaugenblick.com\/index.php\/wp-json\/wp\/v2\/product\/7990","targetHints":{"allow":["GET"]}}],"collection":[{"href":"https:\/\/dev.einaugenblick.com\/index.php\/wp-json\/wp\/v2\/product"}],"about":[{"href":"https:\/\/dev.einaugenblick.com\/index.php\/wp-json\/wp\/v2\/types\/product"}],"replies":[{"embeddable":true,"href":"https:\/\/dev.einaugenblick.com\/index.php\/wp-json\/wp\/v2\/comments?post=7990"}],"version-history":[{"count":1,"href":"https:\/\/dev.einaugenblick.com\/index.php\/wp-json\/wp\/v2\/product\/7990\/revisions"}],"predecessor-version":[{"id":7993,"href":"https:\/\/dev.einaugenblick.com\/index.php\/wp-json\/wp\/v2\/product\/7990\/revisions\/7993"}],"wp:featuredmedia":[{"embeddable":true,"href":"https:\/\/dev.einaugenblick.com\/index.php\/wp-json\/wp\/v2\/media\/7992"}],"wp:attachment":[{"href":"https:\/\/dev.einaugenblick.com\/index.php\/wp-json\/wp\/v2\/media?parent=7990"}],"wp:term":[{"taxonomy":"product_brand","embeddable":true,"href":"https:\/\/dev.einaugenblick.com\/index.php\/wp-json\/wp\/v2\/product_brand?post=7990"},{"taxonomy":"product_cat","embeddable":true,"href":"https:\/\/dev.einaugenblick.com\/index.php\/wp-json\/wp\/v2\/product_cat?post=7990"},{"taxonomy":"product_tag","embeddable":true,"href":"https:\/\/dev.einaugenblick.com\/index.php\/wp-json\/wp\/v2\/product_tag?post=7990"}],"curies":[{"name":"wp","href":"https:\/\/api.w.org\/{rel}","templated":true}]}}