{"id":7997,"date":"2025-01-14T09:51:00","date_gmt":"2025-01-14T08:51:00","guid":{"rendered":"https:\/\/dev.einaugenblick.com\/?post_type=product&#038;p=7997"},"modified":"2025-01-14T09:51:14","modified_gmt":"2025-01-14T08:51:14","slug":"juli-2023","status":"publish","type":"product","link":"https:\/\/dev.einaugenblick.com\/index.php\/produkt\/juli-2023\/","title":{"rendered":"Juli 2023"},"content":{"rendered":"<p><strong>Neue Wege<br \/>\n<\/strong><\/p>\n<p>Oft gef\u00fcrchtet, manchmal sehns\u00fcchtig erwartet, aber selten verstanden, dass sie immer ein Ausdruck unserer wahren Essenz sind. Unsere Seele sehnt sich nach Entfaltung, nach Ausdruck unserer Talente, unseres Lichts und unserer Liebe und nicht nach den immer selben Routinen, nach eingefahrenen Spuren auf einem \u201eParkplatz\u201c, den wir h\u00e4ufig unser Leben nennen. Jeder von uns kennt sie, diese tiefe Sehnsucht in sich, nach\u2026<\/p>\n<p>Warum f\u00e4llt es uns aber oft so schwer, neue Wege zu beschreiten? Weil tief in uns auch st\u00e4ndig die Angst ruft \u201eVorsicht! Es k\u00f6nnte der falsche Weg sein!\u201c Wir w\u00fcnschen uns \u201eein friedliches und sch\u00f6nes Leben\u201c und erschaffen uns stattdessen eine Illusion aus Sicherheit, Gewissheit, Garantien. Wir verstehen nicht, dass all das nicht Leben ist, sondern der Todessto\u00df f\u00fcr unseren individuellen Ausdruck, unsere Kreativit\u00e4t und kindliche Abenteuerlust.<\/p>\n<p>\u201eFolge der Freude, dann folgst Du Dir!\u201c \u2013 wie oft hast Du diesen Satz schon geh\u00f6rt? Du wirst seine Wahrheit und Magie niemals erfahren k\u00f6nnen, wenn Du Dich mit Routine zufriedengibst. Dann ist Dein Alltag vielleicht \u201eganz okay\u201c, aber LEBEN f\u00fchlt sich ganz anders an. In Wahrheit wei\u00dft Du das auch, denn das Lied Deiner Seele kann nur in Freiheit schwingen.<\/p>\n<p>Also trau Dich! Durchbrich die Routinen und mach Dich auf! Betrete sie, die neuen, noch unbekannten Wege, die schon so lange auf Dich warten. \u00dcber Deine Freude leitet Dich Deine Seele in schlafwandlerischer Sicherheit und ein neues Gef\u00fchl der Leichtigkeit wird Dir immer zeigen, dass Du auf dem richtigen Weg unterwegs bist.<\/p>\n<p>Neue Wege &#8211; die Zeit war niemals besser daf\u00fcr als <strong>JETZT!<\/strong><\/p>\n<p>&nbsp;<\/p>\n","protected":false},"excerpt":{"rendered":"<p><strong>Neue Wege<br \/>\n<\/strong><\/p>\n<p>Oft gef\u00fcrchtet, manchmal sehns\u00fcchtig erwartet, aber selten verstanden, dass sie immer ein Ausdruck unserer wahren Essenz sind. Unsere Seele sehnt sich nach Entfaltung, nach Ausdruck unserer Talente, unseres Lichts und unserer Liebe und nicht nach den immer selben Routinen, nach eingefahrenen Spuren auf einem \u201eParkplatz\u201c, den wir h\u00e4ufig unser Leben nennen. Jeder von uns kennt sie, diese tiefe Sehnsucht in sich, nach\u2026<\/p>\n","protected":false},"featured_media":8012,"comment_status":"closed","ping_status":"closed","template":"","meta":[],"product_brand":[],"product_cat":[63],"product_tag":[],"class_list":{"0":"post-7997","1":"product","2":"type-product","3":"status-publish","4":"has-post-thumbnail","6":"product_cat-motiv-des-monats","8":"first","9":"instock","10":"shipping-taxable","11":"purchasable","12":"product-type-variable"},"_links":{"self":[{"href":"https:\/\/dev.einaugenblick.com\/index.php\/wp-json\/wp\/v2\/product\/7997","targetHints":{"allow":["GET"]}}],"collection":[{"href":"https:\/\/dev.einaugenblick.com\/index.php\/wp-json\/wp\/v2\/product"}],"about":[{"href":"https:\/\/dev.einaugenblick.com\/index.php\/wp-json\/wp\/v2\/types\/product"}],"replies":[{"embeddable":true,"href":"https:\/\/dev.einaugenblick.com\/index.php\/wp-json\/wp\/v2\/comments?post=7997"}],"version-history":[{"count":1,"href":"https:\/\/dev.einaugenblick.com\/index.php\/wp-json\/wp\/v2\/product\/7997\/revisions"}],"predecessor-version":[{"id":8013,"href":"https:\/\/dev.einaugenblick.com\/index.php\/wp-json\/wp\/v2\/product\/7997\/revisions\/8013"}],"wp:featuredmedia":[{"embeddable":true,"href":"https:\/\/dev.einaugenblick.com\/index.php\/wp-json\/wp\/v2\/media\/8012"}],"wp:attachment":[{"href":"https:\/\/dev.einaugenblick.com\/index.php\/wp-json\/wp\/v2\/media?parent=7997"}],"wp:term":[{"taxonomy":"product_brand","embeddable":true,"href":"https:\/\/dev.einaugenblick.com\/index.php\/wp-json\/wp\/v2\/product_brand?post=7997"},{"taxonomy":"product_cat","embeddable":true,"href":"https:\/\/dev.einaugenblick.com\/index.php\/wp-json\/wp\/v2\/product_cat?post=7997"},{"taxonomy":"product_tag","embeddable":true,"href":"https:\/\/dev.einaugenblick.com\/index.php\/wp-json\/wp\/v2\/product_tag?post=7997"}],"curies":[{"name":"wp","href":"https:\/\/api.w.org\/{rel}","templated":true}]}}