{"id":8001,"date":"2025-01-14T09:51:00","date_gmt":"2025-01-14T08:51:00","guid":{"rendered":"https:\/\/dev.einaugenblick.com\/?post_type=product&#038;p=8001"},"modified":"2025-01-14T09:51:06","modified_gmt":"2025-01-14T08:51:06","slug":"august-2023","status":"publish","type":"product","link":"https:\/\/dev.einaugenblick.com\/index.php\/produkt\/august-2023\/","title":{"rendered":"August 2023"},"content":{"rendered":"<p><strong>Wer setzt die Segel in Deinem Leben?<br \/>\n<\/strong><\/p>\n<p>Eine wundervolle Hilfe aus der schamanischen Lehre ist das Symbol des \u201eSeelen-Bootes\u201c, das Dir dabei hilft einmal n\u00e4her hinzuschauen, was Dein Lebensboot im Moment (oder auch immer wieder) ins Schlingern bringt. Diese Reise in Dein Inneres hilft Dir zu erkennen, welchen Personen, Gegebenheiten oder Verhaltensmustern Du Dein Leben immer wieder unterordnest. Und dabei jedes Mal unbewusst das Steuerrad aus der Hand gibst\u2026<\/p>\n<p>Du bist eingeladen, regelm\u00e4\u00dfig in einen Hafen der Ruhe einzulaufen um in der Stille zu \u00fcberpr\u00fcfen, wer denn im Moment die Segel auf Deinem \u201eSeelen-Boot\u201c setzt. Bist Du selbst das? Wunderbar! Dann setzte sie in den Wind und mach Dich weiter auf die Reise.<\/p>\n<p>Wenn Du aber bemerkst, dass so ziemlich jeder mal ans Steuer darf, nur Du irgendwie immer der Statist bleibst, dann ist jetzt die Zeit reif f\u00fcr einen Neuanfang. Du bist eingeladen, mit Deinem Boot anzulegen und die alte Ladung zu l\u00f6schen. Danach beginne es neu zu beladen, und zwar wie Deine ganz pers\u00f6nliche Arche Noah. Nimm wirklich nur noch das mit, was Dich n\u00e4hrt, was Dich st\u00e4rkt, was Dich h\u00e4lt. Menschen, Angewohnheiten, \u00dcberzeugungen, Strukturen. Und ALLES ANDERE lass los und ohne Bedauern und Reue im Hafen zur\u00fcck.<\/p>\n<p>Setze Deine Segel neu und mach Dich auf den Weg. Auf die n\u00e4chste Etappe, hinein in das Leben, das sich Deine Seele f\u00fcr diese Reise urspr\u00fcnglich einmal ausgesucht hat. Ein Leben jenseits all der Dramen und Zw\u00e4nge, des Schmerzes und der Schuldzuweisungen. Segle hinein in ein Leben voller Liebe, Leichtigkeit, Frieden und Freude. So wie es schon immer f\u00fcr Dich gedacht war.<\/p>\n<p>Also trau Dich! Durchbrich die Routinen und mach Dich auf! Betrete sie, die neuen, noch unbekannten Wege, die schon so lange auf Dich warten. \u00dcber Deine Freude leitet Dich Deine Seele in schlafwandlerischer Sicherheit und ein neues Gef\u00fchl der Leichtigkeit wird Dir immer zeigen, dass Du auf dem richtigen Weg unterwegs bist.<\/p>\n<p>Neue Wege &#8211; die Zeit war niemals besser daf\u00fcr als <strong>JETZT!<\/strong><\/p>\n","protected":false},"excerpt":{"rendered":"<p>Eine wundervolle Hilfe aus der schamanischen Lehre ist das Symbol des \u201eSeelen-Bootes\u201c, das Dir dabei hilft einmal n\u00e4her hinzuschauen, was Dein Lebensboot im Moment (oder auch immer wieder) ins Schlingern bringt. Diese Reise in Dein Inneres hilft Dir zu erkennen, welchen Personen, Gegebenheiten oder Verhaltensmustern Du Dein Leben immer wieder unterordnest. Und dabei jedes Mal unbewusst das Steuerrad aus der Hand gibst\u2026<\/p>\n","protected":false},"featured_media":8014,"comment_status":"closed","ping_status":"closed","template":"","meta":[],"product_brand":[],"product_cat":[63],"product_tag":[],"class_list":{"0":"post-8001","1":"product","2":"type-product","3":"status-publish","4":"has-post-thumbnail","6":"product_cat-motiv-des-monats","8":"first","9":"outofstock","10":"shipping-taxable","11":"product-type-variable"},"_links":{"self":[{"href":"https:\/\/dev.einaugenblick.com\/index.php\/wp-json\/wp\/v2\/product\/8001","targetHints":{"allow":["GET"]}}],"collection":[{"href":"https:\/\/dev.einaugenblick.com\/index.php\/wp-json\/wp\/v2\/product"}],"about":[{"href":"https:\/\/dev.einaugenblick.com\/index.php\/wp-json\/wp\/v2\/types\/product"}],"replies":[{"embeddable":true,"href":"https:\/\/dev.einaugenblick.com\/index.php\/wp-json\/wp\/v2\/comments?post=8001"}],"version-history":[{"count":1,"href":"https:\/\/dev.einaugenblick.com\/index.php\/wp-json\/wp\/v2\/product\/8001\/revisions"}],"predecessor-version":[{"id":8015,"href":"https:\/\/dev.einaugenblick.com\/index.php\/wp-json\/wp\/v2\/product\/8001\/revisions\/8015"}],"wp:featuredmedia":[{"embeddable":true,"href":"https:\/\/dev.einaugenblick.com\/index.php\/wp-json\/wp\/v2\/media\/8014"}],"wp:attachment":[{"href":"https:\/\/dev.einaugenblick.com\/index.php\/wp-json\/wp\/v2\/media?parent=8001"}],"wp:term":[{"taxonomy":"product_brand","embeddable":true,"href":"https:\/\/dev.einaugenblick.com\/index.php\/wp-json\/wp\/v2\/product_brand?post=8001"},{"taxonomy":"product_cat","embeddable":true,"href":"https:\/\/dev.einaugenblick.com\/index.php\/wp-json\/wp\/v2\/product_cat?post=8001"},{"taxonomy":"product_tag","embeddable":true,"href":"https:\/\/dev.einaugenblick.com\/index.php\/wp-json\/wp\/v2\/product_tag?post=8001"}],"curies":[{"name":"wp","href":"https:\/\/api.w.org\/{rel}","templated":true}]}}