{"id":8003,"date":"2025-01-14T09:51:00","date_gmt":"2025-01-14T08:51:00","guid":{"rendered":"https:\/\/dev.einaugenblick.com\/?post_type=product&#038;p=8003"},"modified":"2025-01-14T09:51:07","modified_gmt":"2025-01-14T08:51:07","slug":"september-2023","status":"publish","type":"product","link":"https:\/\/dev.einaugenblick.com\/index.php\/produkt\/september-2023\/","title":{"rendered":"September 2023"},"content":{"rendered":"<p><strong>Wandlungszeit<\/strong><\/p>\n<p>Die Hitze des Sommers l\u00e4sst sich immer noch erahnen und doch klopft auch schon leise und vorsichtig der Herbst an die T\u00fcr. Und auch wenn beides nicht wirklich laut daherkommt, so ist es doch f\u00fcr jeden sp\u00fcrbar: ein Wandel steht an\u2026 \ud83c\udf43 \ud83c\udf41<\/p>\n<p>Wie so oft liefert uns auch hier die Natur das perfekte Vorbild f\u00fcr den Umgang mit Wandlungszeiten. Sie geht nicht in den Widerstand, sie klammert nicht krampfhaft an etwas fest, das keinen Bestand mehr hat. Sanft und ganz selbstverst\u00e4ndlich l\u00e4sst sie den \u00dcbergang geschehen, der in seinem ureigenen Rhythmus ansteht. Und dabei verzaubert sie in ihrer vielf\u00e4ltigen Art jeden, der seinen Blick f\u00fcr die Sch\u00f6nheit dieses Wandels \u00f6ffnen kann.<\/p>\n<p>Wie oft hast auch Du schon gesp\u00fcrt, dass ein Wandel f\u00fcr Dich ansteht. Und wie oft hast Du Dich mit allem was Du hast, dagegen gewehrt. Angst, Ablehnung, Verleugnung, Ignoranz, Ablenkung\u2026 Der Schmerz, den wir in den Phasen des Wandels erleiden, kommt niemals aus der Ver\u00e4nderung selbst. Er entspringt immer unserem Widerstand.<\/p>\n<p>Dieser September m\u00f6chte Dich herzlich einladen, es der Natur gleich zu tun. Er m\u00f6chte Dich ermuntern und darin best\u00e4rken. Dich dem, was nun zu Dir kommen m\u00f6chte, nicht zu verwehren, sondern hinzugeben. Im tiefen Vertrauen darin, dass jede Wandlungszeit Dich immer zu einer noch liebevolleren Version Deiner selbst formen wird. \ud83d\udc95<\/p>\n","protected":false},"excerpt":{"rendered":"<p><strong>Wandlungszeit<\/strong><\/p>\n<p>Die Hitze des Sommers l\u00e4sst sich immer noch erahnen und doch klopft auch schon leise und vorsichtig der Herbst an die T\u00fcr. Und auch wenn beides nicht wirklich laut daherkommt, so ist es doch f\u00fcr jeden sp\u00fcrbar: ein Wandel steht an\u2026 \ud83c\udf43 \ud83c\udf41<\/p>\n","protected":false},"featured_media":8018,"comment_status":"closed","ping_status":"closed","template":"","meta":[],"product_brand":[],"product_cat":[63],"product_tag":[],"class_list":{"0":"post-8003","1":"product","2":"type-product","3":"status-publish","4":"has-post-thumbnail","6":"product_cat-motiv-des-monats","8":"first","9":"outofstock","10":"shipping-taxable","11":"product-type-variable"},"_links":{"self":[{"href":"https:\/\/dev.einaugenblick.com\/index.php\/wp-json\/wp\/v2\/product\/8003","targetHints":{"allow":["GET"]}}],"collection":[{"href":"https:\/\/dev.einaugenblick.com\/index.php\/wp-json\/wp\/v2\/product"}],"about":[{"href":"https:\/\/dev.einaugenblick.com\/index.php\/wp-json\/wp\/v2\/types\/product"}],"replies":[{"embeddable":true,"href":"https:\/\/dev.einaugenblick.com\/index.php\/wp-json\/wp\/v2\/comments?post=8003"}],"version-history":[{"count":1,"href":"https:\/\/dev.einaugenblick.com\/index.php\/wp-json\/wp\/v2\/product\/8003\/revisions"}],"predecessor-version":[{"id":8019,"href":"https:\/\/dev.einaugenblick.com\/index.php\/wp-json\/wp\/v2\/product\/8003\/revisions\/8019"}],"wp:featuredmedia":[{"embeddable":true,"href":"https:\/\/dev.einaugenblick.com\/index.php\/wp-json\/wp\/v2\/media\/8018"}],"wp:attachment":[{"href":"https:\/\/dev.einaugenblick.com\/index.php\/wp-json\/wp\/v2\/media?parent=8003"}],"wp:term":[{"taxonomy":"product_brand","embeddable":true,"href":"https:\/\/dev.einaugenblick.com\/index.php\/wp-json\/wp\/v2\/product_brand?post=8003"},{"taxonomy":"product_cat","embeddable":true,"href":"https:\/\/dev.einaugenblick.com\/index.php\/wp-json\/wp\/v2\/product_cat?post=8003"},{"taxonomy":"product_tag","embeddable":true,"href":"https:\/\/dev.einaugenblick.com\/index.php\/wp-json\/wp\/v2\/product_tag?post=8003"}],"curies":[{"name":"wp","href":"https:\/\/api.w.org\/{rel}","templated":true}]}}