{"id":8039,"date":"2025-01-14T09:51:15","date_gmt":"2025-01-14T08:51:15","guid":{"rendered":"https:\/\/dev.einaugenblick.com\/?post_type=product&#038;p=8039"},"modified":"2025-01-14T09:51:20","modified_gmt":"2025-01-14T08:51:20","slug":"dezember-2023","status":"publish","type":"product","link":"https:\/\/dev.einaugenblick.com\/index.php\/produkt\/dezember-2023\/","title":{"rendered":"Dezember 2023"},"content":{"rendered":"<p><strong>Beh\u00fcteter R\u00fcckzug<\/strong><\/p>\n<p>Mit vielen Ritualen und Traditionen l\u00e4dt uns der Dezember seit Menschengedenken ein, das auslaufende Jahr Revue passieren und in Frieden ausklingen zu lassen. Man nennt den Dezember auch \u201edie besinnliche Zeit\u201c, was auch eine Einladung zum \u201eSinnieren rund um den Sinn\u201c ist.<\/p>\n<p>Mit R\u00fcckblick auf ein ereignisreiches und bewegtes Jahr m\u00f6chte sie uns helfen, den tieferen Sinn in unserem Denken und Handeln zu erkennen und einen vers\u00f6hnlichen Abschluss zu finden, um gekl\u00e4rt und innerlich gest\u00e4rkt in ein neues Jahr starten zu k\u00f6nnen. Wenn wir zwischen all dem \u201eWeihnachtszirkus\u201c, der Dauerbeschallung und optischen Reiz\u00fcberflutung, uns selbst immer wieder solche Oasen der Ruhe schenken, ist nicht nur sofortiger Frieden das Geschenk, das wir uns dabei machen.<\/p>\n<p>Wieder einmal macht die Natur es uns vor: besch\u00fctzt unter Bl\u00e4ttern und mancherorts schon dem ersten Schnee, haben Samen, Sporen, Tiere und Pflanzen ihren allj\u00e4hrlichen, beh\u00fcteten R\u00fcckzug angetreten. Sie ruhen sich aus vom kraftvollen Erwachen des Fr\u00fchlings, der prachtvollen F\u00fclle des Sommers, dem sanften Loslassen des Herbstes und runden somit harmonisch einen weiteren Jahreskreis ab.<\/p>\n<p>Ich w\u00fcnsche Dir, dass auch Du Dir immer wieder Oasen des R\u00fcckzugs g\u00f6nnst und Dich an den Frieden und das Licht erinnerst, aus dem wir alle kommen und in dem wir stets beh\u00fctet sind. Das Licht, das immer auch in Dir wohnt, Dir zu jeder Zeit den Weg weist und jede Dunkelheit als diese eine, gro\u00dfe Illusion erkennen l\u00e4sst, die nie existiert und der in Wahrheit nur Dein eigenes Licht gefehlt hat.<\/p>\n","protected":false},"excerpt":{"rendered":"<p><strong>Beh\u00fcteter R\u00fcckzug<\/strong><\/p>\n<p>Mit vielen Ritualen und Traditionen l\u00e4dt uns der Dezember seit Menschengedenken ein, das auslaufende Jahr Revue passieren und in Frieden ausklingen zu lassen. Man nennt den Dezember auch \u201edie besinnliche Zeit\u201c, was auch eine Einladung zum \u201eSinnieren rund um den Sinn\u201c ist.<\/p>\n","protected":false},"featured_media":8059,"comment_status":"closed","ping_status":"closed","template":"","meta":[],"product_brand":[],"product_cat":[63],"product_tag":[],"class_list":{"0":"post-8039","1":"product","2":"type-product","3":"status-publish","4":"has-post-thumbnail","6":"product_cat-motiv-des-monats","8":"first","9":"outofstock","10":"shipping-taxable","11":"product-type-variable"},"_links":{"self":[{"href":"https:\/\/dev.einaugenblick.com\/index.php\/wp-json\/wp\/v2\/product\/8039","targetHints":{"allow":["GET"]}}],"collection":[{"href":"https:\/\/dev.einaugenblick.com\/index.php\/wp-json\/wp\/v2\/product"}],"about":[{"href":"https:\/\/dev.einaugenblick.com\/index.php\/wp-json\/wp\/v2\/types\/product"}],"replies":[{"embeddable":true,"href":"https:\/\/dev.einaugenblick.com\/index.php\/wp-json\/wp\/v2\/comments?post=8039"}],"version-history":[{"count":1,"href":"https:\/\/dev.einaugenblick.com\/index.php\/wp-json\/wp\/v2\/product\/8039\/revisions"}],"predecessor-version":[{"id":8060,"href":"https:\/\/dev.einaugenblick.com\/index.php\/wp-json\/wp\/v2\/product\/8039\/revisions\/8060"}],"wp:featuredmedia":[{"embeddable":true,"href":"https:\/\/dev.einaugenblick.com\/index.php\/wp-json\/wp\/v2\/media\/8059"}],"wp:attachment":[{"href":"https:\/\/dev.einaugenblick.com\/index.php\/wp-json\/wp\/v2\/media?parent=8039"}],"wp:term":[{"taxonomy":"product_brand","embeddable":true,"href":"https:\/\/dev.einaugenblick.com\/index.php\/wp-json\/wp\/v2\/product_brand?post=8039"},{"taxonomy":"product_cat","embeddable":true,"href":"https:\/\/dev.einaugenblick.com\/index.php\/wp-json\/wp\/v2\/product_cat?post=8039"},{"taxonomy":"product_tag","embeddable":true,"href":"https:\/\/dev.einaugenblick.com\/index.php\/wp-json\/wp\/v2\/product_tag?post=8039"}],"curies":[{"name":"wp","href":"https:\/\/api.w.org\/{rel}","templated":true}]}}