{"id":8040,"date":"2025-01-14T09:51:15","date_gmt":"2025-01-14T08:51:15","guid":{"rendered":"https:\/\/dev.einaugenblick.com\/?post_type=product&#038;p=8040"},"modified":"2025-01-14T09:51:28","modified_gmt":"2025-01-14T08:51:28","slug":"januar-2024","status":"publish","type":"product","link":"https:\/\/dev.einaugenblick.com\/index.php\/produkt\/januar-2024\/","title":{"rendered":"Januar 2024"},"content":{"rendered":"<p><strong>Den Neubeginn akzeptieren und zelebrieren<\/strong><\/p>\n<p>Jedes Jahr aufs Neue l\u00e4dt uns der Wechsel von einem Jahr in das n\u00e4chste dazu ein, uns ganz bewusst neu auszurichten. Uns nicht mehr l\u00e4nger mit der \u201eForm des Alten\u201c aufzuhalten, indem wir immer wieder bedauern was vergangen ist und mit Angst und Misstrauen dem begegnen, was stattdessen nun zu uns kommen m\u00f6chte.<\/p>\n<p>So wenig wie Du versuchst, die im Herbst gefallenen Bl\u00e4tter wieder an den Baum zu kleben, um ihm seine \u201ealte Sch\u00f6nheit\u201c zur\u00fcck zu geben, so wenig hilfreich ist es, an etwas festzuhalten, das bereits vergangen ist. Am allerwenigsten an leidvollem, wie Unfrieden, Groll und \u00c4rger, um ihn dadurch gleich wieder mit in Dein neues Jahr zu tragen.<\/p>\n<p>Ein neues Jahr liegt nun vor uns, rein wie ein leeres, wei\u00dfes Blatt Papier. Welche Geschichte \u00fcber Dich, \u00fcber Dein Jahr und Dein Leben w\u00fcrdest Du nun gerne darauf schreiben? M\u00f6chtest Du wirklich mit \u201eCopy and paste\u201c beginnen, die alten leidvollen Geschichten zu wiederholen? Oder m\u00f6chtest Du Dich nicht lieber auf eine f\u00fcr Dich neue, positive Entwicklung einstimmen und \u201edie gefallenen Bl\u00e4tter\u201c im alten Jahr zur\u00fcck lassen? Es ist alleine Deine Wahl, die den Unterschied machen wird.<\/p>\n<p>Darum m\u00f6chte ich Dich herzlich einladen: beginne heute mit dem ersten Kapitel Deines NEUEN Lebens. Denn das Alte ist bereits Geschichte.<\/p>\n","protected":false},"excerpt":{"rendered":"<p><strong>Den Neubeginn akzeptieren und zelebrieren<\/strong><\/p>\n<p>Jedes Jahr aufs Neue l\u00e4dt uns der Wechsel von einem Jahr in das n\u00e4chste dazu ein, uns ganz bewusst neu auszurichten. Uns nicht mehr l\u00e4nger mit der \u201eForm des Alten\u201c aufzuhalten, indem wir immer wieder bedauern was vergangen ist und mit Angst und Misstrauen dem begegnen, was stattdessen nun zu uns kommen m\u00f6chte.<\/p>\n","protected":false},"featured_media":8061,"comment_status":"closed","ping_status":"closed","template":"","meta":[],"product_brand":[],"product_cat":[63],"product_tag":[],"class_list":{"0":"post-8040","1":"product","2":"type-product","3":"status-publish","4":"has-post-thumbnail","6":"product_cat-motiv-des-monats","8":"first","9":"instock","10":"shipping-taxable","11":"purchasable","12":"product-type-variable"},"_links":{"self":[{"href":"https:\/\/dev.einaugenblick.com\/index.php\/wp-json\/wp\/v2\/product\/8040","targetHints":{"allow":["GET"]}}],"collection":[{"href":"https:\/\/dev.einaugenblick.com\/index.php\/wp-json\/wp\/v2\/product"}],"about":[{"href":"https:\/\/dev.einaugenblick.com\/index.php\/wp-json\/wp\/v2\/types\/product"}],"replies":[{"embeddable":true,"href":"https:\/\/dev.einaugenblick.com\/index.php\/wp-json\/wp\/v2\/comments?post=8040"}],"version-history":[{"count":1,"href":"https:\/\/dev.einaugenblick.com\/index.php\/wp-json\/wp\/v2\/product\/8040\/revisions"}],"predecessor-version":[{"id":8062,"href":"https:\/\/dev.einaugenblick.com\/index.php\/wp-json\/wp\/v2\/product\/8040\/revisions\/8062"}],"wp:featuredmedia":[{"embeddable":true,"href":"https:\/\/dev.einaugenblick.com\/index.php\/wp-json\/wp\/v2\/media\/8061"}],"wp:attachment":[{"href":"https:\/\/dev.einaugenblick.com\/index.php\/wp-json\/wp\/v2\/media?parent=8040"}],"wp:term":[{"taxonomy":"product_brand","embeddable":true,"href":"https:\/\/dev.einaugenblick.com\/index.php\/wp-json\/wp\/v2\/product_brand?post=8040"},{"taxonomy":"product_cat","embeddable":true,"href":"https:\/\/dev.einaugenblick.com\/index.php\/wp-json\/wp\/v2\/product_cat?post=8040"},{"taxonomy":"product_tag","embeddable":true,"href":"https:\/\/dev.einaugenblick.com\/index.php\/wp-json\/wp\/v2\/product_tag?post=8040"}],"curies":[{"name":"wp","href":"https:\/\/api.w.org\/{rel}","templated":true}]}}