{"id":8044,"date":"2025-01-14T09:51:16","date_gmt":"2025-01-14T08:51:16","guid":{"rendered":"https:\/\/dev.einaugenblick.com\/?post_type=product&#038;p=8044"},"modified":"2025-01-14T09:51:23","modified_gmt":"2025-01-14T08:51:23","slug":"motiv-des-monats-mini-2023","status":"publish","type":"product","link":"https:\/\/dev.einaugenblick.com\/index.php\/produkt\/motiv-des-monats-mini-2023\/","title":{"rendered":"Motiv des Monats-Mini &#8211; 2023"},"content":{"rendered":"<p><strong>Der \u201eMotiv des Monats-Mini 2023\u201c<\/strong><\/p>\n<p>Der \u201eMotiv des Monats-Mini\u201c ist wie eine Cabrio-Fahrt durch das Jahr, w\u00e4hrend der Du Dir immer die aktuellen Monatsenergien um die Nase wehen lassen kannst. In manchen Momenten magst Du vielleicht ganz in das jeweilige Bild eintauchen, in anderen Dich dagegen von den Texten daran erinnern lassen, welch wundervolle Lehrmeisterin wir zu jeder Zeit und in allem um uns herum f\u00fcr uns finden, wenn wir die Augen daf\u00fcr offenhalten.<\/p>\n<p>Zusammengestellt aus den Motiven des Jahres 2023 aus meiner Rubrik \u201eMotiv des Monats\u201c kutschiert Dich der \u201eMini\u201c durch Dein Jahr und ist dabei doch zeitlos. Denn obwohl sich die Energien in stetiger Ver\u00e4nderung befinden, hat ihr Kreislauf dabei doch eine beruhigende Kontinuit\u00e4t, die uns stets sicher anleitet, begleitet und f\u00fchrt.<\/p>\n<p><strong>Ich w\u00fcnsche Dir damit eine wundervolle Reise durch Dein Jahr.<\/strong><\/p>\n<p>Tischaufsteller im Format 14&#215;14 cm \u2013 24 Seiten zum Umbl\u00e4ttern mit jeweils einem Monatsbild und\/oder einer Monatsbotschaft in edler Druckqualit\u00e4t auf Premium-Matt-Papier in Grammatur 250g\/m\u00b2. Der \u201eMini\u201c enth\u00e4lt <strong>KEIN<\/strong> Kalendarium<\/p>\n","protected":false},"excerpt":{"rendered":"<p><strong>Der \u201eMotiv des Monats-Mini 2023\u201c<\/strong><\/p>\n<p>Der \u201eMotiv des Monats-Mini\u201c ist wie eine Cabrio-Fahrt durch das Jahr, w\u00e4hrend der Du Dir immer die aktuellen Monatsenergien um die Nase wehen lassen kannst. In manchen Momenten magst Du vielleicht ganz in das jeweilige Bild eintauchen, in anderen Dich dagegen von den Texten daran erinnern lassen, welch wundervolle Lehrmeisterin wir zu jeder Zeit und in allem um uns herum f\u00fcr uns finden, wenn wir die Augen daf\u00fcr offenhalten.<\/p>\n","protected":false},"featured_media":7909,"comment_status":"open","ping_status":"closed","template":"","meta":[],"product_brand":[],"product_cat":[65,63],"product_tag":[],"class_list":{"0":"post-8044","1":"product","2":"type-product","3":"status-publish","4":"has-post-thumbnail","6":"product_cat-kalender","7":"product_cat-motiv-des-monats","9":"first","10":"instock","11":"shipping-taxable","12":"purchasable","13":"product-type-simple"},"_links":{"self":[{"href":"https:\/\/dev.einaugenblick.com\/index.php\/wp-json\/wp\/v2\/product\/8044","targetHints":{"allow":["GET"]}}],"collection":[{"href":"https:\/\/dev.einaugenblick.com\/index.php\/wp-json\/wp\/v2\/product"}],"about":[{"href":"https:\/\/dev.einaugenblick.com\/index.php\/wp-json\/wp\/v2\/types\/product"}],"replies":[{"embeddable":true,"href":"https:\/\/dev.einaugenblick.com\/index.php\/wp-json\/wp\/v2\/comments?post=8044"}],"version-history":[{"count":1,"href":"https:\/\/dev.einaugenblick.com\/index.php\/wp-json\/wp\/v2\/product\/8044\/revisions"}],"predecessor-version":[{"id":8063,"href":"https:\/\/dev.einaugenblick.com\/index.php\/wp-json\/wp\/v2\/product\/8044\/revisions\/8063"}],"wp:featuredmedia":[{"embeddable":true,"href":"https:\/\/dev.einaugenblick.com\/index.php\/wp-json\/wp\/v2\/media\/7909"}],"wp:attachment":[{"href":"https:\/\/dev.einaugenblick.com\/index.php\/wp-json\/wp\/v2\/media?parent=8044"}],"wp:term":[{"taxonomy":"product_brand","embeddable":true,"href":"https:\/\/dev.einaugenblick.com\/index.php\/wp-json\/wp\/v2\/product_brand?post=8044"},{"taxonomy":"product_cat","embeddable":true,"href":"https:\/\/dev.einaugenblick.com\/index.php\/wp-json\/wp\/v2\/product_cat?post=8044"},{"taxonomy":"product_tag","embeddable":true,"href":"https:\/\/dev.einaugenblick.com\/index.php\/wp-json\/wp\/v2\/product_tag?post=8044"}],"curies":[{"name":"wp","href":"https:\/\/api.w.org\/{rel}","templated":true}]}}