{"id":8045,"date":"2025-01-14T09:51:16","date_gmt":"2025-01-14T08:51:16","guid":{"rendered":"https:\/\/dev.einaugenblick.com\/?post_type=product&#038;p=8045"},"modified":"2025-01-14T09:51:24","modified_gmt":"2025-01-14T08:51:24","slug":"februar-2024","status":"publish","type":"product","link":"https:\/\/dev.einaugenblick.com\/index.php\/produkt\/februar-2024\/","title":{"rendered":"Februar 2024"},"content":{"rendered":"<p><strong>Die unsichtbaren Z\u00e4une<\/strong><\/p>\n<p>\u201eDas geht nicht!\u201c \u2013 \u201eEntweder \u2013 Oder\u201c \u2013 \u201eAlternativlos\u201c \u2013 \u201eUnm\u00f6glich!\u201c \u2013 Niemals!\u201c \u2013 \u201eIch kann das nicht\u201c \u2013 Wie soll das gehen?\u201c \u2013 \u201eSo und nicht anders\u201c \u2026<\/p>\n<p>All das sind Schilder, die fest montiert sind an den unsichtbaren Z\u00e4unen in unseren K\u00f6pfen. Wir k\u00f6nnen die Z\u00e4une zwar nicht sehen und doch sind sie augenscheinlich so stabil, dass wir st\u00e4ndig ohne Probleme zahllose Schilder an ihnen anbringen. Kleine und gro\u00dfe, unscheinbare und auff\u00e4llige, unverr\u00fcckbare und windschiefe\u2026<\/p>\n<p>Ohne den Zaun w\u00fcrde es auch die Schilder nicht geben. Und unser Blick w\u00e4re wieder frei. Frei auf den weiten Ozean der unendlichen M\u00f6glichkeiten, zu dem jederzeit auch Du Zugang hast. Genau ab dem Moment, indem Dir klar wird, dass jeder einzelne Zaun in Wahrheit nicht nur unsichtbar, sondern schlicht eine Illusion ist.<\/p>\n<p>Du kennst Deine Z\u00e4une nicht? Wei\u00dft nicht, wie Du sie abbauen und einrei\u00dfen sollst? Dann achte einfach auf die Schilder und Du bist frei! \ud83d\ude0a<\/p>\n","protected":false},"excerpt":{"rendered":"<p><strong>Die unsichtbaren Z\u00e4une<\/strong><\/p>\n<p>\u201eDas geht nicht!\u201c \u2013 \u201eEntweder \u2013 Oder\u201c \u2013 \u201eAlternativlos\u201c \u2013 \u201eUnm\u00f6glich!\u201c \u2013 Niemals!\u201c \u2013 \u201eIch kann das nicht\u201c \u2013 Wie soll das gehen?\u201c \u2013 \u201eSo und nicht anders\u201c \u2026<\/p>\n","protected":false},"featured_media":8070,"comment_status":"closed","ping_status":"closed","template":"","meta":[],"product_brand":[],"product_cat":[63],"product_tag":[],"class_list":{"0":"post-8045","1":"product","2":"type-product","3":"status-publish","4":"has-post-thumbnail","6":"product_cat-motiv-des-monats","8":"first","9":"outofstock","10":"shipping-taxable","11":"product-type-variable"},"_links":{"self":[{"href":"https:\/\/dev.einaugenblick.com\/index.php\/wp-json\/wp\/v2\/product\/8045","targetHints":{"allow":["GET"]}}],"collection":[{"href":"https:\/\/dev.einaugenblick.com\/index.php\/wp-json\/wp\/v2\/product"}],"about":[{"href":"https:\/\/dev.einaugenblick.com\/index.php\/wp-json\/wp\/v2\/types\/product"}],"replies":[{"embeddable":true,"href":"https:\/\/dev.einaugenblick.com\/index.php\/wp-json\/wp\/v2\/comments?post=8045"}],"version-history":[{"count":1,"href":"https:\/\/dev.einaugenblick.com\/index.php\/wp-json\/wp\/v2\/product\/8045\/revisions"}],"predecessor-version":[{"id":8071,"href":"https:\/\/dev.einaugenblick.com\/index.php\/wp-json\/wp\/v2\/product\/8045\/revisions\/8071"}],"wp:featuredmedia":[{"embeddable":true,"href":"https:\/\/dev.einaugenblick.com\/index.php\/wp-json\/wp\/v2\/media\/8070"}],"wp:attachment":[{"href":"https:\/\/dev.einaugenblick.com\/index.php\/wp-json\/wp\/v2\/media?parent=8045"}],"wp:term":[{"taxonomy":"product_brand","embeddable":true,"href":"https:\/\/dev.einaugenblick.com\/index.php\/wp-json\/wp\/v2\/product_brand?post=8045"},{"taxonomy":"product_cat","embeddable":true,"href":"https:\/\/dev.einaugenblick.com\/index.php\/wp-json\/wp\/v2\/product_cat?post=8045"},{"taxonomy":"product_tag","embeddable":true,"href":"https:\/\/dev.einaugenblick.com\/index.php\/wp-json\/wp\/v2\/product_tag?post=8045"}],"curies":[{"name":"wp","href":"https:\/\/api.w.org\/{rel}","templated":true}]}}