{"id":8047,"date":"2025-01-14T09:51:16","date_gmt":"2025-01-14T08:51:16","guid":{"rendered":"https:\/\/dev.einaugenblick.com\/?post_type=product&#038;p=8047"},"modified":"2025-01-14T09:51:25","modified_gmt":"2025-01-14T08:51:25","slug":"april-2024","status":"publish","type":"product","link":"https:\/\/dev.einaugenblick.com\/index.php\/produkt\/april-2024\/","title":{"rendered":"April 2024"},"content":{"rendered":"<p><strong>Unm\u00f6glich!<\/strong><\/p>\n<p><strong>EIGENTLICH<\/strong> \u2013 sagt man \u2013 ist es unm\u00f6glich.<\/p>\n<p>Am Boden der Asphalt, ein Sinnbild der Leblosigkeit und Lieblosigkeit. Darauf gebaut die Steinmauer, das Sinnbild f\u00fcr Abgrenzung, Ein- und Aussperren. Beide sind sie wahrlich keine Einladung an das Leben. Kein Paradies zur Entfaltung von individueller Sch\u00f6nheit und farbenfroher Vielf\u00e4ltigkeit.<\/p>\n<p>Und DOCH trotzen sie \u2013 jedes Jahr aufs Neue wieder \u2013 diesen ihnen (scheinbar) gesetzten \u201eGrenzen\u201c. Sie k\u00fcmmern sich nicht um dieses \u201eEIGENTLICH\u201c, sondern tun einfach nur das, wof\u00fcr sie hergekommen sind. Sie zeigen sich dabei noch nicht einmal \u201eschuldbewusst\u201c, TROTZ ihrer \u201evollkommen unpassenden\u201c Farbenpracht. Nein, einfach ungefragt wachsen sie an der Mauer entlang, aus dem \u201eleblosen\u201c Asphalt heraus.<\/p>\n<p>Ich danke meinem Nachbarn seit vielen Jahren jedes Mal aufs Neue wieder daf\u00fcr, dass er sie immer GENAU DORT stehen l\u00e4sst. Dass er akribisch seine \u201eKehrwoche\u201c um sie herum macht, um sie nicht in ihrem Auftrag zu st\u00f6ren.<\/p>\n<p><strong>EIGENTLICH<\/strong> \u2013 sagt man \u2013 ist es unm\u00f6glich. Dieses Jahr m\u00f6chte ich unbedingt auch mal den Primeln danken! Und ich habe f\u00fcr mich jetzt beschlossen, sehr viel \u00f6fter doch auch einfach mal \u201eunm\u00f6glich\u201c zu sein. Was meinst Du? Darf ich Dich einladen, dabei zu sein? \ud83d\ude09<\/p>\n","protected":false},"excerpt":{"rendered":"<p><strong>Unm\u00f6glich!<\/strong><\/p>\n<p><strong>EIGENTLICH<\/strong> \u2013 sagt man \u2013 ist es unm\u00f6glich.<\/p>\n<p>Am Boden der Asphalt, ein Sinnbild der Leblosigkeit und Lieblosigkeit. Darauf gebaut die Steinmauer, das Sinnbild f\u00fcr Abgrenzung, Ein- und Aussperren. Beide sind sie wahrlich keine Einladung an das Leben. Kein Paradies zur Entfaltung von individueller Sch\u00f6nheit und farbenfroher Vielf\u00e4ltigkeit.<\/p>\n","protected":false},"featured_media":8074,"comment_status":"closed","ping_status":"closed","template":"","meta":[],"product_brand":[],"product_cat":[63],"product_tag":[],"class_list":{"0":"post-8047","1":"product","2":"type-product","3":"status-publish","4":"has-post-thumbnail","6":"product_cat-motiv-des-monats","8":"first","9":"outofstock","10":"shipping-taxable","11":"product-type-variable"},"_links":{"self":[{"href":"https:\/\/dev.einaugenblick.com\/index.php\/wp-json\/wp\/v2\/product\/8047","targetHints":{"allow":["GET"]}}],"collection":[{"href":"https:\/\/dev.einaugenblick.com\/index.php\/wp-json\/wp\/v2\/product"}],"about":[{"href":"https:\/\/dev.einaugenblick.com\/index.php\/wp-json\/wp\/v2\/types\/product"}],"replies":[{"embeddable":true,"href":"https:\/\/dev.einaugenblick.com\/index.php\/wp-json\/wp\/v2\/comments?post=8047"}],"version-history":[{"count":1,"href":"https:\/\/dev.einaugenblick.com\/index.php\/wp-json\/wp\/v2\/product\/8047\/revisions"}],"predecessor-version":[{"id":8075,"href":"https:\/\/dev.einaugenblick.com\/index.php\/wp-json\/wp\/v2\/product\/8047\/revisions\/8075"}],"wp:featuredmedia":[{"embeddable":true,"href":"https:\/\/dev.einaugenblick.com\/index.php\/wp-json\/wp\/v2\/media\/8074"}],"wp:attachment":[{"href":"https:\/\/dev.einaugenblick.com\/index.php\/wp-json\/wp\/v2\/media?parent=8047"}],"wp:term":[{"taxonomy":"product_brand","embeddable":true,"href":"https:\/\/dev.einaugenblick.com\/index.php\/wp-json\/wp\/v2\/product_brand?post=8047"},{"taxonomy":"product_cat","embeddable":true,"href":"https:\/\/dev.einaugenblick.com\/index.php\/wp-json\/wp\/v2\/product_cat?post=8047"},{"taxonomy":"product_tag","embeddable":true,"href":"https:\/\/dev.einaugenblick.com\/index.php\/wp-json\/wp\/v2\/product_tag?post=8047"}],"curies":[{"name":"wp","href":"https:\/\/api.w.org\/{rel}","templated":true}]}}