{"id":8048,"date":"2025-01-14T09:51:16","date_gmt":"2025-01-14T08:51:16","guid":{"rendered":"https:\/\/dev.einaugenblick.com\/?post_type=product&#038;p=8048"},"modified":"2025-01-14T09:51:28","modified_gmt":"2025-01-14T08:51:28","slug":"mai-2024","status":"publish","type":"product","link":"https:\/\/dev.einaugenblick.com\/index.php\/produkt\/mai-2024\/","title":{"rendered":"Mai 2024"},"content":{"rendered":"<p><strong>Erwachen!<\/strong><\/p>\n<p>Schon zu Zeiten unserer Vorfahren, den Kelten, galt die Birke als DAS Symbol des LICHTVOLLEN Neuanfangs. Ein Symbol f\u00fcr den Fr\u00fchling, die R\u00fcckkehr des Lichts! Immer und \u00fcberall wurde sie von Herzen \u201eWillkommen!\u201c gehei\u00dfen, als Zeichen und zu Ehren von<em> \u201eBrigit<\/em>\u201c, der \u201eG\u00f6ttin des Neuanfangs\u201c (oder auch \u201eder Morgenr\u00f6te\u201c).<\/p>\n<p>Sie ist eine Pionier- oder Gr\u00fcnderpflanze und das zarte Gr\u00fcn ihrer Bl\u00e4tter ber\u00fchrt UNMITTELBAR unser Herzchakra. Mit einer Kraft, die all die Mauern, die wir um unsere Herzen herum errichtet haben, sanft aufl\u00f6sen wird, wenn Du es zul\u00e4sst. Das Wei\u00df ihres Stammes erinnert uns dabei an unsere eigene urspr\u00fcngliche Reinheit und Unschuld.<\/p>\n<p>Als Pionierpflanze legt sie keinen Wert auf kultivierten Boden oder komfortable Pl\u00e4tze. Einzig ausreichend Sonnenlicht ist ihre Bedingung, dann legt sie ihre Samen \u00fcberall dort ab, wo sie Willkommen ist oder gerade am dringendsten gebraucht wird. Auch auf scheinbar \u201etotem\u201c Grund ist sie in der Lage neue Wurzeln zu schlagen. In Nord- und Osteuropa gilt sie nicht nur deshalb auch als Baum der Liebe, des Lebens und des Gl\u00fccks.<\/p>\n<p>St\u00e4rker als jemals zuvor ist dieser Mai DEINE Einladung zur R\u00fcckerinnerung an DEIN Licht. Sollte eine Birke Deinen Weg kreuzen, dann verweile eine Weile bei ihr und lass Dich von ihrer Kraft der Erneuerung in Deinem eigenen Erwachen unterst\u00fctzen. Sie freut sich sehr, wenn Du ihr zum Dank ein kleines Geschenk dal\u00e4sst. Begegnest Du ihr mit ge\u00f6ffnetem Herzen, dann wird sie dort wertvollste Samen hinterlassen. Samen, die auch Deinen Pioniergeist wecken und Dir all das Vertrauen schenken, das Du brauchst, um Dich auf Deinen ureigenen Weg zu machen.<\/p>\n","protected":false},"excerpt":{"rendered":"<p><strong>Erwachen!<\/strong><\/p>\n<p>Schon zu Zeiten unserer Vorfahren, den Kelten, galt die Birke als DAS Symbol des LICHTVOLLEN Neuanfangs. Ein Symbol f\u00fcr den Fr\u00fchling, die R\u00fcckkehr des Lichts! Immer und \u00fcberall wurde sie von Herzen \u201eWillkommen!\u201c gehei\u00dfen, als Zeichen und zu Ehren von<em> \u201eBrigit<\/em>\u201c, der \u201eG\u00f6ttin des Neuanfangs\u201c (oder auch \u201eder Morgenr\u00f6te\u201c).<\/p>\n","protected":false},"featured_media":8076,"comment_status":"closed","ping_status":"closed","template":"","meta":[],"product_brand":[],"product_cat":[63],"product_tag":[],"class_list":{"0":"post-8048","1":"product","2":"type-product","3":"status-publish","4":"has-post-thumbnail","6":"product_cat-motiv-des-monats","8":"first","9":"instock","10":"shipping-taxable","11":"purchasable","12":"product-type-variable"},"_links":{"self":[{"href":"https:\/\/dev.einaugenblick.com\/index.php\/wp-json\/wp\/v2\/product\/8048","targetHints":{"allow":["GET"]}}],"collection":[{"href":"https:\/\/dev.einaugenblick.com\/index.php\/wp-json\/wp\/v2\/product"}],"about":[{"href":"https:\/\/dev.einaugenblick.com\/index.php\/wp-json\/wp\/v2\/types\/product"}],"replies":[{"embeddable":true,"href":"https:\/\/dev.einaugenblick.com\/index.php\/wp-json\/wp\/v2\/comments?post=8048"}],"version-history":[{"count":1,"href":"https:\/\/dev.einaugenblick.com\/index.php\/wp-json\/wp\/v2\/product\/8048\/revisions"}],"predecessor-version":[{"id":8077,"href":"https:\/\/dev.einaugenblick.com\/index.php\/wp-json\/wp\/v2\/product\/8048\/revisions\/8077"}],"wp:featuredmedia":[{"embeddable":true,"href":"https:\/\/dev.einaugenblick.com\/index.php\/wp-json\/wp\/v2\/media\/8076"}],"wp:attachment":[{"href":"https:\/\/dev.einaugenblick.com\/index.php\/wp-json\/wp\/v2\/media?parent=8048"}],"wp:term":[{"taxonomy":"product_brand","embeddable":true,"href":"https:\/\/dev.einaugenblick.com\/index.php\/wp-json\/wp\/v2\/product_brand?post=8048"},{"taxonomy":"product_cat","embeddable":true,"href":"https:\/\/dev.einaugenblick.com\/index.php\/wp-json\/wp\/v2\/product_cat?post=8048"},{"taxonomy":"product_tag","embeddable":true,"href":"https:\/\/dev.einaugenblick.com\/index.php\/wp-json\/wp\/v2\/product_tag?post=8048"}],"curies":[{"name":"wp","href":"https:\/\/api.w.org\/{rel}","templated":true}]}}