{"id":8052,"date":"2025-01-14T09:51:17","date_gmt":"2025-01-14T08:51:17","guid":{"rendered":"https:\/\/dev.einaugenblick.com\/?post_type=product&#038;p=8052"},"modified":"2025-01-14T09:51:28","modified_gmt":"2025-01-14T08:51:28","slug":"juni-2024","status":"publish","type":"product","link":"https:\/\/dev.einaugenblick.com\/index.php\/produkt\/juni-2024\/","title":{"rendered":"Juni 2024"},"content":{"rendered":"<p><strong>Lebensmut!<\/strong><\/p>\n<p>Die Amsel geh\u00f6rt zu einem der bekanntesten und wohl auch \u00e4ltesten V\u00f6gel. Sie scheint immer pr\u00e4sent zu sein und ihr Lied klingt so vielf\u00e4ltig wie das Leben. Dabei ist sie sehr anpassungsf\u00e4hig und ahmt auch gerne mal Melodien und andere V\u00f6gel in ihrem Gesang nach, wenn ihr das hilft.<\/p>\n<p>Urspr\u00fcnglich lebte die Amsel weit zur\u00fcckgezogen, in der Einsamkeit des Waldes, hat sich aber auf Grund der dort immer weniger vorhandenen Lebensr\u00e4ume, mutig auf den Weg gemacht, um auch andere Territorien f\u00fcr sich zu erobern. Heute ist sie praktisch \u00fcberall Zuhause. Morgens ist ihr Lied oft das erste und abends das letzte, mit dem sie uns erfreut und erinnern m\u00f6chte.<\/p>\n<p>Schon unsere keltischen Vorfahren verehrten sie als mystisches Tier, steht sie doch f\u00fcr den Mut zur Flexibilit\u00e4t. Daf\u00fcr sich auf ver\u00e4nderte Lebensumst\u00e4nde neugierig und offen einzulassen, dabei aber die eigene Individualit\u00e4t nicht aufzugeben. Und egal in welcher Umgebung sie sich auch aufh\u00e4lt, ist es ihr auch immer wichtig, den Genuss nicht zu vergessen. So kann sie auch einfach nur in aller Seelenruhe in der Sonne sitzen oder voller Leidenschaft und \u201espritziger\u201c Freude ein Bad nehmen.<\/p>\n<p>Ihre schwarze Farbe m\u00f6chte uns daran erinnern, immer auch die Tiefe, die Schatten mit einzubeziehen, dabei aber die gute Laune nicht zu vergessen. Leichtigkeit und Tiefe sind f\u00fcr sie keine Widerspr\u00fcche, sondern ein nat\u00fcrliches Zusammenspiel. \u201e<em>Wo Amseln br\u00fcten, da schl\u00e4gt kein Blitz ein<\/em>\u201c, sagt eine alte Bauernweisheit, vielleicht ist ja das auch einer der Gr\u00fcnde, warum wir sie gerne um uns haben.<\/p>\n<p>Sie zeigt uns jeden Tag neu, dass Flexibilit\u00e4t nicht gleichbedeutend ist mit \u201esich aufzugeben und unterzuordnen\u201c. Sondern sie steht f\u00fcr den MUT, sich OFFEN UND FREUNDVOLL auf das Leben EINZULASSEN. Magst Du Dich nicht auch von ihr zum LEBENSMUT inspirieren lassen? \ud83d\ude0a<\/p>\n","protected":false},"excerpt":{"rendered":"<p><strong>Lebensmut!<\/strong><\/p>\n<p>Die Amsel geh\u00f6rt zu einem der bekanntesten und wohl auch \u00e4ltesten V\u00f6gel. Sie scheint immer pr\u00e4sent zu sein und ihr Lied klingt so vielf\u00e4ltig wie das Leben. Dabei ist sie sehr anpassungsf\u00e4hig und ahmt auch gerne mal Melodien und andere V\u00f6gel in ihrem Gesang nach, wenn ihr das hilft.<\/p>\n","protected":false},"featured_media":8078,"comment_status":"closed","ping_status":"closed","template":"","meta":[],"product_brand":[],"product_cat":[63],"product_tag":[],"class_list":{"0":"post-8052","1":"product","2":"type-product","3":"status-publish","4":"has-post-thumbnail","6":"product_cat-motiv-des-monats","8":"first","9":"outofstock","10":"shipping-taxable","11":"product-type-variable"},"_links":{"self":[{"href":"https:\/\/dev.einaugenblick.com\/index.php\/wp-json\/wp\/v2\/product\/8052","targetHints":{"allow":["GET"]}}],"collection":[{"href":"https:\/\/dev.einaugenblick.com\/index.php\/wp-json\/wp\/v2\/product"}],"about":[{"href":"https:\/\/dev.einaugenblick.com\/index.php\/wp-json\/wp\/v2\/types\/product"}],"replies":[{"embeddable":true,"href":"https:\/\/dev.einaugenblick.com\/index.php\/wp-json\/wp\/v2\/comments?post=8052"}],"version-history":[{"count":1,"href":"https:\/\/dev.einaugenblick.com\/index.php\/wp-json\/wp\/v2\/product\/8052\/revisions"}],"predecessor-version":[{"id":8079,"href":"https:\/\/dev.einaugenblick.com\/index.php\/wp-json\/wp\/v2\/product\/8052\/revisions\/8079"}],"wp:featuredmedia":[{"embeddable":true,"href":"https:\/\/dev.einaugenblick.com\/index.php\/wp-json\/wp\/v2\/media\/8078"}],"wp:attachment":[{"href":"https:\/\/dev.einaugenblick.com\/index.php\/wp-json\/wp\/v2\/media?parent=8052"}],"wp:term":[{"taxonomy":"product_brand","embeddable":true,"href":"https:\/\/dev.einaugenblick.com\/index.php\/wp-json\/wp\/v2\/product_brand?post=8052"},{"taxonomy":"product_cat","embeddable":true,"href":"https:\/\/dev.einaugenblick.com\/index.php\/wp-json\/wp\/v2\/product_cat?post=8052"},{"taxonomy":"product_tag","embeddable":true,"href":"https:\/\/dev.einaugenblick.com\/index.php\/wp-json\/wp\/v2\/product_tag?post=8052"}],"curies":[{"name":"wp","href":"https:\/\/api.w.org\/{rel}","templated":true}]}}