{"id":8080,"date":"2025-01-14T09:51:29","date_gmt":"2025-01-14T08:51:29","guid":{"rendered":"https:\/\/dev.einaugenblick.com\/?post_type=product&#038;p=8080"},"modified":"2025-01-14T09:51:31","modified_gmt":"2025-01-14T08:51:31","slug":"juli-2024","status":"publish","type":"product","link":"https:\/\/dev.einaugenblick.com\/index.php\/produkt\/juli-2024\/","title":{"rendered":"Juli 2024"},"content":{"rendered":"<p><strong>Achtsame Aufmerksamkeit!<\/strong><\/p>\n<p>\u201e<em>Energie folgt der Aufmerksamkeit. Immer!\u201c<\/em> ist ein universelles Gesetz. Ein \u201euniverselles Gesetz\u201c bedeutet, ich kann mich dem nicht entziehen. Es wirkt immer und f\u00fcr jeden in gleicher Weise. ICH habe aber IMMER die Wahl, ob ich es F\u00dcR oder GEGEN mich einsetzen m\u00f6chte. Bin ich achtsam in der Wahl meiner Aufmerksamkeit, dann wird das Leben mir \u00fcberwiegend Geschenke machen k\u00f6nnen. Bin ich dagegen nicht achtsam mit meiner Aufmerksamkeit, macht es mir ebenfalls Geschenke. Nur tu ich mich dann wesentlich schwerer damit, diese als solche zu erkennen\u2026 \ud83d\ude09\u200b<\/p>\n<p>Dieses gesamte Jahr 2024 ist eine sehr intensive Schule darin, immer besser und tiefer zu verstehen, was dieses Gesetz GENAU bedeutet. Nicht nur in der Theorie, sondern GANZ KONKRET in der Praxis. Nicht nur im Kollektiv und auf der \u201eWeltb\u00fchne\u201c, sondern GANZ KONKRET im eigenen Leben.<\/p>\n<p>Besonders dieser Juli m\u00f6chte uns nun zeigen, dass es WIRKLICH eine Wahl, MEINE Wahl ist. Die eigene Energie bei sich zu behalten und die Aufmerksamkeit auf das zu richten, was ich M\u00d6CHTE, anstatt &#8211; wie so oft zuvor &#8211; auf das, was ich F\u00dcRCHTE. \u00a0Die Korrektur des Au\u00dfen kann immer nur stattfinden, wenn ZUVOR die Korrektur im Innen stattgefunden hat. Und DAS kann jeder t\u00e4glich f\u00fcr sich selbst tun. Dabei ist es auch vollkommen egal, wo Du herkommst oder wo Du aktuell stehst.<\/p>\n<p>B\u00fcndeln wir die Energien von Frieden, Freude und Freiheit, indem wir IHNEN die meiste Aufmerksamkeit schenken und m\u00f6glichst viele in eine Richtung schauen. Wenn JEDE(R) EINZELNE ACHTSAM damit bleibt, ob wir gerade unsere \u00c4ngste und Bef\u00fcrchtungen n\u00e4hren oder unsere Tr\u00e4ume und W\u00fcnsche, dann wird dieser Juli eine MENGE an Transformation mit sich bringen. Nicht nur in Deinem \u201ekleinen Feld\u201c, sondern auch im Gro\u00dfen. \u201e<em>Energie folgt der Aufmerksamkeit. Immer!<\/em>\u201c. Nutzt Du sie weise F\u00dcR DICH, wirst Du sehr viel mehr bewirken, als Dir vielleicht im Moment schon bewusst ist.<\/p>\n<p>Ich w\u00fcnsche Dir von Herzen einen achtsamen Juli mit viel Freude und Frieden im eigenen Herzen!<\/p>\n","protected":false},"excerpt":{"rendered":"<p><strong>Achtsame Aufmerksamkeit!<\/strong><\/p>\n<p>\u201e<em>Energie folgt der Aufmerksamkeit. Immer!\u201c<\/em> ist ein universelles Gesetz. Ein \u201euniverselles Gesetz\u201c bedeutet, ich kann mich dem nicht entziehen. Es wirkt immer und f\u00fcr jeden in gleicher Weise.<\/p>\n","protected":false},"featured_media":8098,"comment_status":"closed","ping_status":"closed","template":"","meta":[],"product_brand":[],"product_cat":[63],"product_tag":[],"class_list":{"0":"post-8080","1":"product","2":"type-product","3":"status-publish","4":"has-post-thumbnail","6":"product_cat-motiv-des-monats","8":"first","9":"outofstock","10":"shipping-taxable","11":"product-type-variable"},"_links":{"self":[{"href":"https:\/\/dev.einaugenblick.com\/index.php\/wp-json\/wp\/v2\/product\/8080","targetHints":{"allow":["GET"]}}],"collection":[{"href":"https:\/\/dev.einaugenblick.com\/index.php\/wp-json\/wp\/v2\/product"}],"about":[{"href":"https:\/\/dev.einaugenblick.com\/index.php\/wp-json\/wp\/v2\/types\/product"}],"replies":[{"embeddable":true,"href":"https:\/\/dev.einaugenblick.com\/index.php\/wp-json\/wp\/v2\/comments?post=8080"}],"version-history":[{"count":1,"href":"https:\/\/dev.einaugenblick.com\/index.php\/wp-json\/wp\/v2\/product\/8080\/revisions"}],"predecessor-version":[{"id":8099,"href":"https:\/\/dev.einaugenblick.com\/index.php\/wp-json\/wp\/v2\/product\/8080\/revisions\/8099"}],"wp:featuredmedia":[{"embeddable":true,"href":"https:\/\/dev.einaugenblick.com\/index.php\/wp-json\/wp\/v2\/media\/8098"}],"wp:attachment":[{"href":"https:\/\/dev.einaugenblick.com\/index.php\/wp-json\/wp\/v2\/media?parent=8080"}],"wp:term":[{"taxonomy":"product_brand","embeddable":true,"href":"https:\/\/dev.einaugenblick.com\/index.php\/wp-json\/wp\/v2\/product_brand?post=8080"},{"taxonomy":"product_cat","embeddable":true,"href":"https:\/\/dev.einaugenblick.com\/index.php\/wp-json\/wp\/v2\/product_cat?post=8080"},{"taxonomy":"product_tag","embeddable":true,"href":"https:\/\/dev.einaugenblick.com\/index.php\/wp-json\/wp\/v2\/product_tag?post=8080"}],"curies":[{"name":"wp","href":"https:\/\/api.w.org\/{rel}","templated":true}]}}