{"id":8081,"date":"2025-01-14T09:51:29","date_gmt":"2025-01-14T08:51:29","guid":{"rendered":"https:\/\/dev.einaugenblick.com\/?post_type=product&#038;p=8081"},"modified":"2025-01-14T09:51:32","modified_gmt":"2025-01-14T08:51:32","slug":"august-2024","status":"publish","type":"product","link":"https:\/\/dev.einaugenblick.com\/index.php\/produkt\/august-2024\/","title":{"rendered":"August 2024"},"content":{"rendered":"<p><strong>G\u00f6tterd\u00e4mmerung<\/strong><\/p>\n<p>\u201e<em>Kurz vor dem Sonnenaufgang erscheint die Nacht am dunkelsten\u201c,<\/em> sagt man. Darum hat auch jeder Sonnenaufgang eine ganz besondere Magie. Bringt er uns doch nicht nur Licht, sondern immer auch Hoffnung und Trost mit.<\/p>\n<p>Dieser Kreislauf ist so alt wie die Zeit und wird auch noch lange, nachdem wir diese sch\u00f6ne Erde wieder verlassen haben, unbeeindruckt von allen \u00e4u\u00dferen Umst\u00e4nden, weiter seine Bahnen am Firmament ziehen.\u00a0 Seine Konstanz ist das Versprechen an uns, dass alles gut wird.<\/p>\n<p>\u201e<em>Kurz vor dem Sonnenaufgang erscheint die Nacht am dunkelsten<\/em>\u201c gilt genauso auch IN UNS. Das Wissen, dass selbst in Zeiten tiefster Verzweiflung \u201edas Licht\u201c jeden Morgen NEU wieder auf uns wartet, gibt uns auch immer wieder neu die Motivation, um durchzuhalten, um aufzustehen, um weiterzugehen.<\/p>\n<p>Immer mehr m\u00f6chte aber auch \u201edas Dunkle\u201c in uns gesehen, die Schatten erhellt und unsere Seele befreit werden. Immer mehr ahnen wir, dass nur \u00fcber DAS, was wir bisher aus Angst in uns gefangen hielten, der Weg in unsere Freiheit f\u00fchrt. Und wir beginnen auch immer mehr zu verstehen, dass es \u201eda drau\u00dfen\u201c noch viel mehr gibt als das, was sich mit unserem Verstand erkl\u00e4ren l\u00e4sst.<\/p>\n<p>\u201e<em>Kurz vor dem Sonnenuntergang erscheint die Nacht am dunkelsten<\/em>\u201c. Aber die Nacht befindet sich da bereits in der Aufl\u00f6sung. Kannst Du den goldenen Streif am Horizont auch schon sehen? Dieser August m\u00f6chte Dich herzlich einladen, Deine Arme zu \u00f6ffnen und ihn in mit ALL SEINEM HEILENDEN LICHT in Deinem Leben \u201eWillkommen!\u201c zu hei\u00dfen.<\/p>\n<p>&nbsp;<\/p>\n","protected":false},"excerpt":{"rendered":"<p><strong>G\u00f6tterd\u00e4mmerung<\/strong><\/p>\n<p>\u201e<em>Kurz vor dem Sonnenaufgang erscheint die Nacht am dunkelsten\u201c,<\/em> sagt man. Darum hat auch jeder Sonnenaufgang eine ganz besondere Magie. Bringt er uns doch nicht nur Licht, sondern immer auch Hoffnung und Trost mit.<\/p>\n","protected":false},"featured_media":8100,"comment_status":"closed","ping_status":"closed","template":"","meta":[],"product_brand":[],"product_cat":[63],"product_tag":[],"class_list":{"0":"post-8081","1":"product","2":"type-product","3":"status-publish","4":"has-post-thumbnail","6":"product_cat-motiv-des-monats","8":"first","9":"outofstock","10":"shipping-taxable","11":"product-type-variable"},"_links":{"self":[{"href":"https:\/\/dev.einaugenblick.com\/index.php\/wp-json\/wp\/v2\/product\/8081","targetHints":{"allow":["GET"]}}],"collection":[{"href":"https:\/\/dev.einaugenblick.com\/index.php\/wp-json\/wp\/v2\/product"}],"about":[{"href":"https:\/\/dev.einaugenblick.com\/index.php\/wp-json\/wp\/v2\/types\/product"}],"replies":[{"embeddable":true,"href":"https:\/\/dev.einaugenblick.com\/index.php\/wp-json\/wp\/v2\/comments?post=8081"}],"version-history":[{"count":1,"href":"https:\/\/dev.einaugenblick.com\/index.php\/wp-json\/wp\/v2\/product\/8081\/revisions"}],"predecessor-version":[{"id":8101,"href":"https:\/\/dev.einaugenblick.com\/index.php\/wp-json\/wp\/v2\/product\/8081\/revisions\/8101"}],"wp:featuredmedia":[{"embeddable":true,"href":"https:\/\/dev.einaugenblick.com\/index.php\/wp-json\/wp\/v2\/media\/8100"}],"wp:attachment":[{"href":"https:\/\/dev.einaugenblick.com\/index.php\/wp-json\/wp\/v2\/media?parent=8081"}],"wp:term":[{"taxonomy":"product_brand","embeddable":true,"href":"https:\/\/dev.einaugenblick.com\/index.php\/wp-json\/wp\/v2\/product_brand?post=8081"},{"taxonomy":"product_cat","embeddable":true,"href":"https:\/\/dev.einaugenblick.com\/index.php\/wp-json\/wp\/v2\/product_cat?post=8081"},{"taxonomy":"product_tag","embeddable":true,"href":"https:\/\/dev.einaugenblick.com\/index.php\/wp-json\/wp\/v2\/product_tag?post=8081"}],"curies":[{"name":"wp","href":"https:\/\/api.w.org\/{rel}","templated":true}]}}