{"id":8082,"date":"2025-01-14T09:51:29","date_gmt":"2025-01-14T08:51:29","guid":{"rendered":"https:\/\/dev.einaugenblick.com\/?post_type=product&#038;p=8082"},"modified":"2025-01-14T09:51:33","modified_gmt":"2025-01-14T08:51:33","slug":"september-2024","status":"publish","type":"product","link":"https:\/\/dev.einaugenblick.com\/index.php\/produkt\/september-2024\/","title":{"rendered":"September 2024"},"content":{"rendered":"<p><strong>Sch\u00f6ne Aussichten<\/strong><\/p>\n<p>\u201e<em>Bitte Platz zu nehmen in DEINEM Leben<\/em>\u201c, das ist die Einladung dieses Septembers an Dich. Und zwar mit Blick auf all die SCH\u00d6NEN Aussichten, die Dich erwarten, wenn Du immer mehr damit beginnst, die Pl\u00e4tze zu verlassen, die nicht (mehr) zu Dir geh\u00f6ren. Wenn Du Dich stattdessen immer mehr und immer tiefer AUF DICH und Dein WAHRES SELBST einl\u00e4sst.<\/p>\n<p>Nat\u00fcrlich kannst Du nun bedauernd auf den abgenutzten Boden schauen, auf dem Du schon so unendlich viele Schritte gegangen bist. Nat\u00fcrlich kannst Du auch mit Dir und Deinen bisherigen Entscheidungen hadern, Dich immer wieder selbst anklagen und Dich an den \u201eSchrammen\u201c aufhalten, die das Leben dabei immer mal wieder hinterlassen hat. Selbstverst\u00e4ndlich kannst Du Dir auch weiterhin mit der Suche nach \u201eSchuldigen\u201c die Zeit vertreiben, um Dich nochmal eine Runde um Deine eigenen Anteile an den jeweiligen \u201eSpielen\u201c vorbei zu mogeln. Das kannst Du tun.<\/p>\n<p>Du kannst stattdessen aber auch voller DANKBARKEIT und Demut auf dieses ABENTEUERLICHE, BUNTE UND VOLLE Leben zur\u00fcckschauen, das als Erinnerung an Deine WAHRE Kraft eben nun mal so seine Spuren hinterlassen hat. Und aus dieser Kraft heraus kannst Du dann Deinen Blick VOLLER VORFREUDE nach vorne auf all die SCH\u00d6NEN Aussichten richten, die Dich nun erwarten werden.<\/p>\n<p>Es ist ALLEINE Deine Wahl. \ud83d\ude0a<\/p>\n","protected":false},"excerpt":{"rendered":"<p><strong>Sch\u00f6ne Aussichten<\/strong><\/p>\n<p>\u201e<em>Bitte Platz zu nehmen in DEINEM Leben<\/em>\u201c, das ist die Einladung dieses Septembers an Dich. Und zwar mit Blick auf all die SCH\u00d6NEN Aussichten, die Dich erwarten, wenn Du immer mehr damit beginnst, die Pl\u00e4tze zu verlassen, die nicht (mehr) zu Dir geh\u00f6ren. Wenn Du Dich stattdessen immer mehr und immer tiefer AUF DICH und Dein WAHRES SELBST einl\u00e4sst.<\/p>\n","protected":false},"featured_media":8102,"comment_status":"closed","ping_status":"closed","template":"","meta":[],"product_brand":[],"product_cat":[63],"product_tag":[],"class_list":{"0":"post-8082","1":"product","2":"type-product","3":"status-publish","4":"has-post-thumbnail","6":"product_cat-motiv-des-monats","8":"first","9":"outofstock","10":"shipping-taxable","11":"product-type-variable"},"_links":{"self":[{"href":"https:\/\/dev.einaugenblick.com\/index.php\/wp-json\/wp\/v2\/product\/8082","targetHints":{"allow":["GET"]}}],"collection":[{"href":"https:\/\/dev.einaugenblick.com\/index.php\/wp-json\/wp\/v2\/product"}],"about":[{"href":"https:\/\/dev.einaugenblick.com\/index.php\/wp-json\/wp\/v2\/types\/product"}],"replies":[{"embeddable":true,"href":"https:\/\/dev.einaugenblick.com\/index.php\/wp-json\/wp\/v2\/comments?post=8082"}],"version-history":[{"count":1,"href":"https:\/\/dev.einaugenblick.com\/index.php\/wp-json\/wp\/v2\/product\/8082\/revisions"}],"predecessor-version":[{"id":8103,"href":"https:\/\/dev.einaugenblick.com\/index.php\/wp-json\/wp\/v2\/product\/8082\/revisions\/8103"}],"wp:featuredmedia":[{"embeddable":true,"href":"https:\/\/dev.einaugenblick.com\/index.php\/wp-json\/wp\/v2\/media\/8102"}],"wp:attachment":[{"href":"https:\/\/dev.einaugenblick.com\/index.php\/wp-json\/wp\/v2\/media?parent=8082"}],"wp:term":[{"taxonomy":"product_brand","embeddable":true,"href":"https:\/\/dev.einaugenblick.com\/index.php\/wp-json\/wp\/v2\/product_brand?post=8082"},{"taxonomy":"product_cat","embeddable":true,"href":"https:\/\/dev.einaugenblick.com\/index.php\/wp-json\/wp\/v2\/product_cat?post=8082"},{"taxonomy":"product_tag","embeddable":true,"href":"https:\/\/dev.einaugenblick.com\/index.php\/wp-json\/wp\/v2\/product_tag?post=8082"}],"curies":[{"name":"wp","href":"https:\/\/api.w.org\/{rel}","templated":true}]}}