{"id":8230,"date":"2025-01-14T09:52:10","date_gmt":"2025-01-14T08:52:10","guid":{"rendered":"https:\/\/dev.einaugenblick.com\/?post_type=product&#038;p=8230"},"modified":"2025-01-14T09:52:16","modified_gmt":"2025-01-14T08:52:16","slug":"oktober-2024","status":"publish","type":"product","link":"https:\/\/dev.einaugenblick.com\/index.php\/produkt\/oktober-2024\/","title":{"rendered":"Oktober 2024"},"content":{"rendered":"<p><strong>Der goldene Segen<\/strong><\/p>\n<p>Der Monat des goldenen Lichts ist nun angebrochen. Alle Jahre wieder h\u00fcllt er uns ein in seinen goldenen Reigen. Ob in den Bl\u00e4ttern der Pflanzen und B\u00e4ume, der kargen Weite auf den inzwischen abgem\u00e4hten Wiesen und Feldern oder in den letzten w\u00e4rmenden Strahlen der Sonne, bevor sie nun jeden Tag ein bisschen fr\u00fcher am Horizont verschwindet.<\/p>\n<p>Wir sind \u00fcberall umgeben vom goldenen Segen des Herbstes. Der Jahreszeit, die uns aus der st\u00e4ndig belebten und bewegten Zeit des Sommers heraus entschleunigt und &#8211; in einem sanften \u00dcbergang &#8211; an die bald ruhigeren Zeiten im eigenen Zuhause heranf\u00fchrt. Es ist die Zeit des Dankens und des Abschied Nehmens. Nicht hart und pl\u00f6tzlich, aber doch klar und konsequent. Nicht fordernd, nicht verletzend, aber doch ohne faule Kompromisse, langsam hin\u00fcbergleitend in den Abschluss des Jahres.<\/p>\n<p>Der Oktober m\u00f6chte Dich auch in diesem Jahr wieder einladen, in sein goldenes Licht einzutauchen, das er nun so \u00fcppig \u00fcberall f\u00fcr Dich bereith\u00e4lt. Er bietet Dir an, Dein Herz damit aufzuf\u00fcllen und es \u2013 wie die frisch eingemachte Marmelade \u2013 als Schatz f\u00fcr Dich aufzubewahren. Als Erinnerung daran, dass es IMMER da ist, selbst wenn es manchmal f\u00fcr eine Zeit lang zu verschwinden scheint.<\/p>\n<p>Sobald Du diesen goldenen Segen einmal in Dein Herz eingeladen hast, kann ihn Dir niemand mehr nehmen.<\/p>\n","protected":false},"excerpt":{"rendered":"<p><strong>Der goldene Segen<\/strong><\/p>\n<p>Der Monat des goldenen Lichts ist nun angebrochen. Alle Jahre wieder h\u00fcllt er uns ein in seinen goldenen Reigen. Ob in den Bl\u00e4ttern der Pflanzen und B\u00e4ume, der kargen Weite auf den inzwischen abgem\u00e4hten Wiesen und Feldern oder in den letzten w\u00e4rmenden Strahlen der Sonne, bevor sie nun jeden Tag ein bisschen fr\u00fcher am Horizont verschwindet.<\/p>\n","protected":false},"featured_media":8256,"comment_status":"closed","ping_status":"closed","template":"","meta":[],"product_brand":[],"product_cat":[63],"product_tag":[],"class_list":{"0":"post-8230","1":"product","2":"type-product","3":"status-publish","4":"has-post-thumbnail","6":"product_cat-motiv-des-monats","8":"first","9":"outofstock","10":"shipping-taxable","11":"product-type-variable"},"_links":{"self":[{"href":"https:\/\/dev.einaugenblick.com\/index.php\/wp-json\/wp\/v2\/product\/8230","targetHints":{"allow":["GET"]}}],"collection":[{"href":"https:\/\/dev.einaugenblick.com\/index.php\/wp-json\/wp\/v2\/product"}],"about":[{"href":"https:\/\/dev.einaugenblick.com\/index.php\/wp-json\/wp\/v2\/types\/product"}],"replies":[{"embeddable":true,"href":"https:\/\/dev.einaugenblick.com\/index.php\/wp-json\/wp\/v2\/comments?post=8230"}],"version-history":[{"count":1,"href":"https:\/\/dev.einaugenblick.com\/index.php\/wp-json\/wp\/v2\/product\/8230\/revisions"}],"predecessor-version":[{"id":8257,"href":"https:\/\/dev.einaugenblick.com\/index.php\/wp-json\/wp\/v2\/product\/8230\/revisions\/8257"}],"wp:featuredmedia":[{"embeddable":true,"href":"https:\/\/dev.einaugenblick.com\/index.php\/wp-json\/wp\/v2\/media\/8256"}],"wp:attachment":[{"href":"https:\/\/dev.einaugenblick.com\/index.php\/wp-json\/wp\/v2\/media?parent=8230"}],"wp:term":[{"taxonomy":"product_brand","embeddable":true,"href":"https:\/\/dev.einaugenblick.com\/index.php\/wp-json\/wp\/v2\/product_brand?post=8230"},{"taxonomy":"product_cat","embeddable":true,"href":"https:\/\/dev.einaugenblick.com\/index.php\/wp-json\/wp\/v2\/product_cat?post=8230"},{"taxonomy":"product_tag","embeddable":true,"href":"https:\/\/dev.einaugenblick.com\/index.php\/wp-json\/wp\/v2\/product_tag?post=8230"}],"curies":[{"name":"wp","href":"https:\/\/api.w.org\/{rel}","templated":true}]}}