{"id":8231,"date":"2025-01-14T09:52:10","date_gmt":"2025-01-14T08:52:10","guid":{"rendered":"https:\/\/dev.einaugenblick.com\/?post_type=product&#038;p=8231"},"modified":"2025-01-14T09:52:21","modified_gmt":"2025-01-14T08:52:21","slug":"november-2024","status":"publish","type":"product","link":"https:\/\/dev.einaugenblick.com\/index.php\/produkt\/november-2024\/","title":{"rendered":"November 2024"},"content":{"rendered":"<div class=\"elementor-element elementor-element-8188825 elementor-widget elementor-widget-heading\" data-id=\"8188825\" data-element_type=\"widget\" data-widget_type=\"heading.default\">\n<div class=\"elementor-widget-container\">\n<p class=\"elementor-heading-title elementor-size-default\"><strong>Neu entflammte Lebenslust<\/strong><\/p>\n<\/div>\n<\/div>\n<div class=\"elementor-element elementor-element-a5fbaa2 elementor-widget elementor-widget-text-editor\" data-id=\"a5fbaa2\" data-element_type=\"widget\" data-widget_type=\"text-editor.default\">\n<div class=\"elementor-widget-container\">\n<p>In \u201edunklen\u201c Zeiten scheint es h\u00e4ufig so, als w\u00e4re das Feuer der Leidenschaft f\u00fcr das Leben in uns erloschen. Wir trauern dem Sommer nach und hangeln uns irgendwie von Aufgabe zu Aufgabe, von Herausforderung zu Herausforderung. Alle Energie scheint verbraucht und nur mit M\u00fche schaffen wir es gerade so, wenigstens die f\u00fcrs \u00dcBERLEBEN notwendige Energie aufzubringen.<\/p>\n<p>Was wir nicht bemerken ist, dass GENAU IN DIESEN ZEITEN tiefe Heilung in uns geschieht. Dass das Leben uns sprichw\u00f6rtlich \u201ein die Ruhe\u201c zwingt, damit sich unser Geist NICHT mehr st\u00e4ndig mit Vergleichen und Urteilen einmischt und uns damit von uns selbst ablenkt. Weil wir so schlicht keine Energie mehr \u00fcbrighaben, um uns st\u00e4ndig um andere zu k\u00fcmmern und dabei an uns selbst vorbei zu leben. Das bedeutet dann NICHT die Kapitulation vor dem Leben, sondern vor falschen Identifikationen und der st\u00e4ndigen Kraftverschwendung in irgendwelchen Ego-Ideen.<\/p>\n<p>Wenn es schlicht zu anstrengend wird, st\u00e4ndig \u201eein guter Mensch\u201c zu sein \u2013 nicht im \u00dcBERGEORDNETEN Sinne, sondern bei der Erf\u00fcllung der Erwartung anderer \u2013 DANN ist der Moment gekommen, in dem bereits schon wieder die ersten H\u00f6lzchen in die Glut Deines Lebensfeuers gelegt werden. Noch glimmt es leise vor sich hin, aber TIEF IN DIR fangen bald schon die ersten kleinen Scheite Feuer. Nach und nach breitet es sich aus, bis Du dann eines Tages seine W\u00e4rme wieder sp\u00fcren kannst.<\/p>\n<p>Die Feuer des Winters erinnern an dieses nie erl\u00f6schende Feuer in Dir. Manchmal ruht es ein bisschen, ja. Aber sein urspr\u00fcnglicher Funke brennt IMMER. Der Funke, der in Dein Herz gepflanzt wurde, bevor Du diese sch\u00f6ne Erde hier betreten hast. Der Funke, der Dich daran erinnert, WARUM Du hier bist. Gibst Du Dich IM VERTRAUEN auch solchen Zeiten und ihren Prozessen hin, dann flammt er eines Tages WIE VON SELBST wieder auf. Und dann ist auch sie wieder da, ST\u00c4RKER als jemals zuvor.<\/p>\n<p>Deine NEU entflammte Lebenslust.<\/p>\n<\/div>\n<\/div>\n","protected":false},"excerpt":{"rendered":"<div class=\"elementor-element elementor-element-8188825 elementor-widget elementor-widget-heading\" data-id=\"8188825\" data-element_type=\"widget\" data-widget_type=\"heading.default\">\n<div class=\"elementor-widget-container\">\n<p class=\"elementor-heading-title elementor-size-default\"><strong>Neu entflammte Lebenslust<\/strong><\/p>\n<\/div>\n<\/div>\n<div class=\"elementor-element elementor-element-a5fbaa2 elementor-widget elementor-widget-text-editor\" data-id=\"a5fbaa2\" data-element_type=\"widget\" data-widget_type=\"text-editor.default\">\n<div class=\"elementor-widget-container\">\n<p>In \u201edunklen\u201c Zeiten scheint es h\u00e4ufig so, als w\u00e4re das Feuer der Leidenschaft f\u00fcr das Leben in uns erloschen. Wir trauern dem Sommer nach und hangeln uns irgendwie von Aufgabe zu Aufgabe, von Herausforderung zu Herausforderung. Alle Energie scheint verbraucht und nur mit M\u00fche schaffen wir es gerade so, wenigstens die f\u00fcrs \u00dcBERLEBEN notwendige Energie aufzubringen.<\/p>\n<\/div>\n<\/div>\n","protected":false},"featured_media":8258,"comment_status":"closed","ping_status":"closed","template":"","meta":[],"product_brand":[],"product_cat":[63],"product_tag":[],"class_list":{"0":"post-8231","1":"product","2":"type-product","3":"status-publish","4":"has-post-thumbnail","6":"product_cat-motiv-des-monats","8":"first","9":"instock","10":"shipping-taxable","11":"purchasable","12":"product-type-variable"},"_links":{"self":[{"href":"https:\/\/dev.einaugenblick.com\/index.php\/wp-json\/wp\/v2\/product\/8231","targetHints":{"allow":["GET"]}}],"collection":[{"href":"https:\/\/dev.einaugenblick.com\/index.php\/wp-json\/wp\/v2\/product"}],"about":[{"href":"https:\/\/dev.einaugenblick.com\/index.php\/wp-json\/wp\/v2\/types\/product"}],"replies":[{"embeddable":true,"href":"https:\/\/dev.einaugenblick.com\/index.php\/wp-json\/wp\/v2\/comments?post=8231"}],"version-history":[{"count":1,"href":"https:\/\/dev.einaugenblick.com\/index.php\/wp-json\/wp\/v2\/product\/8231\/revisions"}],"predecessor-version":[{"id":8259,"href":"https:\/\/dev.einaugenblick.com\/index.php\/wp-json\/wp\/v2\/product\/8231\/revisions\/8259"}],"wp:featuredmedia":[{"embeddable":true,"href":"https:\/\/dev.einaugenblick.com\/index.php\/wp-json\/wp\/v2\/media\/8258"}],"wp:attachment":[{"href":"https:\/\/dev.einaugenblick.com\/index.php\/wp-json\/wp\/v2\/media?parent=8231"}],"wp:term":[{"taxonomy":"product_brand","embeddable":true,"href":"https:\/\/dev.einaugenblick.com\/index.php\/wp-json\/wp\/v2\/product_brand?post=8231"},{"taxonomy":"product_cat","embeddable":true,"href":"https:\/\/dev.einaugenblick.com\/index.php\/wp-json\/wp\/v2\/product_cat?post=8231"},{"taxonomy":"product_tag","embeddable":true,"href":"https:\/\/dev.einaugenblick.com\/index.php\/wp-json\/wp\/v2\/product_tag?post=8231"}],"curies":[{"name":"wp","href":"https:\/\/api.w.org\/{rel}","templated":true}]}}