{"id":8236,"date":"2025-01-14T09:52:11","date_gmt":"2025-01-14T08:52:11","guid":{"rendered":"https:\/\/dev.einaugenblick.com\/?post_type=product&#038;p=8236"},"modified":"2025-01-14T09:52:22","modified_gmt":"2025-01-14T08:52:22","slug":"dezember-2024","status":"publish","type":"product","link":"https:\/\/dev.einaugenblick.com\/index.php\/produkt\/dezember-2024\/","title":{"rendered":"Dezember 2024"},"content":{"rendered":"<p><strong>Zwischen L\u00e4rm und Stille<\/strong><\/p>\n<p>\u2026liegt die Einladung zum SANFTEN \u00dcbergang. Und dieser \u00dcbergang bist DU\u2026<br \/>\nSobald sich Schnee auf die Landschaft legt, zieht eine besondere Form von Stille in unsere Welt ein. Der L\u00e4rm der Alltagsger\u00e4usche scheint zwischen den Flocken mehr und mehr zu verschwinden und mit der wachsenden Schneedecke auch ein Teil unserer Probleme. Kein Wunder, freut sich nicht nur jedes Kind in der Tiefe seines Herzens dar\u00fcber, wenn die ersten Flocken fallen.<\/p>\n<p>\u201eEisesk\u00e4lte\u201c ist \u2013 wie bei allem \u2013 nie die ganze Wahrheit, kann ein und dieselbe Eisschicht doch genauso vor Erfrierungen sch\u00fctzen, wie sie bringen. Vielleicht hast Du ja als Kind auch mal versucht ein Iglu zu bauen&#8230; Und sobald \u201eausrutschen\u201c freiwillig geschieht, steht dabei DEINE FREUDE im Mittelpunkt und nicht mehr Deine Angst. Es ist also \u2013 wie immer \u2013 eine Frage DEINER Perspektive.<\/p>\n<p>Kein anderer Monat l\u00e4dt uns klarer zu einer differenzierten Wahrnehmung und GESUNDEN Balance ein, wie der Dezember. NIE erscheinen die Gegens\u00e4tze gr\u00f6\u00dfer zwischen unserem Bed\u00fcrfnis nach Stille, INNERER Einkehr und unseren \u201ePflichten\u201c in einer \u201eDauerbeschallung\u201c von au\u00dfen. Und nie ist es wertvoller, wenn Du erkennst, dass ALLEIN DU das Z\u00fcnglein an DEINER Waage bist.<\/p>\n<p>Es ben\u00f6tigt Deine BEWUSSTE Entscheidung, in DEINEM SINNE zwischen den ganz unterschiedlichen \u201eAngeboten\u201c zu w\u00e4hlen, die Dir der Dezember so vorlegt. W\u00e4hlst Du dabei immer wieder weise und NICHT mehr aus reiner Gewohnheit, dann wird ein SANFTER \u00dcbergang in die \u201eruhige Zeit\u201c ganz selbstverst\u00e4ndlich F\u00dcR DICH passieren.<\/p>\n","protected":false},"excerpt":{"rendered":"<p><strong>Zwischen L\u00e4rm und Stille<\/strong><\/p>\n<p>\u2026liegt die Einladung zum SANFTEN \u00dcbergang. Und dieser \u00dcbergang bist DU\u2026<br \/>\nSobald sich Schnee auf die Landschaft legt, zieht eine besondere Form von Stille in unsere Welt ein. Der L\u00e4rm der Alltagsger\u00e4usche scheint zwischen den Flocken mehr und mehr zu verschwinden und mit der wachsenden Schneedecke auch ein Teil unserer Probleme. Kein Wunder, freut sich nicht nur jedes Kind in der Tiefe seines Herzens dar\u00fcber, wenn die ersten Flocken fallen.<\/p>\n","protected":false},"featured_media":8262,"comment_status":"closed","ping_status":"closed","template":"","meta":[],"product_brand":[],"product_cat":[63],"product_tag":[],"class_list":{"0":"post-8236","1":"product","2":"type-product","3":"status-publish","4":"has-post-thumbnail","6":"product_cat-motiv-des-monats","8":"first","9":"instock","10":"shipping-taxable","11":"purchasable","12":"product-type-variable"},"_links":{"self":[{"href":"https:\/\/dev.einaugenblick.com\/index.php\/wp-json\/wp\/v2\/product\/8236","targetHints":{"allow":["GET"]}}],"collection":[{"href":"https:\/\/dev.einaugenblick.com\/index.php\/wp-json\/wp\/v2\/product"}],"about":[{"href":"https:\/\/dev.einaugenblick.com\/index.php\/wp-json\/wp\/v2\/types\/product"}],"replies":[{"embeddable":true,"href":"https:\/\/dev.einaugenblick.com\/index.php\/wp-json\/wp\/v2\/comments?post=8236"}],"version-history":[{"count":1,"href":"https:\/\/dev.einaugenblick.com\/index.php\/wp-json\/wp\/v2\/product\/8236\/revisions"}],"predecessor-version":[{"id":8263,"href":"https:\/\/dev.einaugenblick.com\/index.php\/wp-json\/wp\/v2\/product\/8236\/revisions\/8263"}],"wp:featuredmedia":[{"embeddable":true,"href":"https:\/\/dev.einaugenblick.com\/index.php\/wp-json\/wp\/v2\/media\/8262"}],"wp:attachment":[{"href":"https:\/\/dev.einaugenblick.com\/index.php\/wp-json\/wp\/v2\/media?parent=8236"}],"wp:term":[{"taxonomy":"product_brand","embeddable":true,"href":"https:\/\/dev.einaugenblick.com\/index.php\/wp-json\/wp\/v2\/product_brand?post=8236"},{"taxonomy":"product_cat","embeddable":true,"href":"https:\/\/dev.einaugenblick.com\/index.php\/wp-json\/wp\/v2\/product_cat?post=8236"},{"taxonomy":"product_tag","embeddable":true,"href":"https:\/\/dev.einaugenblick.com\/index.php\/wp-json\/wp\/v2\/product_tag?post=8236"}],"curies":[{"name":"wp","href":"https:\/\/api.w.org\/{rel}","templated":true}]}}