{"id":8240,"date":"2025-01-14T09:52:11","date_gmt":"2025-01-14T08:52:11","guid":{"rendered":"https:\/\/dev.einaugenblick.com\/?post_type=product&#038;p=8240"},"modified":"2025-01-14T09:52:22","modified_gmt":"2025-01-14T08:52:22","slug":"januar-2025","status":"publish","type":"product","link":"https:\/\/dev.einaugenblick.com\/index.php\/produkt\/januar-2025\/","title":{"rendered":"Januar 2025"},"content":{"rendered":"<h3><strong>Was genau ist nochmal Vertrauen?<\/strong><\/h3>\n<p>Es ist das tiefe Wissen darum, dass die Sonne auch dann scheint, wenn Du sie gerade nicht sehen kannst. Sei es in der Nacht, f\u00fcr eine Weile auf der anderen Seite des Globus oder am Tag, einfach nur verborgen hinter ein paar Wolken. Aber sie ist IMMER da.<\/p>\n<p>Es ist die Erinnerung daran, WIE OFT in Deinem Leben Du schon wieder aufgestanden bist, OBWOHL Du mehr als einmal h\u00e4ttest schw\u00f6ren k\u00f6nnen, dass Du das DIESMAL nicht mehr schaffen kannst.<br \/>\nEs ist die Kraftquelle aus Frieden und Wahrheit in Deinem Herzen, auf die Du &#8211; jenseits all des L\u00e4rms, den Dein Kopf h\u00e4ufig veranstaltet &#8211; IMMER wieder NEU zur\u00fcckgreifen und dort NEUE Kraft f\u00fcr Dich abholen kannst.<\/p>\n<p>Es ist das Geschenk, dass Du Dir immer wieder selbst machen darfst, in dem Wissen, dass Du NUR DAMIT die T\u00fcren \u00f6ffnest, damit auch die Welt Dich beschenken kann. Es ist Deine Basis f\u00fcr F\u00dcLLE.<br \/>\nEin Neues Jahr wartet auf Dich. DEIN JAHR. Ein Jahr vollgepackt mit Chancen auf DEIN Vertrauen. Du darfst es \u201eWillkommen!\u201c hei\u00dfen und alle Sch\u00e4tze daraus f\u00fcr Dich einsammeln.<\/p>\n","protected":false},"excerpt":{"rendered":"<h3><strong>Was genau ist nochmal Vertrauen?<\/strong><\/h3>\n<p>Es ist das tiefe Wissen darum, dass die Sonne auch dann scheint, wenn Du sie gerade nicht sehen kannst. Sei es in der Nacht, f\u00fcr eine Weile auf der anderen Seite des Globus oder am Tag, einfach nur verborgen hinter ein paar Wolken. Aber sie ist IMMER da.<\/p>\n","protected":false},"featured_media":8264,"comment_status":"closed","ping_status":"closed","template":"","meta":[],"product_brand":[],"product_cat":[63],"product_tag":[],"class_list":{"0":"post-8240","1":"product","2":"type-product","3":"status-publish","4":"has-post-thumbnail","6":"product_cat-motiv-des-monats","8":"first","9":"instock","10":"shipping-taxable","11":"purchasable","12":"product-type-variable"},"_links":{"self":[{"href":"https:\/\/dev.einaugenblick.com\/index.php\/wp-json\/wp\/v2\/product\/8240","targetHints":{"allow":["GET"]}}],"collection":[{"href":"https:\/\/dev.einaugenblick.com\/index.php\/wp-json\/wp\/v2\/product"}],"about":[{"href":"https:\/\/dev.einaugenblick.com\/index.php\/wp-json\/wp\/v2\/types\/product"}],"replies":[{"embeddable":true,"href":"https:\/\/dev.einaugenblick.com\/index.php\/wp-json\/wp\/v2\/comments?post=8240"}],"version-history":[{"count":1,"href":"https:\/\/dev.einaugenblick.com\/index.php\/wp-json\/wp\/v2\/product\/8240\/revisions"}],"predecessor-version":[{"id":8265,"href":"https:\/\/dev.einaugenblick.com\/index.php\/wp-json\/wp\/v2\/product\/8240\/revisions\/8265"}],"wp:featuredmedia":[{"embeddable":true,"href":"https:\/\/dev.einaugenblick.com\/index.php\/wp-json\/wp\/v2\/media\/8264"}],"wp:attachment":[{"href":"https:\/\/dev.einaugenblick.com\/index.php\/wp-json\/wp\/v2\/media?parent=8240"}],"wp:term":[{"taxonomy":"product_brand","embeddable":true,"href":"https:\/\/dev.einaugenblick.com\/index.php\/wp-json\/wp\/v2\/product_brand?post=8240"},{"taxonomy":"product_cat","embeddable":true,"href":"https:\/\/dev.einaugenblick.com\/index.php\/wp-json\/wp\/v2\/product_cat?post=8240"},{"taxonomy":"product_tag","embeddable":true,"href":"https:\/\/dev.einaugenblick.com\/index.php\/wp-json\/wp\/v2\/product_tag?post=8240"}],"curies":[{"name":"wp","href":"https:\/\/api.w.org\/{rel}","templated":true}]}}